{"id":62231,"date":"2025-02-17T13:20:06","date_gmt":"2025-02-17T13:20:06","guid":{"rendered":"https:\/\/mexpo.pl?post_type=product&#038;p=62231"},"modified":"2025-02-17T14:55:56","modified_gmt":"2025-02-17T14:55:56","slug":"okayo-c2-ladegerat","status":"publish","type":"product","link":"https:\/\/mexpo.eu\/de\/produkt\/okayo-c2-ladegerat\/","title":{"rendered":"Okayo C2 Ladeger\u00e4t"},"content":{"rendered":"<p>Dediziertes Sammelladeger\u00e4t f\u00fcr 2 Ger\u00e4te.<\/p>\n","protected":false},"excerpt":{"rendered":"<p>Dediziertes Sammelladeger\u00e4t f\u00fcr 2 Ger\u00e4te.<\/p>\n","protected":false},"featured_media":49652,"template":"","meta":{"_acf_changed":false},"product_brand":[],"product_cat":[6000,5977],"product_tag":[],"class_list":{"0":"post-62231","1":"product","2":"type-product","3":"status-publish","4":"has-post-thumbnail","6":"product_cat-ladegeraete","7":"product_cat-ladegeraete-fuer-gegensprechanlagen","9":"first","10":"instock","11":"taxable","12":"shipping-taxable","13":"purchasable","14":"product-type-simple"},"acf":[],"_links":{"self":[{"href":"https:\/\/mexpo.eu\/de\/wp-json\/wp\/v2\/product\/62231","targetHints":{"allow":["GET"]}}],"collection":[{"href":"https:\/\/mexpo.eu\/de\/wp-json\/wp\/v2\/product"}],"about":[{"href":"https:\/\/mexpo.eu\/de\/wp-json\/wp\/v2\/types\/product"}],"wp:featuredmedia":[{"embeddable":true,"href":"https:\/\/mexpo.eu\/de\/wp-json\/wp\/v2\/media\/49652"}],"wp:attachment":[{"href":"https:\/\/mexpo.eu\/de\/wp-json\/wp\/v2\/media?parent=62231"}],"wp:term":[{"taxonomy":"product_brand","embeddable":true,"href":"https:\/\/mexpo.eu\/de\/wp-json\/wp\/v2\/product_brand?post=62231"},{"taxonomy":"product_cat","embeddable":true,"href":"https:\/\/mexpo.eu\/de\/wp-json\/wp\/v2\/product_cat?post=62231"},{"taxonomy":"product_tag","embeddable":true,"href":"https:\/\/mexpo.eu\/de\/wp-json\/wp\/v2\/product_tag?post=62231"}],"curies":[{"name":"wp","href":"https:\/\/api.w.org\/{rel}","templated":true}]}}