{"id":62210,"date":"2025-02-17T13:20:04","date_gmt":"2025-02-17T13:20:04","guid":{"rendered":"https:\/\/mexpo.pl?post_type=product&#038;p=62210"},"modified":"2025-02-17T14:55:44","modified_gmt":"2025-02-17T14:55:44","slug":"personenfuhrungssystem-okayo-otg-102-sender","status":"publish","type":"product","link":"https:\/\/mexpo.eu\/de\/produkt\/personenfuhrungssystem-okayo-otg-102-sender\/","title":{"rendered":"Personenf\u00fchrungssystem &#8211; Okayo OTG-102 Sender"},"content":{"rendered":"<p>Unidirektionaler, digitaler UHF-Tourguide-Sender. 823 MHz ~ 832 MHz + 863 MHz ~ 865 MHz, 42 Kan\u00e4le. Senden von zwei Sendern auf demselben Kanal. Reichweite bis zu 100 Meter in Sichtlinie. Stromversorgung 2x AA. Der Betrieb des Senders betr\u00e4gt ca. 16 Stunden.<\/p>\n<p><strong>Okayo OTG-102 mGuide\u24c7 (US ready), das 2022 auf den Markt kommen soll, ist das bei weitem fortschrittlichste digitale Reisef\u00fchrersystem von Okayo Electronics und gleichzeitig auch das fortschrittlichste Tourguide-System auf dem Markt \u00fcberhaupt. Das von Mexpo verkaufte Modell verf\u00fcgt \u00fcber zus\u00e4tzliche Funktionen, die speziell f\u00fcr unsere Kunden vorbereitet wurden.<\/strong><\/p>\n<p><strong>1 Set &#8211; 2 Kontinente<\/strong><\/p>\n<p>Die Empf\u00e4nger des Typs OTG-102 k\u00f6nnen sowohl in Europa als auch in den Vereinigten Staaten legal betrieben werden. Kaufen Sie einfach einen zus\u00e4tzlichen Sender f\u00fcr das US-Frequenzband und stellen Sie den Bereich in den Empf\u00e4ngern um. Das war&#8217; s. F\u00fcr Reisen nach \u00dcbersee m\u00fcssen keine separaten Sets gekauft werden.<\/p>\n<p><strong>Ein einfaches System &#8211; unz\u00e4hlige M\u00f6glichkeiten<\/strong><\/p>\n<p>Dar\u00fcber hinaus ist das Okayo OTG-102 Tourguide-System mit den folgenden Funktionen ausgestattet:<\/p>\n<ul>\n<li>Senden von zwei Sendern gleichzeitig auf demselben Kanal (bis zu 1 Gruppe). Auf diese Weise k\u00f6nnen z. B. ein Reiseleiter und ein Reisef\u00fchrer gleichzeitig mit einer Gruppe kommunizieren.<\/li>\n<li>Gruppenz\u00e4hlung &#8211; \u00dcberpr\u00fcfung der Anzahl von Empf\u00e4ngern im Sendebereich des Senders &#8211; d. h. der Reisef\u00fchrer muss nicht einmal mehr alle Personen sehen, um die Gruppe zu z\u00e4hlen und zu \u00fcberpr\u00fcfen, ob jemand verloren gegangen ist.<\/li>\n<li>Ausl\u00f6sen eines Alarms aus der Ferne (Tonsignal und Vibration), um z. B. die Aufmerksamkeit der Gruppe zu wecken oder das Ende einer Pause zu signalisieren.<\/li>\n<li>Bereichsalarm &#8211; der Empf\u00e4nger informiert den Anwender, wenn er sich au\u00dferhalb der Senderreichweite befindet.<\/li>\n<\/ul>\n<p><strong>Eine Pause vom Erz\u00e4hlen? Machen Sie Musik an!<\/strong><\/p>\n<p>Der Sender verf\u00fcgt \u00fcber eine zus\u00e4tzliche 3,5-mm-Klinkenbuchse f\u00fcr den Anschluss einer zus\u00e4tzlichen Audioquelle, z. B. eines Smartphones oder MP3-Players. So k\u00f6nnen wir w\u00e4hrend einer Pause Musik oder einen zuvor aufgezeichneten Audioguide abspielen.<\/p>\n<p><strong>Tourguide-F\u00fchrungen waren noch nie so energieeffizient&#8230;<\/strong><\/p>\n<p>Die Empf\u00e4nger des Modells OTG-102 bieten die l\u00e4ngste Betriebszeit ihrer Klasse mit einer einzigen Stromversorgung (\u00fcber 40 Stunden) und k\u00f6nnen sowohl mit zwei als auch mit nur einer AA-Batterie oder einem Akku betrieben werden.<\/p>\n<p><strong>Universell einsetzbar<\/strong><\/p>\n<p>Das OTG-102-System wurde mit Blick auf Menschen mit Behinderungen (PWD) entwickelt. Das kontrastreiche OLED-Display des Senders erm\u00f6glicht eine bessere Lesbarkeit f\u00fcr Menschen mit Sehbehinderung. Ein Kopfh\u00f6reranschluss mit HAC-Option (Hearing-Aid-Compatible) an den Empf\u00e4ngern macht den angeschlossenen Kopfh\u00f6rer mit dem H\u00f6rger\u00e4t kompatibel. Spezielle Tasten erm\u00f6glichen eine einfache und intuitive Ger\u00e4tebedienung.<\/p>\n<p>Zusammen mit dem OTG-102-System bieten wir eine gro\u00dfe Auswahl an Zubeh\u00f6r wie Mikrofone, Kopfh\u00f6rer, Ladeger\u00e4te sowie Taschen und Transportkoffer an.<\/p>\n<p><strong>Anwendungsbereich:<\/strong><\/p>\n<ul>\n<li>F\u00fchrungen und organisierte Reisegruppen<\/li>\n<li>Kommunikation mit der Gruppe in einer lauten Umgebung<\/li>\n<li>Schulungen<\/li>\n<li>Simultandolmetschen<\/li>\n<li>Konferenzen und Vortr\u00e4ge<\/li>\n<li>Training<\/li>\n<\/ul>\n<p><strong>Eigenschaften des Okayo OTG-102 mGuide\u24c7:<\/strong><\/p>\n<ul>\n<li>4GFSK digitale Modulations\u00fcbertragung mit Rauschunterdr\u00fcckungstechnologie<\/li>\n<li>aktive dynamische Rauschunterdr\u00fcckung und ihre Einstellung durch den Anwender<\/li>\n<li>42 Kan\u00e4le in den Frequenzb\u00e4ndern 823 MHz ~ 832 MHz und 865 MHz ~ 863 MHz sowie US-Frequenzband<\/li>\n<li>Senden von zwei Sendern gleichzeitig auf demselben Kanal<\/li>\n<li>\u00fcber 100 Meter Reichweite<\/li>\n<li>\u00fcber 40 Stunden Empf\u00e4ngerbetrieb mit einer Stromversorgung &#8211; 2x AA Alkaline 1,5V \/ 2x AA Ni-MH 1,2V<\/li>\n<li>Sender und Empf\u00e4nger k\u00f6nnen mit einer AA-Batterie\/Akku betrieben werden<\/li>\n<li>automatische Synchronisierung und Kopplung von Empf\u00e4ngern mit dem Sender und st\u00f6rungsfreie Kanalsuchfunktion<\/li>\n<li>Auswahl ausschlie\u00dflich von Simultankan\u00e4len &#8211; Option f\u00fcr Dolmetscher und mehrere Gruppen in demselben Bereich<\/li>\n<li>3 Gruppenverwaltungsmodi: Alarm, Roll-Call, Out-of-Range Alarm<\/li>\n<li>Option zur schnellen Deaktivierung von Empf\u00e4ngern &#8211; beim Ausschalten des Senders werden die gepaarten Empf\u00e4nger sofort deaktiviert<\/li>\n<li>3,5-mm-Stereo-Aux-In-Anschluss am Sender mit Audio-Priorit\u00e4tsoption<\/li>\n<li>Hilfsmittel f\u00fcr Menschen mit Behinderungen &#8211; OLED-Display bei Sendern und HAC bei Empf\u00e4ngern<\/li>\n<\/ul>\n","protected":false},"excerpt":{"rendered":"<p>Unidirektionaler, digitaler UHF-Tourguide-Sender. 823 MHz ~ 832 MHz + 863 MHz ~ 865 MHz, 42 Kan\u00e4le. Senden von zwei Sendern auf demselben Kanal. Reichweite bis zu 100 Meter in Sichtlinie. Stromversorgung 2x AA. Der Betrieb des Senders betr\u00e4gt ca. 16 Stunden.<br \/>\n<img loading=\"lazy\" decoding=\"async\" class=\"wp-image-39434 alignleft\" src=\"https:\/\/mguide.eu\/wp-content\/uploads\/2022\/02\/2-transmitters-01.jpg\" alt=\"\" width=\"101\" height=\"80\" \/><\/p>\n","protected":false},"featured_media":51423,"template":"","meta":{"_acf_changed":false},"product_brand":[],"product_cat":[5990],"product_tag":[],"class_list":{"0":"post-62210","1":"product","2":"type-product","3":"status-publish","4":"has-post-thumbnail","6":"product_cat-sender-und-empfaenger","8":"first","9":"instock","10":"taxable","11":"shipping-taxable","12":"purchasable","13":"product-type-variable"},"acf":[],"_links":{"self":[{"href":"https:\/\/mexpo.eu\/de\/wp-json\/wp\/v2\/product\/62210","targetHints":{"allow":["GET"]}}],"collection":[{"href":"https:\/\/mexpo.eu\/de\/wp-json\/wp\/v2\/product"}],"about":[{"href":"https:\/\/mexpo.eu\/de\/wp-json\/wp\/v2\/types\/product"}],"wp:featuredmedia":[{"embeddable":true,"href":"https:\/\/mexpo.eu\/de\/wp-json\/wp\/v2\/media\/51423"}],"wp:attachment":[{"href":"https:\/\/mexpo.eu\/de\/wp-json\/wp\/v2\/media?parent=62210"}],"wp:term":[{"taxonomy":"product_brand","embeddable":true,"href":"https:\/\/mexpo.eu\/de\/wp-json\/wp\/v2\/product_brand?post=62210"},{"taxonomy":"product_cat","embeddable":true,"href":"https:\/\/mexpo.eu\/de\/wp-json\/wp\/v2\/product_cat?post=62210"},{"taxonomy":"product_tag","embeddable":true,"href":"https:\/\/mexpo.eu\/de\/wp-json\/wp\/v2\/product_tag?post=62210"}],"curies":[{"name":"wp","href":"https:\/\/api.w.org\/{rel}","templated":true}]}}