{"id":62175,"date":"2025-02-17T13:19:41","date_gmt":"2025-02-17T13:19:41","guid":{"rendered":"https:\/\/mexpo.pl?post_type=product&#038;p=62175"},"modified":"2025-02-17T14:55:26","modified_gmt":"2025-02-17T14:55:26","slug":"okayo-hdc-502-ladegerat","status":"publish","type":"product","link":"https:\/\/mexpo.eu\/de\/produkt\/okayo-hdc-502-ladegerat\/","title":{"rendered":"Okayo HDC-502 Ladeger\u00e4t"},"content":{"rendered":"<p>Desktop-Ladeger\u00e4t mit 2 Steckpl\u00e4tzen.<\/p>\n","protected":false},"excerpt":{"rendered":"<p>Desktop-Ladeger\u00e4t mit 2 Steckpl\u00e4tzen.<\/p>\n","protected":false},"featured_media":49622,"template":"","meta":{"_acf_changed":false},"product_brand":[],"product_cat":[6000],"product_tag":[],"class_list":{"0":"post-62175","1":"product","2":"type-product","3":"status-publish","4":"has-post-thumbnail","6":"product_cat-ladegeraete","8":"first","9":"outofstock","10":"taxable","11":"shipping-taxable","12":"purchasable","13":"product-type-simple"},"acf":[],"_links":{"self":[{"href":"https:\/\/mexpo.eu\/de\/wp-json\/wp\/v2\/product\/62175","targetHints":{"allow":["GET"]}}],"collection":[{"href":"https:\/\/mexpo.eu\/de\/wp-json\/wp\/v2\/product"}],"about":[{"href":"https:\/\/mexpo.eu\/de\/wp-json\/wp\/v2\/types\/product"}],"wp:featuredmedia":[{"embeddable":true,"href":"https:\/\/mexpo.eu\/de\/wp-json\/wp\/v2\/media\/49622"}],"wp:attachment":[{"href":"https:\/\/mexpo.eu\/de\/wp-json\/wp\/v2\/media?parent=62175"}],"wp:term":[{"taxonomy":"product_brand","embeddable":true,"href":"https:\/\/mexpo.eu\/de\/wp-json\/wp\/v2\/product_brand?post=62175"},{"taxonomy":"product_cat","embeddable":true,"href":"https:\/\/mexpo.eu\/de\/wp-json\/wp\/v2\/product_cat?post=62175"},{"taxonomy":"product_tag","embeddable":true,"href":"https:\/\/mexpo.eu\/de\/wp-json\/wp\/v2\/product_tag?post=62175"}],"curies":[{"name":"wp","href":"https:\/\/api.w.org\/{rel}","templated":true}]}}