{"id":62161,"date":"2025-02-17T13:19:23","date_gmt":"2025-02-17T13:19:23","guid":{"rendered":"https:\/\/mexpo.pl?post_type=product&#038;p=62161"},"modified":"2025-02-17T14:55:18","modified_gmt":"2025-02-17T14:55:18","slug":"okayo-c24-ladegerat","status":"publish","type":"product","link":"https:\/\/mexpo.eu\/de\/produkt\/okayo-c24-ladegerat\/","title":{"rendered":"Okayo C24 Ladeger\u00e4t"},"content":{"rendered":"<p>Dediziertes, station\u00e4res Sammelladeger\u00e4t f\u00fcr 24 Ger\u00e4te. Eingebautes Bedienfeld mit LCD-Bildschirm erm\u00f6glicht die Auswahl und Synchronisierung von Ger\u00e4tekan\u00e4len im Ladeger\u00e4t.<\/p>\n","protected":false},"excerpt":{"rendered":"<p>Dediziertes, station\u00e4res Sammelladeger\u00e4t f\u00fcr 24 Ger\u00e4te. Eingebautes Bedienfeld mit LCD-Bildschirm erm\u00f6glicht die Auswahl und Synchronisierung von Ger\u00e4tekan\u00e4len im Ladeger\u00e4t.<\/p>\n","protected":false},"featured_media":49610,"template":"","meta":{"_acf_changed":false},"product_brand":[],"product_cat":[6000],"product_tag":[],"class_list":{"0":"post-62161","1":"product","2":"type-product","3":"status-publish","4":"has-post-thumbnail","6":"product_cat-ladegeraete","8":"first","9":"instock","10":"taxable","11":"shipping-taxable","12":"purchasable","13":"product-type-simple"},"acf":[],"_links":{"self":[{"href":"https:\/\/mexpo.eu\/de\/wp-json\/wp\/v2\/product\/62161","targetHints":{"allow":["GET"]}}],"collection":[{"href":"https:\/\/mexpo.eu\/de\/wp-json\/wp\/v2\/product"}],"about":[{"href":"https:\/\/mexpo.eu\/de\/wp-json\/wp\/v2\/types\/product"}],"wp:featuredmedia":[{"embeddable":true,"href":"https:\/\/mexpo.eu\/de\/wp-json\/wp\/v2\/media\/49610"}],"wp:attachment":[{"href":"https:\/\/mexpo.eu\/de\/wp-json\/wp\/v2\/media?parent=62161"}],"wp:term":[{"taxonomy":"product_brand","embeddable":true,"href":"https:\/\/mexpo.eu\/de\/wp-json\/wp\/v2\/product_brand?post=62161"},{"taxonomy":"product_cat","embeddable":true,"href":"https:\/\/mexpo.eu\/de\/wp-json\/wp\/v2\/product_cat?post=62161"},{"taxonomy":"product_tag","embeddable":true,"href":"https:\/\/mexpo.eu\/de\/wp-json\/wp\/v2\/product_tag?post=62161"}],"curies":[{"name":"wp","href":"https:\/\/api.w.org\/{rel}","templated":true}]}}