{"id":62135,"date":"2025-02-17T13:19:04","date_gmt":"2025-02-17T13:19:04","guid":{"rendered":"https:\/\/mexpo.pl?post_type=product&#038;p=62135"},"modified":"2025-02-17T14:55:10","modified_gmt":"2025-02-17T14:55:10","slug":"einweg-kopfhorer-sj-6","status":"publish","type":"product","link":"https:\/\/mexpo.eu\/de\/produkt\/einweg-kopfhorer-sj-6\/","title":{"rendered":"Einweg-Kopfh\u00f6rer SJ-6"},"content":{"rendered":"<p>Der einzelne Einweg-Kopfh\u00f6rer SJ-6 ist mit einem Gummipolster ausgestattet, das sich der Form des Ohres besser anpasst und den Komfort bei l\u00e4ngerem Gebrauch erh\u00f6ht. Der Kopfh\u00f6rer ist sowohl f\u00fcr das linke als auch f\u00fcr das rechte Ohr geeignet.<\/p>\n","protected":false},"excerpt":{"rendered":"<p>SJ-6 Einwegkopfh\u00f6rer, Gummikissen, schwarze Farbe, ABS-Material, Lautsprechergr\u00f6\u00dfe 10 mm, Effizienz\/Empfindlichkeit 99-105 dB. Kompatibilit\u00e4t Okayo WT-300 G2, Okayo WT-350, mGuide DLR-01, mGuide Pellegrino, mGuide Pellegrino 2.<\/p>\n","protected":false},"featured_media":49583,"template":"","meta":{"_acf_changed":false},"product_brand":[],"product_cat":[5994,5996],"product_tag":[],"class_list":{"0":"post-62135","1":"product","2":"type-product","3":"status-publish","4":"has-post-thumbnail","6":"product_cat-hygiene-kopfhoerer-einwegkopfhoerer","7":"product_cat-hygiene-kopfhoerer-einwegkopfhoerer-de","9":"first","10":"instock","11":"taxable","12":"shipping-taxable","13":"purchasable","14":"product-type-variable"},"acf":[],"_links":{"self":[{"href":"https:\/\/mexpo.eu\/de\/wp-json\/wp\/v2\/product\/62135","targetHints":{"allow":["GET"]}}],"collection":[{"href":"https:\/\/mexpo.eu\/de\/wp-json\/wp\/v2\/product"}],"about":[{"href":"https:\/\/mexpo.eu\/de\/wp-json\/wp\/v2\/types\/product"}],"wp:featuredmedia":[{"embeddable":true,"href":"https:\/\/mexpo.eu\/de\/wp-json\/wp\/v2\/media\/49583"}],"wp:attachment":[{"href":"https:\/\/mexpo.eu\/de\/wp-json\/wp\/v2\/media?parent=62135"}],"wp:term":[{"taxonomy":"product_brand","embeddable":true,"href":"https:\/\/mexpo.eu\/de\/wp-json\/wp\/v2\/product_brand?post=62135"},{"taxonomy":"product_cat","embeddable":true,"href":"https:\/\/mexpo.eu\/de\/wp-json\/wp\/v2\/product_cat?post=62135"},{"taxonomy":"product_tag","embeddable":true,"href":"https:\/\/mexpo.eu\/de\/wp-json\/wp\/v2\/product_tag?post=62135"}],"curies":[{"name":"wp","href":"https:\/\/api.w.org\/{rel}","templated":true}]}}