{"id":62126,"date":"2025-02-17T13:19:03","date_gmt":"2025-02-17T13:19:03","guid":{"rendered":"https:\/\/mexpo.pl?post_type=product&#038;p=62126"},"modified":"2025-02-17T14:55:06","modified_gmt":"2025-02-17T14:55:06","slug":"he-085-headset-mikrofon-headset","status":"publish","type":"product","link":"https:\/\/mexpo.eu\/de\/produkt\/he-085-headset-mikrofon-headset\/","title":{"rendered":"HE-085 Headset (Mikrofon-Headset)"},"content":{"rendered":"<p>Headset mit Nackenb\u00fcgel (erm\u00f6glicht die gleichzeitige Verwendung eines Schutzhelms und eines schweren Headsets). Ger\u00e4uschunterdr\u00fcckung, ausgestattet mit Over-Ear-Kopfh\u00f6rern mit zwei Ohrmuscheln (Ger\u00e4uschisolierung bis 29 db). Es verf\u00fcgt \u00fcber ein integriertes B\u00fcgelmikrofon, das die Verwendung einer Freisprecheinrichtung in Umgebungen mit hohem L\u00e4rmpegel erm\u00f6glicht.<\/p>\n","protected":false},"excerpt":{"rendered":"<p>Headset (Kopfh\u00f6rer und Mikrofon) HE-085. Ger\u00e4uschreduzierung, ausgestattet mit On-Ear-Kopfh\u00f6rern mit zwei Ohrmuscheln (Ger\u00e4uschisolierung bis zu 29 dB). Eingebautes Boom-Mikrofon. Kompatibilit\u00e4t Axiwi, Okayo FreeCom.<\/p>\n","protected":false},"featured_media":49574,"template":"","meta":{"_acf_changed":false},"product_brand":[],"product_cat":[5197],"product_tag":[],"class_list":{"0":"post-62126","1":"product","2":"type-product","3":"status-publish","4":"has-post-thumbnail","6":"product_cat-headsets-intercom-systeme","8":"first","9":"instock","10":"taxable","11":"shipping-taxable","12":"purchasable","13":"product-type-simple"},"acf":[],"_links":{"self":[{"href":"https:\/\/mexpo.eu\/de\/wp-json\/wp\/v2\/product\/62126","targetHints":{"allow":["GET"]}}],"collection":[{"href":"https:\/\/mexpo.eu\/de\/wp-json\/wp\/v2\/product"}],"about":[{"href":"https:\/\/mexpo.eu\/de\/wp-json\/wp\/v2\/types\/product"}],"wp:featuredmedia":[{"embeddable":true,"href":"https:\/\/mexpo.eu\/de\/wp-json\/wp\/v2\/media\/49574"}],"wp:attachment":[{"href":"https:\/\/mexpo.eu\/de\/wp-json\/wp\/v2\/media?parent=62126"}],"wp:term":[{"taxonomy":"product_brand","embeddable":true,"href":"https:\/\/mexpo.eu\/de\/wp-json\/wp\/v2\/product_brand?post=62126"},{"taxonomy":"product_cat","embeddable":true,"href":"https:\/\/mexpo.eu\/de\/wp-json\/wp\/v2\/product_cat?post=62126"},{"taxonomy":"product_tag","embeddable":true,"href":"https:\/\/mexpo.eu\/de\/wp-json\/wp\/v2\/product_tag?post=62126"}],"curies":[{"name":"wp","href":"https:\/\/api.w.org\/{rel}","templated":true}]}}