{"id":62119,"date":"2025-02-17T13:19:02","date_gmt":"2025-02-17T13:19:02","guid":{"rendered":"https:\/\/mexpo.pl?post_type=product&#038;p=62119"},"modified":"2025-02-17T14:55:02","modified_gmt":"2025-02-17T14:55:02","slug":"he-080-headset-mikrofon-headset","status":"publish","type":"product","link":"https:\/\/mexpo.eu\/de\/produkt\/he-080-headset-mikrofon-headset\/","title":{"rendered":"HE-080 Headset (Mikrofon-Headset)"},"content":{"rendered":"<p>Noise Cancelling-Headset (Ger\u00e4uschisolierung bis 29 db), ideal f\u00fcr die industrielle Kommunikation. Es verf\u00fcgt \u00fcber ein integriertes B\u00fcgelmikrofon, das die Verwendung einer Freisprecheinrichtung in Umgebungen mit hohem L\u00e4rmpegel erm\u00f6glicht.<\/p>\n","protected":false},"excerpt":{"rendered":"<p>Headset (Headset und Mikrofon) HE-080 mit Ger\u00e4uschreduzierung (bis zu 29 dB), ideal f\u00fcr die Kommunikation in der Industrie. Integriertes B\u00fcgelmikrofon f\u00fcr freih\u00e4ndige Nutzung in Umgebungen mit hohem L\u00e4rmpegel.<\/p>\n","protected":false},"featured_media":49562,"template":"","meta":{"_acf_changed":false},"product_brand":[],"product_cat":[5197],"product_tag":[],"class_list":{"0":"post-62119","1":"product","2":"type-product","3":"status-publish","4":"has-post-thumbnail","6":"product_cat-headsets-intercom-systeme","8":"first","9":"instock","10":"taxable","11":"shipping-taxable","12":"purchasable","13":"product-type-simple"},"acf":[],"_links":{"self":[{"href":"https:\/\/mexpo.eu\/de\/wp-json\/wp\/v2\/product\/62119","targetHints":{"allow":["GET"]}}],"collection":[{"href":"https:\/\/mexpo.eu\/de\/wp-json\/wp\/v2\/product"}],"about":[{"href":"https:\/\/mexpo.eu\/de\/wp-json\/wp\/v2\/types\/product"}],"wp:featuredmedia":[{"embeddable":true,"href":"https:\/\/mexpo.eu\/de\/wp-json\/wp\/v2\/media\/49562"}],"wp:attachment":[{"href":"https:\/\/mexpo.eu\/de\/wp-json\/wp\/v2\/media?parent=62119"}],"wp:term":[{"taxonomy":"product_brand","embeddable":true,"href":"https:\/\/mexpo.eu\/de\/wp-json\/wp\/v2\/product_brand?post=62119"},{"taxonomy":"product_cat","embeddable":true,"href":"https:\/\/mexpo.eu\/de\/wp-json\/wp\/v2\/product_cat?post=62119"},{"taxonomy":"product_tag","embeddable":true,"href":"https:\/\/mexpo.eu\/de\/wp-json\/wp\/v2\/product_tag?post=62119"}],"curies":[{"name":"wp","href":"https:\/\/api.w.org\/{rel}","templated":true}]}}