{"id":62084,"date":"2025-02-17T13:18:43","date_gmt":"2025-02-17T12:18:43","guid":{"rendered":"https:\/\/mexpo.pl?post_type=product&#038;p=62084"},"modified":"2025-02-17T14:54:39","modified_gmt":"2025-02-17T14:54:39","slug":"he-010-headset-mikrofon-headset","status":"publish","type":"product","link":"https:\/\/mexpo.eu\/de\/produkt\/he-010-headset-mikrofon-headset\/","title":{"rendered":"HE-010 Headset (Mikrofon-Headset)"},"content":{"rendered":"<p>Gute Klangqualit\u00e4t und toller Tragekomfort. Es hat einen universellen Kopfh\u00f6rer. Enth\u00e4lt 3 universelle Ohrh\u00f6rer, die in jedes Ohr passen.<\/p>\n","protected":false},"excerpt":{"rendered":"<p>Headset (Kopfh\u00f6rer und Mikrofon) HE-010, gute Klangqualit\u00e4t und hoher Tragekomfort. Es verf\u00fcgt \u00fcber ein universelles Mobilteil. Enth\u00e4lt Ohrh\u00f6rer in 3 Universalgr\u00f6\u00dfen.<\/p>\n","protected":false},"featured_media":49541,"template":"","meta":{"_acf_changed":false},"product_brand":[],"product_cat":[5197],"product_tag":[],"class_list":{"0":"post-62084","1":"product","2":"type-product","3":"status-publish","4":"has-post-thumbnail","6":"product_cat-headsets-intercom-systeme","8":"first","9":"instock","10":"taxable","11":"shipping-taxable","12":"purchasable","13":"product-type-simple"},"acf":[],"_links":{"self":[{"href":"https:\/\/mexpo.eu\/de\/wp-json\/wp\/v2\/product\/62084","targetHints":{"allow":["GET"]}}],"collection":[{"href":"https:\/\/mexpo.eu\/de\/wp-json\/wp\/v2\/product"}],"about":[{"href":"https:\/\/mexpo.eu\/de\/wp-json\/wp\/v2\/types\/product"}],"wp:featuredmedia":[{"embeddable":true,"href":"https:\/\/mexpo.eu\/de\/wp-json\/wp\/v2\/media\/49541"}],"wp:attachment":[{"href":"https:\/\/mexpo.eu\/de\/wp-json\/wp\/v2\/media?parent=62084"}],"wp:term":[{"taxonomy":"product_brand","embeddable":true,"href":"https:\/\/mexpo.eu\/de\/wp-json\/wp\/v2\/product_brand?post=62084"},{"taxonomy":"product_cat","embeddable":true,"href":"https:\/\/mexpo.eu\/de\/wp-json\/wp\/v2\/product_cat?post=62084"},{"taxonomy":"product_tag","embeddable":true,"href":"https:\/\/mexpo.eu\/de\/wp-json\/wp\/v2\/product_tag?post=62084"}],"curies":[{"name":"wp","href":"https:\/\/api.w.org\/{rel}","templated":true}]}}