{"id":62077,"date":"2025-02-17T13:18:42","date_gmt":"2025-02-17T12:18:42","guid":{"rendered":"https:\/\/mexpo.pl?post_type=product&#038;p=62077"},"modified":"2025-02-17T14:54:32","modified_gmt":"2025-02-17T14:54:32","slug":"he-009-headset-mikrofon-headset","status":"publish","type":"product","link":"https:\/\/mexpo.eu\/de\/produkt\/he-009-headset-mikrofon-headset\/","title":{"rendered":"HE-009 Headset (Mikrofon-Headset)"},"content":{"rendered":"<p>Einfaches In-Ear-Sport-Headset. Es kann sowohl f\u00fcr das rechte als auch f\u00fcr das linke Ohr verwendet werden, was es universell macht.<\/p>\n","protected":false},"excerpt":{"rendered":"<p>Headset (Kopfh\u00f6rer und Mikrofon) HE-009, einfaches In-Ear-Sport-Headset. Wird sowohl f\u00fcr das rechte als auch f\u00fcr das linke Ohr verwendet und ist daher universell einsetzbar.<\/p>\n","protected":false},"featured_media":49519,"template":"","meta":{"_acf_changed":false},"product_brand":[],"product_cat":[5197],"product_tag":[],"class_list":{"0":"post-62077","1":"product","2":"type-product","3":"status-publish","4":"has-post-thumbnail","6":"product_cat-headsets-intercom-systeme","8":"first","9":"instock","10":"taxable","11":"shipping-taxable","12":"purchasable","13":"product-type-simple"},"acf":[],"_links":{"self":[{"href":"https:\/\/mexpo.eu\/de\/wp-json\/wp\/v2\/product\/62077","targetHints":{"allow":["GET"]}}],"collection":[{"href":"https:\/\/mexpo.eu\/de\/wp-json\/wp\/v2\/product"}],"about":[{"href":"https:\/\/mexpo.eu\/de\/wp-json\/wp\/v2\/types\/product"}],"wp:featuredmedia":[{"embeddable":true,"href":"https:\/\/mexpo.eu\/de\/wp-json\/wp\/v2\/media\/49519"}],"wp:attachment":[{"href":"https:\/\/mexpo.eu\/de\/wp-json\/wp\/v2\/media?parent=62077"}],"wp:term":[{"taxonomy":"product_brand","embeddable":true,"href":"https:\/\/mexpo.eu\/de\/wp-json\/wp\/v2\/product_brand?post=62077"},{"taxonomy":"product_cat","embeddable":true,"href":"https:\/\/mexpo.eu\/de\/wp-json\/wp\/v2\/product_cat?post=62077"},{"taxonomy":"product_tag","embeddable":true,"href":"https:\/\/mexpo.eu\/de\/wp-json\/wp\/v2\/product_tag?post=62077"}],"curies":[{"name":"wp","href":"https:\/\/api.w.org\/{rel}","templated":true}]}}