{"id":62056,"date":"2025-02-17T13:18:24","date_gmt":"2025-02-17T12:18:24","guid":{"rendered":"https:\/\/mexpo.pl?post_type=product&#038;p=62056"},"modified":"2025-02-17T14:54:19","modified_gmt":"2025-02-17T14:54:19","slug":"he-003-headset-mikrofon-headset","status":"publish","type":"product","link":"https:\/\/mexpo.eu\/de\/produkt\/he-003-headset-mikrofon-headset\/","title":{"rendered":"HE-003 Headset (Mikrofon-Headset)"},"content":{"rendered":"<p>Kombination aus H\u00f6rmuschel und Kugelmikrofon. Durch die Form des Buchstabens D \u00fcber dem Ohr ist der Kopfh\u00f6rer angenehm zu tragen. Dank der bequemen Passform ist es f\u00fcr den Dauereinsatz geeignet. Der Ohrh\u00f6rer kann links oder rechts getragen werden.<\/p>\n","protected":false},"excerpt":{"rendered":"<p>HE-003 Headset, Kombination aus Ohrh\u00f6rer und Kugelmikrofon. Bequem in der Anwendung, f\u00fcr den Langzeitgebrauch. F\u00fcr das rechte und linke Ohr.<\/p>\n","protected":false},"featured_media":49501,"template":"","meta":{"_acf_changed":false},"product_brand":[],"product_cat":[5197],"product_tag":[],"class_list":{"0":"post-62056","1":"product","2":"type-product","3":"status-publish","4":"has-post-thumbnail","6":"product_cat-headsets-intercom-systeme","8":"first","9":"instock","10":"taxable","11":"shipping-taxable","12":"purchasable","13":"product-type-simple"},"acf":[],"_links":{"self":[{"href":"https:\/\/mexpo.eu\/de\/wp-json\/wp\/v2\/product\/62056","targetHints":{"allow":["GET"]}}],"collection":[{"href":"https:\/\/mexpo.eu\/de\/wp-json\/wp\/v2\/product"}],"about":[{"href":"https:\/\/mexpo.eu\/de\/wp-json\/wp\/v2\/types\/product"}],"wp:featuredmedia":[{"embeddable":true,"href":"https:\/\/mexpo.eu\/de\/wp-json\/wp\/v2\/media\/49501"}],"wp:attachment":[{"href":"https:\/\/mexpo.eu\/de\/wp-json\/wp\/v2\/media?parent=62056"}],"wp:term":[{"taxonomy":"product_brand","embeddable":true,"href":"https:\/\/mexpo.eu\/de\/wp-json\/wp\/v2\/product_brand?post=62056"},{"taxonomy":"product_cat","embeddable":true,"href":"https:\/\/mexpo.eu\/de\/wp-json\/wp\/v2\/product_cat?post=62056"},{"taxonomy":"product_tag","embeddable":true,"href":"https:\/\/mexpo.eu\/de\/wp-json\/wp\/v2\/product_tag?post=62056"}],"curies":[{"name":"wp","href":"https:\/\/api.w.org\/{rel}","templated":true}]}}