{"id":62042,"date":"2025-02-17T13:18:07","date_gmt":"2025-02-17T13:18:07","guid":{"rendered":"https:\/\/mexpo.pl?post_type=product&#038;p=62042"},"modified":"2025-02-17T14:54:12","modified_gmt":"2025-02-17T14:54:12","slug":"tm01-mg-headset-mikrofon-headset","status":"publish","type":"product","link":"https:\/\/mexpo.eu\/de\/produkt\/tm01-mg-headset-mikrofon-headset\/","title":{"rendered":"TM01-MG Headset (Mikrofon-Headset)"},"content":{"rendered":"<p>Kehlkopfmikrofon ist die L\u00f6sung in Situationen mit viel Umgebungsger\u00e4uschen oder der Anforderung, das Gesicht zu bedecken. Ein Teil des Mikrofons sitzt eng um Ihren Hals, um die meisten Umgebungsger\u00e4usche auszublenden. Die robuste Konstruktion macht es leicht und angenehm zu tragen. Es hat einen &#8220;Stumm&#8221;-Knopf.<\/p>\n","protected":false},"excerpt":{"rendered":"<p>Headset (Kopfh\u00f6rer und Mikrofon) TM01-MG, Kehlkopfmikrofon. haftet am Hals und blockiert die meisten Umgebungsger\u00e4usche. Robuste Konstruktion, sorgt f\u00fcr Leichtigkeit und Tragekomfort. Es verf\u00fcgt \u00fcber eine \u201eStumm\u201c-Taste. Mark Maytel. Kompatibilit\u00e4t mit Maytel Grand Multicom.<\/p>\n","protected":false},"featured_media":49456,"template":"","meta":{"_acf_changed":false},"product_brand":[],"product_cat":[5197],"product_tag":[],"class_list":{"0":"post-62042","1":"product","2":"type-product","3":"status-publish","4":"has-post-thumbnail","6":"product_cat-headsets-intercom-systeme","8":"first","9":"instock","10":"taxable","11":"shipping-taxable","12":"purchasable","13":"product-type-simple"},"acf":[],"_links":{"self":[{"href":"https:\/\/mexpo.eu\/de\/wp-json\/wp\/v2\/product\/62042","targetHints":{"allow":["GET"]}}],"collection":[{"href":"https:\/\/mexpo.eu\/de\/wp-json\/wp\/v2\/product"}],"about":[{"href":"https:\/\/mexpo.eu\/de\/wp-json\/wp\/v2\/types\/product"}],"wp:featuredmedia":[{"embeddable":true,"href":"https:\/\/mexpo.eu\/de\/wp-json\/wp\/v2\/media\/49456"}],"wp:attachment":[{"href":"https:\/\/mexpo.eu\/de\/wp-json\/wp\/v2\/media?parent=62042"}],"wp:term":[{"taxonomy":"product_brand","embeddable":true,"href":"https:\/\/mexpo.eu\/de\/wp-json\/wp\/v2\/product_brand?post=62042"},{"taxonomy":"product_cat","embeddable":true,"href":"https:\/\/mexpo.eu\/de\/wp-json\/wp\/v2\/product_cat?post=62042"},{"taxonomy":"product_tag","embeddable":true,"href":"https:\/\/mexpo.eu\/de\/wp-json\/wp\/v2\/product_tag?post=62042"}],"curies":[{"name":"wp","href":"https:\/\/api.w.org\/{rel}","templated":true}]}}