{"id":62035,"date":"2025-02-17T13:18:06","date_gmt":"2025-02-17T13:18:06","guid":{"rendered":"https:\/\/mexpo.pl?post_type=product&#038;p=62035"},"modified":"2025-02-17T14:54:07","modified_gmt":"2025-02-17T14:54:07","slug":"ehr-03g-headset-mikrofon-headset","status":"publish","type":"product","link":"https:\/\/mexpo.eu\/de\/produkt\/ehr-03g-headset-mikrofon-headset\/","title":{"rendered":"EHR-03G Headset (Mikrofon-Headset)"},"content":{"rendered":"<p>Kopfh\u00f6rer-Mikrofon-Set f\u00fcr das linke Ohr. Es ist leicht, flexibel und verf\u00fcgt \u00fcber ein einstellbares Mikrofon. Perfekt f\u00fcr Training, Sportveranstaltungen und Gruppenreisen.<\/p>\n","protected":false},"excerpt":{"rendered":"<p>Headset (Kopfh\u00f6rer und Mikrofon) EHR-03G, Headset und Mikrofon f\u00fcr das linke Ohr. Leicht, flexibel, mit verstellbarem Mikrofon. Perfekt f\u00fcr Training, Sportveranstaltungen und Gruppenf\u00fchrungen. Marke Maytel Kompatibilit\u00e4t Maytel Grand Multicom.<\/p>\n","protected":false},"featured_media":49450,"template":"","meta":{"_acf_changed":false},"product_brand":[],"product_cat":[5197],"product_tag":[],"class_list":{"0":"post-62035","1":"product","2":"type-product","3":"status-publish","4":"has-post-thumbnail","6":"product_cat-headsets-intercom-systeme","8":"first","9":"instock","10":"taxable","11":"shipping-taxable","12":"purchasable","13":"product-type-simple"},"acf":[],"_links":{"self":[{"href":"https:\/\/mexpo.eu\/de\/wp-json\/wp\/v2\/product\/62035","targetHints":{"allow":["GET"]}}],"collection":[{"href":"https:\/\/mexpo.eu\/de\/wp-json\/wp\/v2\/product"}],"about":[{"href":"https:\/\/mexpo.eu\/de\/wp-json\/wp\/v2\/types\/product"}],"wp:featuredmedia":[{"embeddable":true,"href":"https:\/\/mexpo.eu\/de\/wp-json\/wp\/v2\/media\/49450"}],"wp:attachment":[{"href":"https:\/\/mexpo.eu\/de\/wp-json\/wp\/v2\/media?parent=62035"}],"wp:term":[{"taxonomy":"product_brand","embeddable":true,"href":"https:\/\/mexpo.eu\/de\/wp-json\/wp\/v2\/product_brand?post=62035"},{"taxonomy":"product_cat","embeddable":true,"href":"https:\/\/mexpo.eu\/de\/wp-json\/wp\/v2\/product_cat?post=62035"},{"taxonomy":"product_tag","embeddable":true,"href":"https:\/\/mexpo.eu\/de\/wp-json\/wp\/v2\/product_tag?post=62035"}],"curies":[{"name":"wp","href":"https:\/\/api.w.org\/{rel}","templated":true}]}}