{"id":62021,"date":"2025-02-17T13:18:04","date_gmt":"2025-02-17T13:18:04","guid":{"rendered":"https:\/\/mexpo.pl?post_type=product&#038;p=62021"},"modified":"2025-02-17T14:54:00","modified_gmt":"2025-02-17T14:54:00","slug":"sm-100lg-headset-mikrofon-headset","status":"publish","type":"product","link":"https:\/\/mexpo.eu\/de\/produkt\/sm-100lg-headset-mikrofon-headset\/","title":{"rendered":"SM-100LG Headset (Mikrofon-Headset)"},"content":{"rendered":"<p>Das leichte, wasser- und staubabweisende Headset ist das perfekte Set f\u00fcr Sportschiedsrichter, bei denen ein st\u00e4ndiger und zuverl\u00e4ssiger Kontakt untereinander erforderlich ist. Es hat eine zus\u00e4tzliche Halterung f\u00fcr das Au\u00dfenohr, eine Halterung f\u00fcr das Innenohr, eine H\u00f6rmuschel (f\u00fcr das linke Ohr) mit einem omnidirektionalen Mikrofon.<\/p>\n","protected":false},"excerpt":{"rendered":"<p>Headset (Kopfh\u00f6rer und Mikrofon) SM-100LG. Das leichte, wasser- und staubbest\u00e4ndige Headset ist das perfekte Set f\u00fcr Sportschiedsrichter, bei denen st\u00e4ndiger und zuverl\u00e4ssiger Kontakt miteinander erforderlich ist. Es verf\u00fcgt \u00fcber eine zus\u00e4tzliche Halterung f\u00fcr das Au\u00dfenohr, eine Halterung f\u00fcr das Innenohr und einen In-Ear-Kopfh\u00f6rer (f\u00fcr das linke Ohr) mit omnidirektionalem Mikrofon. Marke Maytel Kompatibilit\u00e4t Maytel Grand Multicom.<\/p>\n","protected":false},"featured_media":49426,"template":"","meta":{"_acf_changed":false},"product_brand":[],"product_cat":[5197],"product_tag":[],"class_list":{"0":"post-62021","1":"product","2":"type-product","3":"status-publish","4":"has-post-thumbnail","6":"product_cat-headsets-intercom-systeme","8":"first","9":"instock","10":"taxable","11":"shipping-taxable","12":"purchasable","13":"product-type-simple"},"acf":[],"_links":{"self":[{"href":"https:\/\/mexpo.eu\/de\/wp-json\/wp\/v2\/product\/62021","targetHints":{"allow":["GET"]}}],"collection":[{"href":"https:\/\/mexpo.eu\/de\/wp-json\/wp\/v2\/product"}],"about":[{"href":"https:\/\/mexpo.eu\/de\/wp-json\/wp\/v2\/types\/product"}],"wp:featuredmedia":[{"embeddable":true,"href":"https:\/\/mexpo.eu\/de\/wp-json\/wp\/v2\/media\/49426"}],"wp:attachment":[{"href":"https:\/\/mexpo.eu\/de\/wp-json\/wp\/v2\/media?parent=62021"}],"wp:term":[{"taxonomy":"product_brand","embeddable":true,"href":"https:\/\/mexpo.eu\/de\/wp-json\/wp\/v2\/product_brand?post=62021"},{"taxonomy":"product_cat","embeddable":true,"href":"https:\/\/mexpo.eu\/de\/wp-json\/wp\/v2\/product_cat?post=62021"},{"taxonomy":"product_tag","embeddable":true,"href":"https:\/\/mexpo.eu\/de\/wp-json\/wp\/v2\/product_tag?post=62021"}],"curies":[{"name":"wp","href":"https:\/\/api.w.org\/{rel}","templated":true}]}}