{"id":62014,"date":"2025-02-17T13:17:48","date_gmt":"2025-02-17T13:17:48","guid":{"rendered":"https:\/\/mexpo.pl?post_type=product&#038;p=62014"},"modified":"2025-02-17T14:53:56","modified_gmt":"2025-02-17T14:53:56","slug":"tem-01pg-headset-mikrofon-headset","status":"publish","type":"product","link":"https:\/\/mexpo.eu\/de\/produkt\/tem-01pg-headset-mikrofon-headset\/","title":{"rendered":"TEM-01PG Headset (Mikrofon-Headset)"},"content":{"rendered":"<p>Ein Headset f\u00fcr Personen, die in der Sicherheit, in der Gastronomie arbeiten oder ohne auff\u00e4llige Ohrh\u00f6rer kommunizieren m\u00f6chten. Transparenter Ohrh\u00f6rer, Luftschlauchtyp, mit hochsensiblem Clip-Mikrofon, das \u00fcber die PTT-Taste (Push-To-Talk) eingeschaltet werden kann.<\/p>\n","protected":false},"excerpt":{"rendered":"<p>Headset (Kopfh\u00f6rer und Mikrofon) TEM-01G. Transparenter Luftschlauch-Ohrh\u00f6rer mit hochempfindlichem Lavaliermikrofon, das \u00fcber die PTT-Taste (Push-To-Talk) aktiviert wird. Diskretes Headset. Mark Maytel. Kompatibilit\u00e4t mit Maytel Grand Multicom.<\/p>\n","protected":false},"featured_media":49420,"template":"","meta":{"_acf_changed":false},"product_brand":[],"product_cat":[5197],"product_tag":[],"class_list":{"0":"post-62014","1":"product","2":"type-product","3":"status-publish","4":"has-post-thumbnail","6":"product_cat-headsets-intercom-systeme","8":"first","9":"instock","10":"taxable","11":"shipping-taxable","12":"purchasable","13":"product-type-simple"},"acf":[],"_links":{"self":[{"href":"https:\/\/mexpo.eu\/de\/wp-json\/wp\/v2\/product\/62014","targetHints":{"allow":["GET"]}}],"collection":[{"href":"https:\/\/mexpo.eu\/de\/wp-json\/wp\/v2\/product"}],"about":[{"href":"https:\/\/mexpo.eu\/de\/wp-json\/wp\/v2\/types\/product"}],"wp:featuredmedia":[{"embeddable":true,"href":"https:\/\/mexpo.eu\/de\/wp-json\/wp\/v2\/media\/49420"}],"wp:attachment":[{"href":"https:\/\/mexpo.eu\/de\/wp-json\/wp\/v2\/media?parent=62014"}],"wp:term":[{"taxonomy":"product_brand","embeddable":true,"href":"https:\/\/mexpo.eu\/de\/wp-json\/wp\/v2\/product_brand?post=62014"},{"taxonomy":"product_cat","embeddable":true,"href":"https:\/\/mexpo.eu\/de\/wp-json\/wp\/v2\/product_cat?post=62014"},{"taxonomy":"product_tag","embeddable":true,"href":"https:\/\/mexpo.eu\/de\/wp-json\/wp\/v2\/product_tag?post=62014"}],"curies":[{"name":"wp","href":"https:\/\/api.w.org\/{rel}","templated":true}]}}