{"id":61993,"date":"2025-02-17T13:17:45","date_gmt":"2025-02-17T13:17:45","guid":{"rendered":"https:\/\/mexpo.pl?post_type=product&#038;p=61993"},"modified":"2025-02-17T14:53:44","modified_gmt":"2025-02-17T14:53:44","slug":"hdb-02g-headset-mikrofon-headset","status":"publish","type":"product","link":"https:\/\/mexpo.eu\/de\/produkt\/hdb-02g-headset-mikrofon-headset\/","title":{"rendered":"HDB-02G Headset (Mikrofon-Headset)"},"content":{"rendered":"<p>Ein langlebiges Headset, das Umgebungsger\u00e4usche deutlich reduziert, ideal f\u00fcr die Arbeit in einer Umgebung mit hohem Ger\u00e4uschpegel. Der Benutzer hat ein Mikrofon-Lautst\u00e4rke-Potentiometer und eine &#8220;Mute&#8221;-Taste am Kabel.<\/p>\n","protected":false},"excerpt":{"rendered":"<p>Headset (Kopfh\u00f6rer und Mikrofon) HDB-02G. Robustes Headset, das Umgebungsger\u00e4usche erheblich reduziert. Mikrofonlautst\u00e4rke-Potentiometer und Stummschalttaste. Mark Maytel. Kompatibilit\u00e4t mit Maytel Grand Multicom.<\/p>\n","protected":false},"featured_media":49354,"template":"","meta":{"_acf_changed":false},"product_brand":[],"product_cat":[5197],"product_tag":[],"class_list":{"0":"post-61993","1":"product","2":"type-product","3":"status-publish","4":"has-post-thumbnail","6":"product_cat-headsets-intercom-systeme","8":"first","9":"instock","10":"taxable","11":"shipping-taxable","12":"purchasable","13":"product-type-simple"},"acf":[],"_links":{"self":[{"href":"https:\/\/mexpo.eu\/de\/wp-json\/wp\/v2\/product\/61993","targetHints":{"allow":["GET"]}}],"collection":[{"href":"https:\/\/mexpo.eu\/de\/wp-json\/wp\/v2\/product"}],"about":[{"href":"https:\/\/mexpo.eu\/de\/wp-json\/wp\/v2\/types\/product"}],"wp:featuredmedia":[{"embeddable":true,"href":"https:\/\/mexpo.eu\/de\/wp-json\/wp\/v2\/media\/49354"}],"wp:attachment":[{"href":"https:\/\/mexpo.eu\/de\/wp-json\/wp\/v2\/media?parent=61993"}],"wp:term":[{"taxonomy":"product_brand","embeddable":true,"href":"https:\/\/mexpo.eu\/de\/wp-json\/wp\/v2\/product_brand?post=61993"},{"taxonomy":"product_cat","embeddable":true,"href":"https:\/\/mexpo.eu\/de\/wp-json\/wp\/v2\/product_cat?post=61993"},{"taxonomy":"product_tag","embeddable":true,"href":"https:\/\/mexpo.eu\/de\/wp-json\/wp\/v2\/product_tag?post=61993"}],"curies":[{"name":"wp","href":"https:\/\/api.w.org\/{rel}","templated":true}]}}