{"id":61979,"date":"2025-02-17T13:17:28","date_gmt":"2025-02-17T13:17:28","guid":{"rendered":"https:\/\/mexpo.pl?post_type=product&#038;p=61979"},"modified":"2025-02-17T14:53:35","modified_gmt":"2025-02-17T14:53:35","slug":"hem-20-headset-mikrofon-headset","status":"publish","type":"product","link":"https:\/\/mexpo.eu\/de\/produkt\/hem-20-headset-mikrofon-headset\/","title":{"rendered":"HEM-20 Headset (Mikrofon-Headset)"},"content":{"rendered":"<p>Leichtes und professionelles Mono-Headset. Es bietet komfortable Arbeitsbedingungen und eine hohe Qualit\u00e4t des Sendeempfangs.<\/p>\n","protected":false},"excerpt":{"rendered":"<p>Headset (Kopfh\u00f6rer und Mikrofon) HEM-20. Leichtes und professionelles Mono-Headset. Kopfbedeckung. Es gew\u00e4hrleistet komfortable Arbeitsbedingungen und eine hohe Qualit\u00e4t des Sendeempfangs.<\/p>\n","protected":false},"featured_media":49342,"template":"","meta":{"_acf_changed":false},"product_brand":[],"product_cat":[5197],"product_tag":[],"class_list":{"0":"post-61979","1":"product","2":"type-product","3":"status-publish","4":"has-post-thumbnail","6":"product_cat-headsets-intercom-systeme","8":"first","9":"instock","10":"taxable","11":"shipping-taxable","12":"purchasable","13":"product-type-simple"},"acf":[],"_links":{"self":[{"href":"https:\/\/mexpo.eu\/de\/wp-json\/wp\/v2\/product\/61979","targetHints":{"allow":["GET"]}}],"collection":[{"href":"https:\/\/mexpo.eu\/de\/wp-json\/wp\/v2\/product"}],"about":[{"href":"https:\/\/mexpo.eu\/de\/wp-json\/wp\/v2\/types\/product"}],"wp:featuredmedia":[{"embeddable":true,"href":"https:\/\/mexpo.eu\/de\/wp-json\/wp\/v2\/media\/49342"}],"wp:attachment":[{"href":"https:\/\/mexpo.eu\/de\/wp-json\/wp\/v2\/media?parent=61979"}],"wp:term":[{"taxonomy":"product_brand","embeddable":true,"href":"https:\/\/mexpo.eu\/de\/wp-json\/wp\/v2\/product_brand?post=61979"},{"taxonomy":"product_cat","embeddable":true,"href":"https:\/\/mexpo.eu\/de\/wp-json\/wp\/v2\/product_cat?post=61979"},{"taxonomy":"product_tag","embeddable":true,"href":"https:\/\/mexpo.eu\/de\/wp-json\/wp\/v2\/product_tag?post=61979"}],"curies":[{"name":"wp","href":"https:\/\/api.w.org\/{rel}","templated":true}]}}