{"id":61959,"date":"2025-02-17T13:17:25","date_gmt":"2025-02-17T13:17:25","guid":{"rendered":"https:\/\/mexpo.pl?post_type=product&#038;p=61959"},"modified":"2025-02-17T14:53:22","modified_gmt":"2025-02-17T14:53:22","slug":"funkmikrofon-ej-501tg-40ch","status":"publish","type":"product","link":"https:\/\/mexpo.eu\/de\/produkt\/funkmikrofon-ej-501tg-40ch\/","title":{"rendered":"Funkmikrofon EJ-501TG-40CH"},"content":{"rendered":"<p>Der EJ-501TG-40CH ist ein drahtloser Sender in Form eines Handmikrofons zur Sprach\u00fcbertragung f\u00fcr eine Empf\u00e4ngergruppe mit Okayo WT-300R-Empf\u00e4ngern. Mit diesem Sender wird eine organisierte Besprechung \/ Konferenz oder Gruppentour interaktiver, da das Mikrofon frei an andere Personen weitergegeben werden kann. Das Mikrofon wurde so konzipiert, dass es so komfortabel wie m\u00f6glich verwendet werden kann, sodass es mit Batterien nur 140 g wiegt!<\/p>\n<p>Anwendung:<br \/>\n&#8211; interaktive Gruppenf\u00fchrungen<br \/>\n&#8211; Konferenzen \/ Schulungen<br \/>\n&#8211; Simultan\u00fcbersetzungen<br \/>\n&#8211; Live-Audiobeschreibung<br \/>\n&#8211; Veranstaltungen \/ Messen<\/p>\n<p>Merkmale des drahtlosen Mikrofons EJ-501TG-40CH:<br \/>\n&#8211; bis zu 40 verf\u00fcgbare Kan\u00e4le im 863 MHz ~ 865 MHz Band<br \/>\n&#8211; eingebaute kapazitive Kapsel, die mit einem Mesh-Netz gesichert ist<br \/>\n&#8211; LCD Bildschirm<br \/>\n&#8211; Stromversorgung mit Alkaline-Batterien oder Ni-MH-Batterien (dediziertes Tischladeger\u00e4t erh\u00e4ltlich)<br \/>\n&#8211; 2 Mikrofonmodi verf\u00fcgbar (Push-To-Bolt und Push-To-Talk)<br \/>\n&#8211; extrem leicht und komfortabel zu bedienen<\/p>\n","protected":false},"excerpt":{"rendered":"<p>Leichter und komfortabler Handsender f\u00fcr das Okayo WT-300 System.<\/p>\n","protected":false},"featured_media":49302,"template":"","meta":{"_acf_changed":false},"product_brand":[],"product_cat":[5925],"product_tag":[],"class_list":{"0":"post-61959","1":"product","2":"type-product","3":"status-publish","4":"has-post-thumbnail","6":"product_cat-auf-anfrage-erhaltlich-de","8":"first","9":"instock","10":"taxable","11":"shipping-taxable","12":"purchasable","13":"product-type-simple"},"acf":[],"_links":{"self":[{"href":"https:\/\/mexpo.eu\/de\/wp-json\/wp\/v2\/product\/61959","targetHints":{"allow":["GET"]}}],"collection":[{"href":"https:\/\/mexpo.eu\/de\/wp-json\/wp\/v2\/product"}],"about":[{"href":"https:\/\/mexpo.eu\/de\/wp-json\/wp\/v2\/types\/product"}],"wp:featuredmedia":[{"embeddable":true,"href":"https:\/\/mexpo.eu\/de\/wp-json\/wp\/v2\/media\/49302"}],"wp:attachment":[{"href":"https:\/\/mexpo.eu\/de\/wp-json\/wp\/v2\/media?parent=61959"}],"wp:term":[{"taxonomy":"product_brand","embeddable":true,"href":"https:\/\/mexpo.eu\/de\/wp-json\/wp\/v2\/product_brand?post=61959"},{"taxonomy":"product_cat","embeddable":true,"href":"https:\/\/mexpo.eu\/de\/wp-json\/wp\/v2\/product_cat?post=61959"},{"taxonomy":"product_tag","embeddable":true,"href":"https:\/\/mexpo.eu\/de\/wp-json\/wp\/v2\/product_tag?post=61959"}],"curies":[{"name":"wp","href":"https:\/\/api.w.org\/{rel}","templated":true}]}}