{"id":61951,"date":"2025-02-17T13:17:08","date_gmt":"2025-02-17T13:17:08","guid":{"rendered":"https:\/\/mexpo.pl?post_type=product&#038;p=61951"},"modified":"2025-02-17T14:53:18","modified_gmt":"2025-02-17T14:53:18","slug":"induktionsschleife-nl-90","status":"publish","type":"product","link":"https:\/\/mexpo.eu\/de\/produkt\/induktionsschleife-nl-90\/","title":{"rendered":"Induktionsschleife NL-90"},"content":{"rendered":"<p>Nackenschlaufe zur Signal\u00fcbertragung f\u00fcr H\u00f6rger\u00e4te.<\/p>\n","protected":false},"excerpt":{"rendered":"<p>Induktionsschleife NL-90. Halsschleife zur Signal\u00fcbertragung an H\u00f6rger\u00e4te. Kompatibilit\u00e4t Okayo WT-300 G2, Okayo WT-350, mGuide DLR-01, mGuide Pellegrino, mGuide Pellegrino 2.<\/p>\n","protected":false},"featured_media":49296,"template":"","meta":{"_acf_changed":false},"product_brand":[],"product_cat":[5994,5998],"product_tag":[],"class_list":{"0":"post-61951","1":"product","2":"type-product","3":"status-publish","4":"has-post-thumbnail","6":"product_cat-hygiene-kopfhoerer-einwegkopfhoerer","7":"product_cat-mehrwegkopfhoerer","9":"first","10":"instock","11":"taxable","12":"shipping-taxable","13":"purchasable","14":"product-type-simple"},"acf":[],"_links":{"self":[{"href":"https:\/\/mexpo.eu\/de\/wp-json\/wp\/v2\/product\/61951","targetHints":{"allow":["GET"]}}],"collection":[{"href":"https:\/\/mexpo.eu\/de\/wp-json\/wp\/v2\/product"}],"about":[{"href":"https:\/\/mexpo.eu\/de\/wp-json\/wp\/v2\/types\/product"}],"wp:featuredmedia":[{"embeddable":true,"href":"https:\/\/mexpo.eu\/de\/wp-json\/wp\/v2\/media\/49296"}],"wp:attachment":[{"href":"https:\/\/mexpo.eu\/de\/wp-json\/wp\/v2\/media?parent=61951"}],"wp:term":[{"taxonomy":"product_brand","embeddable":true,"href":"https:\/\/mexpo.eu\/de\/wp-json\/wp\/v2\/product_brand?post=61951"},{"taxonomy":"product_cat","embeddable":true,"href":"https:\/\/mexpo.eu\/de\/wp-json\/wp\/v2\/product_cat?post=61951"},{"taxonomy":"product_tag","embeddable":true,"href":"https:\/\/mexpo.eu\/de\/wp-json\/wp\/v2\/product_tag?post=61951"}],"curies":[{"name":"wp","href":"https:\/\/api.w.org\/{rel}","templated":true}]}}