{"id":61820,"date":"2025-02-17T13:15:19","date_gmt":"2025-02-17T13:15:19","guid":{"rendered":"https:\/\/mexpo.pl?post_type=product&#038;p=61820"},"modified":"2025-02-17T14:52:08","modified_gmt":"2025-02-17T14:52:08","slug":"okayo-freecom-plus-zubehor-2-stuck-drahtlose-vollduplex-gegensprechanlage-fur-unternehmen-industrie-oder-bildung","status":"publish","type":"product","link":"https:\/\/mexpo.eu\/de\/produkt\/okayo-freecom-plus-zubehor-2-stuck-drahtlose-vollduplex-gegensprechanlage-fur-unternehmen-industrie-oder-bildung\/","title":{"rendered":"Okayo FreeCom plus Zubeh\u00f6r &#8211; 2 St\u00fcck &#8211; Drahtlose Vollduplex-Gegensprechanlage f\u00fcr Unternehmen, Industrie oder Bildung"},"content":{"rendered":"<p>FreeCom ist eine moderne Vollduplex-Sprechanlage (Freisprechanlage) des weltbekannten taiwanesischen Herstellers Okayo. Bis zu sechs Benutzer aus einer unbegrenzten Gruppe von Ger\u00e4ten k\u00f6nnen gleichzeitig ein Gespr\u00e4ch miteinander f\u00fchren. Sie zeichnet sich durch eine Reihe von zus\u00e4tzlichen Funktionen und Einstellungen aus.<\/p>\n<p>Das Set enth\u00e4lt:<br \/>\n&#8211; FreeCom drahtlose Sprechanlage &#8211; 2 St\u00fcck<br \/>\n&#8211; EMC-300 Mikrofon-Headset 2 St\u00fcck<br \/>\n&#8211; Spezielles Tischladeger\u00e4t C2 &#8211; 1 St\u00fcck<br \/>\n&#8211; Wiederaufladbare Ni-MH AA everActive Silver Line 2000 Batterie &#8211; 4 St\u00fcck<\/p>\n<p>Einsatzbereich:<br \/>\n&#8211; Kommunikation innerhalb des Audio-\/Film-Produktionsteams<br \/>\n&#8211; Kommunikation zwischen den Mitarbeitern im Lager und in der Fertigungshalle<br \/>\n&#8211; Kommunikation im Sport zwischen dem Trainer und den Spielern<br \/>\n&#8211; Kommunikation w\u00e4hrend der Ausbildung am Arbeitsplatz oder im Einsatzgebiet<br \/>\n&#8211; Kommunikation in Hotels, im Gastst\u00e4ttengewerbe, auf Fahrgastschiffen und bei Touristenattraktionen<br \/>\n&#8211; Zwei-Wege-System f\u00fcr Gruppenf\u00fchrung \/ Tourguide<\/p>\n<p>Merkmale der Okayo FreeCom Sprechanlage:<br \/>\n&#8211; Vollduplex bis zu sechs Personen gleichzeitig, unbegrenzte Anzahl von Sprechanlagen pro Kanal<br \/>\n&#8211; Keine feste Basisstation<br \/>\n&#8211; Europ\u00e4ischer lizenzfreier Frequenzbereich 863 MHz ~ 865 MHz<br \/>\n&#8211; Digitale 4GFSK-Modulation der Sendefrequenz<br \/>\n&#8211; Sieben Kan\u00e4le (sieben unabh\u00e4ngige Gruppen k\u00f6nnen im selben Bereich ohne Interferenzen arbeiten)<br \/>\n&#8211; Reichweite in Sichtlinie \u00fcber 100 Meter<br \/>\n&#8211; OLED-Display mit hohem Kontrast<br \/>\n&#8211; Ganzt\u00e4giger Betrieb mit einem Satz Batterien<br \/>\n&#8211; Kanalzugang kann verschl\u00fcsselt werden<br \/>\n&#8211; Drei w\u00e4hlbare Mikrofonfunktionen (Push-To-Talk), (Push-To-Bolt), (Push-To-Mute)<br \/>\n&#8211; Zus\u00e4tzliche 3,5 mm Aux-in-Buchse<br \/>\n&#8211; Kopfh\u00f6rer und Mikrofonanschluss mit HAC-Modus (Hearing-Aid-Compatible)<br \/>\n&#8211; Zugang zum Einstellfenster f\u00fcr mehrere Optionen<\/p>\n","protected":false},"excerpt":{"rendered":"<p>Moderne Vollduplex-Sprechanlage ohne Basisstation. F\u00fcr Audio- \/ Filmcrews und Produzenten. Sprechanlage mit Freisprecheinrichtung.<\/p>\n","protected":false},"featured_media":49065,"template":"","meta":{"_acf_changed":false},"product_brand":[],"product_cat":[5976],"product_tag":[],"class_list":{"0":"post-61820","1":"product","2":"type-product","3":"status-publish","4":"has-post-thumbnail","6":"product_cat-intercom-sets-de","8":"first","9":"instock","10":"taxable","11":"shipping-taxable","12":"purchasable","13":"product-type-simple"},"acf":[],"_links":{"self":[{"href":"https:\/\/mexpo.eu\/de\/wp-json\/wp\/v2\/product\/61820","targetHints":{"allow":["GET"]}}],"collection":[{"href":"https:\/\/mexpo.eu\/de\/wp-json\/wp\/v2\/product"}],"about":[{"href":"https:\/\/mexpo.eu\/de\/wp-json\/wp\/v2\/types\/product"}],"wp:featuredmedia":[{"embeddable":true,"href":"https:\/\/mexpo.eu\/de\/wp-json\/wp\/v2\/media\/49065"}],"wp:attachment":[{"href":"https:\/\/mexpo.eu\/de\/wp-json\/wp\/v2\/media?parent=61820"}],"wp:term":[{"taxonomy":"product_brand","embeddable":true,"href":"https:\/\/mexpo.eu\/de\/wp-json\/wp\/v2\/product_brand?post=61820"},{"taxonomy":"product_cat","embeddable":true,"href":"https:\/\/mexpo.eu\/de\/wp-json\/wp\/v2\/product_cat?post=61820"},{"taxonomy":"product_tag","embeddable":true,"href":"https:\/\/mexpo.eu\/de\/wp-json\/wp\/v2\/product_tag?post=61820"}],"curies":[{"name":"wp","href":"https:\/\/api.w.org\/{rel}","templated":true}]}}