{"id":61806,"date":"2025-02-17T13:15:58","date_gmt":"2025-02-17T13:15:58","guid":{"rendered":"https:\/\/mexpo.pl?post_type=product&#038;p=61806"},"modified":"2025-02-17T14:52:39","modified_gmt":"2025-02-17T14:52:39","slug":"ladegerat-in-der-tragetasche-okayo-chg-5","status":"publish","type":"product","link":"https:\/\/mexpo.eu\/de\/produkt\/ladegerat-in-der-tragetasche-okayo-chg-5\/","title":{"rendered":"Ladeger\u00e4t in der Tragetasche Okayo CHG-5"},"content":{"rendered":"<p>Das Ladeger\u00e4t verf\u00fcgt \u00fcber 5 Steckpl\u00e4tze zum Aufladen von FreeCom-Sprechstellen. Jeder Steckplatz verf\u00fcgt \u00fcber eine Akkustatus-LED, die anzeigt, wann der Akku vollst\u00e4ndig aufgeladen ist. Das Bedienfeld mit LCD-Bildschirm erm\u00f6glicht die gleichzeitige Kanalsynchronisation aller platzierten Ger\u00e4te innerhalb weniger Sekunden.<\/p>\n<p>Der kompakte Koffer verf\u00fcgt \u00fcber einen integrierten Griff f\u00fcr einfachen Transport und ist klein genug, um auf Reisen als Handgep\u00e4ck verwendet zu werden. Das robuste Geh\u00e4use sch\u00fctzt die Ger\u00e4te bei Transport und Lagerung.<\/p>\n<p>Merkmale:<br \/>\n&#8211; 5 universelle Ladesteckpl\u00e4tze<br \/>\n&#8211; LCD-Bedienfeld mit Hintergrundbeleuchtung und Kanalsynchronisation<br \/>\n&#8211; LED-Anzeigen f\u00fcr den Stromstatus<br \/>\n&#8211; Leichte aber solide Konstruktion<br \/>\n&#8211; Der Innenraum ist aus Schaumstoff<\/p>\n","protected":false},"excerpt":{"rendered":"<p>Okayo CHG-5 \u2013 das Ladeger\u00e4t verf\u00fcgt \u00fcber 5 Steckpl\u00e4tze zum Laden von FreeCom-Gegensprechanlagen. Hintergrundbeleuchtetes LCD-Bedienfeld mit Kanalsynchronisierung. Leichte, aber solide Konstruktion. Kompatibilit\u00e4t Okayo FreeCom, Okayo OTG-200.<\/p>\n","protected":false},"featured_media":49152,"template":"","meta":{"_acf_changed":false},"product_brand":[],"product_cat":[6000,5977],"product_tag":[],"class_list":{"0":"post-61806","1":"product","2":"type-product","3":"status-publish","4":"has-post-thumbnail","6":"product_cat-ladegeraete","7":"product_cat-ladegeraete-fuer-gegensprechanlagen","9":"first","10":"instock","11":"taxable","12":"shipping-taxable","13":"purchasable","14":"product-type-simple"},"acf":[],"_links":{"self":[{"href":"https:\/\/mexpo.eu\/de\/wp-json\/wp\/v2\/product\/61806","targetHints":{"allow":["GET"]}}],"collection":[{"href":"https:\/\/mexpo.eu\/de\/wp-json\/wp\/v2\/product"}],"about":[{"href":"https:\/\/mexpo.eu\/de\/wp-json\/wp\/v2\/types\/product"}],"wp:featuredmedia":[{"embeddable":true,"href":"https:\/\/mexpo.eu\/de\/wp-json\/wp\/v2\/media\/49152"}],"wp:attachment":[{"href":"https:\/\/mexpo.eu\/de\/wp-json\/wp\/v2\/media?parent=61806"}],"wp:term":[{"taxonomy":"product_brand","embeddable":true,"href":"https:\/\/mexpo.eu\/de\/wp-json\/wp\/v2\/product_brand?post=61806"},{"taxonomy":"product_cat","embeddable":true,"href":"https:\/\/mexpo.eu\/de\/wp-json\/wp\/v2\/product_cat?post=61806"},{"taxonomy":"product_tag","embeddable":true,"href":"https:\/\/mexpo.eu\/de\/wp-json\/wp\/v2\/product_tag?post=61806"}],"curies":[{"name":"wp","href":"https:\/\/api.w.org\/{rel}","templated":true}]}}