{"id":61800,"date":"2025-02-17T13:15:41","date_gmt":"2025-02-17T13:15:41","guid":{"rendered":"https:\/\/mexpo.pl?post_type=product&#038;p=61800"},"modified":"2025-02-17T14:52:34","modified_gmt":"2025-02-17T14:52:34","slug":"desktop-ladegerat-okayo-c5","status":"publish","type":"product","link":"https:\/\/mexpo.eu\/de\/produkt\/desktop-ladegerat-okayo-c5\/","title":{"rendered":"Desktop-Ladeger\u00e4t Okayo C5"},"content":{"rendered":"<p>Das Okayo C5 Tischladeger\u00e4t mit Kanalsynchronisationsfunktion l\u00e4dt und speichert gleichzeitig bis zu 5 FreeCom-Sprechstellen. Jeder Ladeschacht verf\u00fcgt \u00fcber eine LED, die anzeigt, wann der Akku vollst\u00e4ndig geladen ist. Das Bedienfeld mit LCD-Bildschirm erm\u00f6glicht die gleichzeitige Kanalsynchronisation aller platzierten Ger\u00e4te innerhalb weniger Sekunden.<\/p>\n<p>Merkmale:<br \/>\n&#8211; 5 universelle Ladesteckpl\u00e4tze<br \/>\n&#8211; LCD-Bedienfeld mit Hintergrundbeleuchtung und Kanalsynchronisation<br \/>\n&#8211; LED-Anzeigen f\u00fcr den Stromstatus<br \/>\n&#8211; Kompakte freistehende Struktur<\/p>\n","protected":false},"excerpt":{"rendered":"<p>Das station\u00e4re Ladeger\u00e4t Okayo C5 mit Kanalsynchronisationsfunktion l\u00e4dt und speichert gleichzeitig bis zu 5 FreeCom-Gegensprechanlagen. Hintergrundbeleuchtetes LCD-Bedienfeld mit Kanalsynchronisierung. Kompatibilit\u00e4t Okayo FreeCom, Okayo OTG-200.<\/p>\n","protected":false},"featured_media":49131,"template":"","meta":{"_acf_changed":false},"product_brand":[],"product_cat":[6000,5977],"product_tag":[],"class_list":{"0":"post-61800","1":"product","2":"type-product","3":"status-publish","4":"has-post-thumbnail","6":"product_cat-ladegeraete","7":"product_cat-ladegeraete-fuer-gegensprechanlagen","9":"first","10":"instock","11":"taxable","12":"shipping-taxable","13":"purchasable","14":"product-type-simple"},"acf":[],"_links":{"self":[{"href":"https:\/\/mexpo.eu\/de\/wp-json\/wp\/v2\/product\/61800","targetHints":{"allow":["GET"]}}],"collection":[{"href":"https:\/\/mexpo.eu\/de\/wp-json\/wp\/v2\/product"}],"about":[{"href":"https:\/\/mexpo.eu\/de\/wp-json\/wp\/v2\/types\/product"}],"wp:featuredmedia":[{"embeddable":true,"href":"https:\/\/mexpo.eu\/de\/wp-json\/wp\/v2\/media\/49131"}],"wp:attachment":[{"href":"https:\/\/mexpo.eu\/de\/wp-json\/wp\/v2\/media?parent=61800"}],"wp:term":[{"taxonomy":"product_brand","embeddable":true,"href":"https:\/\/mexpo.eu\/de\/wp-json\/wp\/v2\/product_brand?post=61800"},{"taxonomy":"product_cat","embeddable":true,"href":"https:\/\/mexpo.eu\/de\/wp-json\/wp\/v2\/product_cat?post=61800"},{"taxonomy":"product_tag","embeddable":true,"href":"https:\/\/mexpo.eu\/de\/wp-json\/wp\/v2\/product_tag?post=61800"}],"curies":[{"name":"wp","href":"https:\/\/api.w.org\/{rel}","templated":true}]}}