{"id":61772,"date":"2025-02-17T13:15:21","date_gmt":"2025-02-17T13:15:21","guid":{"rendered":"https:\/\/mexpo.pl?post_type=product&#038;p=61772"},"modified":"2025-02-17T14:52:22","modified_gmt":"2025-02-17T14:52:22","slug":"einweg-kopfhorer-sj-4d","status":"publish","type":"product","link":"https:\/\/mexpo.eu\/de\/produkt\/einweg-kopfhorer-sj-4d\/","title":{"rendered":"Einweg-Kopfh\u00f6rer SJ-4D"},"content":{"rendered":"<p>SJ-4D Einweg-Ohrh\u00f6rer f\u00fcr 2 Ohren. Einzeln verpackt in versiegelten Beuteln. Sie zeichnen sich durch eine gute H\u00f6rqualit\u00e4t aus.<br \/>\nDie SJ-4D-Kopfh\u00f6rer sind nur \u201ekonventionell\u201c Einwegartikel, da ihre Haltbarkeit f\u00fcr einen k\u00fcrzeren Zeitraum geplant ist als bei teuren Kopfh\u00f6rern, was aber nicht bedeutet, dass sie von ungen\u00fcgender Qualit\u00e4t sind.<\/p>\n<p>Einweg-Ohrh\u00f6rer sind die hygienischste L\u00f6sung f\u00fcr die Bedienung einer gro\u00dfen Anzahl von Benutzern und erleichtern auch die Logistik bei der Bedienung gro\u00dfer Ausflugsgruppen.<br \/>\nJeder Kopfh\u00f6rer ist in einem versiegelten Folienbeutel verpackt, der den ersten Gebrauch garantiert. Dank dieser Verpackungsform ist eine Desinfektion des Kopfh\u00f6rers vor dem Gebrauch nicht erforderlich.<\/p>\n<p>Die SJ-4D-Kopfh\u00f6rer sind universell und funktionieren mit den mGuide Pellegrino-Modellen, aber auch mit den meisten anderen verf\u00fcgbaren Modellen von Firmen wie Okayo oder Linkx. Nach dem Ausflug oder der Besichtigung der Anlage kann der Kopfh\u00f6rer auch mit anderen mit Klinkenbuchse ausgestatteten Ger\u00e4ten wie Telefon oder Computer verwendet werden.<\/p>\n","protected":false},"excerpt":{"rendered":"<p>SJ-4D Einweg-Ohrh\u00f6rer f\u00fcr 2 Ohren. Einzeln verpackt in versiegelten Beuteln. Sie zeichnen sich durch eine gute H\u00f6rqualit\u00e4t aus.<br \/>\nDie SJ-4D-Kopfh\u00f6rer sind nur \u201ekonventionell\u201c Einwegartikel, da ihre Haltbarkeit f\u00fcr einen k\u00fcrzeren Zeitraum geplant ist als bei teuren Kopfh\u00f6rern, was aber nicht bedeutet, dass sie von ungen\u00fcgender Qualit\u00e4t sind.<\/p>\n","protected":false},"featured_media":49110,"template":"","meta":{"_acf_changed":false},"product_brand":[],"product_cat":[5994,5996],"product_tag":[],"class_list":{"0":"post-61772","1":"product","2":"type-product","3":"status-publish","4":"has-post-thumbnail","6":"product_cat-hygiene-kopfhoerer-einwegkopfhoerer","7":"product_cat-hygiene-kopfhoerer-einwegkopfhoerer-de","9":"first","10":"outofstock","11":"taxable","12":"shipping-taxable","13":"purchasable","14":"product-type-variable"},"acf":[],"_links":{"self":[{"href":"https:\/\/mexpo.eu\/de\/wp-json\/wp\/v2\/product\/61772","targetHints":{"allow":["GET"]}}],"collection":[{"href":"https:\/\/mexpo.eu\/de\/wp-json\/wp\/v2\/product"}],"about":[{"href":"https:\/\/mexpo.eu\/de\/wp-json\/wp\/v2\/types\/product"}],"wp:featuredmedia":[{"embeddable":true,"href":"https:\/\/mexpo.eu\/de\/wp-json\/wp\/v2\/media\/49110"}],"wp:attachment":[{"href":"https:\/\/mexpo.eu\/de\/wp-json\/wp\/v2\/media?parent=61772"}],"wp:term":[{"taxonomy":"product_brand","embeddable":true,"href":"https:\/\/mexpo.eu\/de\/wp-json\/wp\/v2\/product_brand?post=61772"},{"taxonomy":"product_cat","embeddable":true,"href":"https:\/\/mexpo.eu\/de\/wp-json\/wp\/v2\/product_cat?post=61772"},{"taxonomy":"product_tag","embeddable":true,"href":"https:\/\/mexpo.eu\/de\/wp-json\/wp\/v2\/product_tag?post=61772"}],"curies":[{"name":"wp","href":"https:\/\/api.w.org\/{rel}","templated":true}]}}