{"id":61766,"date":"2025-02-17T13:15:20","date_gmt":"2025-02-17T13:15:20","guid":{"rendered":"https:\/\/mexpo.pl?post_type=product&#038;p=61766"},"modified":"2025-02-17T14:52:17","modified_gmt":"2025-02-17T14:52:17","slug":"lavalier-mikrofon-mit-in-ear-mehrwegkopfhorer-emc-100","status":"publish","type":"product","link":"https:\/\/mexpo.eu\/de\/produkt\/lavalier-mikrofon-mit-in-ear-mehrwegkopfhorer-emc-100\/","title":{"rendered":"Lavalier-Mikrofon mit In-Ear-Mehrwegkopfh\u00f6rer EMC-100"},"content":{"rendered":"<p>Das EMC-100 ist ein Set bestehend aus einem Lavalier-Mikrofon mit Kleiderclip und einem In-Ear-Ohrh\u00f6rer an einem Kunststoff-Anh\u00e4nger. Es zeichnet sich durch eine geringe Gr\u00f6\u00dfe und ein geringes Gewicht aus, das f\u00fcr den Benutzer nicht wahrnehmbar ist. Ein In-Ear-Kopfh\u00f6rer mit der M\u00f6glichkeit, die Gummikappe auszutauschen, sorgt f\u00fcr einen stabilen Empfang der \u00dcbertragung.<\/p>\n","protected":false},"excerpt":{"rendered":"<p>EMC-100, Lavaliermikrofon mit Kleiderklammer + In-Ear-Kopfh\u00f6rer an einem Kunststoffanh\u00e4nger. Es zeichnet sich durch geringe Gr\u00f6\u00dfe und Gewicht aus. M\u00f6glichkeit zum Austausch der Gummiabdeckung. Gew\u00e4hrleistet einen stabilen \u00dcbertragungsempfang.<\/p>\n","protected":false},"featured_media":49101,"template":"","meta":{"_acf_changed":false},"product_brand":[],"product_cat":[5197],"product_tag":[],"class_list":{"0":"post-61766","1":"product","2":"type-product","3":"status-publish","4":"has-post-thumbnail","6":"product_cat-headsets-intercom-systeme","8":"first","9":"instock","10":"taxable","11":"shipping-taxable","12":"purchasable","13":"product-type-simple"},"acf":[],"_links":{"self":[{"href":"https:\/\/mexpo.eu\/de\/wp-json\/wp\/v2\/product\/61766","targetHints":{"allow":["GET"]}}],"collection":[{"href":"https:\/\/mexpo.eu\/de\/wp-json\/wp\/v2\/product"}],"about":[{"href":"https:\/\/mexpo.eu\/de\/wp-json\/wp\/v2\/types\/product"}],"wp:featuredmedia":[{"embeddable":true,"href":"https:\/\/mexpo.eu\/de\/wp-json\/wp\/v2\/media\/49101"}],"wp:attachment":[{"href":"https:\/\/mexpo.eu\/de\/wp-json\/wp\/v2\/media?parent=61766"}],"wp:term":[{"taxonomy":"product_brand","embeddable":true,"href":"https:\/\/mexpo.eu\/de\/wp-json\/wp\/v2\/product_brand?post=61766"},{"taxonomy":"product_cat","embeddable":true,"href":"https:\/\/mexpo.eu\/de\/wp-json\/wp\/v2\/product_cat?post=61766"},{"taxonomy":"product_tag","embeddable":true,"href":"https:\/\/mexpo.eu\/de\/wp-json\/wp\/v2\/product_tag?post=61766"}],"curies":[{"name":"wp","href":"https:\/\/api.w.org\/{rel}","templated":true}]}}