{"id":61747,"date":"2025-02-17T13:15:18","date_gmt":"2025-02-17T13:15:18","guid":{"rendered":"https:\/\/mexpo.pl?post_type=product&#038;p=61747"},"modified":"2025-02-17T14:52:05","modified_gmt":"2025-02-17T14:52:05","slug":"okayo-freecom-drahtlose-vollduplex-gegensprechanlage-fur-unternehmen-industrie-oder-bildung","status":"publish","type":"product","link":"https:\/\/mexpo.eu\/de\/produkt\/okayo-freecom-drahtlose-vollduplex-gegensprechanlage-fur-unternehmen-industrie-oder-bildung\/","title":{"rendered":"Okayo FreeCom- Drahtlose Vollduplex-Gegensprechanlage f\u00fcr Unternehmen, Industrie oder Bildung"},"content":{"rendered":"<p>Okayo FreeCom ist die ideale Wahl, wenn es um sichere, zuverl\u00e4ssige drahtlose Kommunikation im Vollduplex-Modus geht. Die leichten und kompakten drahtlosen Sende- und Empfangsger\u00e4te erm\u00f6glichen es bis zu sechs Benutzern gleichzeitig zu sprechen, wobei eine unbegrenzte Anzahl von Anwendern in einer Gruppe dem Gespr\u00e4ch zuh\u00f6ren kann &#8211; mit kristallklarem Klang. FreeCom ist ein digitales bidirektionales System mit einem breiten Anwendungsspektrum, das auf vier Hauptannahmen basiert:<\/p>\n<p>Flexibilit\u00e4t &#8211; jede Sprechanlage kann als Master-Einheit, als Sub-Master-Einheit oder nur f\u00fcr Gruppenh\u00f6ren (Listen) eingerichtet werden.<br \/>\nSteuerung &#8211; die Master-Einheit hat Vorrang vor den anderen, um Ordnung in die Gruppe zu bringen.<br \/>\nSicherheit &#8211; Verschl\u00fcsselung des Kommunikationskanals des Teams. Bei privaten \u00dcbertragungen kann die geschlossene Gruppe verschl\u00fcsselt werden, um zu verhindern, dass unerw\u00fcnschte Personen die Gespr\u00e4che mith\u00f6ren.<br \/>\nDrahtlos &#8211; ohne Basisstation kann das System sowohl im Innen- als auch im Au\u00dfenbereich eingesetzt werden.<\/p>\n<p>Okayo FreeCom erm\u00f6glicht den st\u00f6rungsfreien Parallelbetrieb mehrerer unabh\u00e4ngiger Gruppen. Durch sein universelles Design kann jedes FreeCom-Ger\u00e4t als Master, Sub-Master oder Listen-Einheit konfiguriert werden. Es wird nicht zwischen Sendern und Empf\u00e4ngern unterschieden.<\/p>\n<p>FreeCom kann auch als Tourguide-System mit einer Master-Einheit und einer Gruppe von Empf\u00e4ngern in einer Listen-Konfiguration dienen.<\/p>\n<p>F\u00fcr FreeCom-Sets steht eine breite Palette von Headsets f\u00fcr jede Umgebung zur Verf\u00fcgung, vom St\u00e4dtetrip bis zur Werksbesichtigung.<\/p>\n<p>Merkmale von Okayo FreeCom:<br \/>\n&#8211; 4GFSK digitales Modulationsverfahren mit Ger\u00e4uschunterdr\u00fcckung<br \/>\n&#8211; Einseitige oder bidirektionale Vollduplex-Kommunikation<br \/>\n&#8211; Wahlm\u00f6glichkeit der Kanalverschl\u00fcsselung f\u00fcr private und sichere Gespr\u00e4che<br \/>\n&#8211; Jedes Ger\u00e4t kann als Master, Sub-Master oder Listen konfiguriert werden<br \/>\n&#8211; Drahtlose Ger\u00e4tesynchronisation<br \/>\n&#8211; 7 Kan\u00e4le f\u00fcr das Frequenzband 863 ~ 865 MHz<br \/>\n&#8211; Keine Beschr\u00e4nkung der Gruppengr\u00f6\u00dfe<br \/>\n&#8211; Beleuchtete, kontrastreiche OLED-Anzeige<br \/>\n&#8211; Vollst\u00e4ndig drahtloses System ohne Basisstation oder Installation<br \/>\n&#8211; Reichweite \u00fcber 100 m in der Sichtlinie<br \/>\n&#8211; Ganzt\u00e4giger Betrieb mit einem Satz Batterien<br \/>\n&#8211; Drei Sprechtastenfunktionen &#8211; PTB, PTT, PTM<br \/>\n&#8211; Einstellbare Mikrofonempfindlichkeit und HF-Leistung<br \/>\n&#8211; H\u00f6rger\u00e4te-kompatible Kopfh\u00f6rerbuchse (HAC)<br \/>\n&#8211; Zus\u00e4tzliche Aux-In-Buchse am Ger\u00e4t<br \/>\n&#8211; Gro\u00dfes Angebot an Zubeh\u00f6r<\/p>\n<p>Einsatzbereich:<br \/>\n&#8211; F\u00fchrungen \/ Kommunikation in lauter Umgebung (Industrie)<br \/>\n&#8211; Kommunikation in Kleingruppen, z. B. Audioproduktion<br \/>\n&#8211; Service von Hotels, Restaurants, Schiffen, Museen, Touristenattraktionen<br \/>\n&#8211; Sport, Sporttraining, Schiedsrichter, Sportveranstaltungen<br \/>\n&#8211; Bidirektionales Tourguide-System<\/p>\n","protected":false},"excerpt":{"rendered":"<p>Der Okayo FreeCom ist die perfekte Wahl, wenn es um sichere, zuverl\u00e4ssige, drahtlose Freisprechkommunikation im Vollduplex-Modus geht: Mit den leichten und kompakten drahtlosen Sende- und Empfangsger\u00e4ten k\u00f6nnen bis zu sechs Benutzer gleichzeitig sprechen und eine unbegrenzte Anzahl von Benutzern in einer Gruppe zuh\u00f6ren &#8211; und das bei kristallklarem Klang.<\/p>\n","protected":false},"featured_media":49059,"template":"","meta":{"_acf_changed":false},"product_brand":[],"product_cat":[5938,5931],"product_tag":[],"class_list":{"0":"post-61747","1":"product","2":"type-product","3":"status-publish","4":"has-post-thumbnail","6":"product_cat-drahtlose-sprechanlage-de","7":"product_cat-intercom-systeme-de-2","9":"first","10":"instock","11":"taxable","12":"shipping-taxable","13":"purchasable","14":"product-type-simple"},"acf":[],"_links":{"self":[{"href":"https:\/\/mexpo.eu\/de\/wp-json\/wp\/v2\/product\/61747","targetHints":{"allow":["GET"]}}],"collection":[{"href":"https:\/\/mexpo.eu\/de\/wp-json\/wp\/v2\/product"}],"about":[{"href":"https:\/\/mexpo.eu\/de\/wp-json\/wp\/v2\/types\/product"}],"wp:featuredmedia":[{"embeddable":true,"href":"https:\/\/mexpo.eu\/de\/wp-json\/wp\/v2\/media\/49059"}],"wp:attachment":[{"href":"https:\/\/mexpo.eu\/de\/wp-json\/wp\/v2\/media?parent=61747"}],"wp:term":[{"taxonomy":"product_brand","embeddable":true,"href":"https:\/\/mexpo.eu\/de\/wp-json\/wp\/v2\/product_brand?post=61747"},{"taxonomy":"product_cat","embeddable":true,"href":"https:\/\/mexpo.eu\/de\/wp-json\/wp\/v2\/product_cat?post=61747"},{"taxonomy":"product_tag","embeddable":true,"href":"https:\/\/mexpo.eu\/de\/wp-json\/wp\/v2\/product_tag?post=61747"}],"curies":[{"name":"wp","href":"https:\/\/api.w.org\/{rel}","templated":true}]}}