{"id":61738,"date":"2025-02-17T13:13:18","date_gmt":"2025-02-17T13:13:18","guid":{"rendered":"https:\/\/mexpo.pl?post_type=product&#038;p=61738"},"modified":"2025-02-17T14:50:28","modified_gmt":"2025-02-17T14:50:28","slug":"aa-r6-maxell-einwegbatterien-480-stuck","status":"publish","type":"product","link":"https:\/\/mexpo.eu\/de\/produkt\/aa-r6-maxell-einwegbatterien-480-stuck\/","title":{"rendered":"AA (R6) MAXELL Einwegbatterien (480 St\u00fcck)"},"content":{"rendered":"<p>Das Mindesthaltbarkeitsdatum: 2025<\/p>\n<p>Technische Daten:<br \/>\n&#8211; Nennspannung [V]: 1.5<br \/>\n&#8211; Modell: LR6\/AA<br \/>\n&#8211; Gr\u00f6\u00dfe: AA<br \/>\n&#8211; Nennspannung [V]: 1.5<br \/>\n&#8211; Durchmesser [mm]: 14.5<br \/>\n&#8211; H\u00f6he [mm]: 50.5<br \/>\n&#8211; Andere Kennzeichnung: LR6 \/ AA \/ R6 \/ MN 1500 \/ Mignon \/ AM3 \/ E91 \/ Stilo<\/p>\n","protected":false},"excerpt":{"rendered":"<p>LR6\/AA-Alkalibatterie mit einer Kapazit\u00e4t von 2600 mAh. Entwickelt f\u00fcr Zuverl\u00e4ssigkeit und langanhaltende Leistung bei hohem und niedrigem Stromverbrauch.<\/p>\n","protected":false},"featured_media":48821,"template":"","meta":{"_acf_changed":false},"product_brand":[],"product_cat":[5935,5985],"product_tag":[],"class_list":{"0":"post-61738","1":"product","2":"type-product","3":"status-publish","4":"has-post-thumbnail","6":"product_cat-batterien-und-akkus-de","7":"product_cat-batterien-und-akkus-de-2","8":"product_shipping_class-baterie-9","10":"first","11":"instock","12":"taxable","13":"shipping-taxable","14":"purchasable","15":"product-type-simple"},"acf":[],"_links":{"self":[{"href":"https:\/\/mexpo.eu\/de\/wp-json\/wp\/v2\/product\/61738","targetHints":{"allow":["GET"]}}],"collection":[{"href":"https:\/\/mexpo.eu\/de\/wp-json\/wp\/v2\/product"}],"about":[{"href":"https:\/\/mexpo.eu\/de\/wp-json\/wp\/v2\/types\/product"}],"wp:featuredmedia":[{"embeddable":true,"href":"https:\/\/mexpo.eu\/de\/wp-json\/wp\/v2\/media\/48821"}],"wp:attachment":[{"href":"https:\/\/mexpo.eu\/de\/wp-json\/wp\/v2\/media?parent=61738"}],"wp:term":[{"taxonomy":"product_brand","embeddable":true,"href":"https:\/\/mexpo.eu\/de\/wp-json\/wp\/v2\/product_brand?post=61738"},{"taxonomy":"product_cat","embeddable":true,"href":"https:\/\/mexpo.eu\/de\/wp-json\/wp\/v2\/product_cat?post=61738"},{"taxonomy":"product_tag","embeddable":true,"href":"https:\/\/mexpo.eu\/de\/wp-json\/wp\/v2\/product_tag?post=61738"}],"curies":[{"name":"wp","href":"https:\/\/api.w.org\/{rel}","templated":true}]}}