{"id":61703,"date":"2025-02-17T13:14:38","date_gmt":"2025-02-17T13:14:38","guid":{"rendered":"https:\/\/mexpo.pl?post_type=product&#038;p=61703"},"modified":"2026-02-19T10:08:50","modified_gmt":"2026-02-19T09:08:50","slug":"tourguide-system-set-okayo-wt-300d-m-502","status":"publish","type":"product","link":"https:\/\/mexpo.eu\/de\/produkt\/tourguide-system-set-okayo-wt-300d-m-502\/","title":{"rendered":"Tourguide System Set &#8211; Okayo WT-300D | M (50+2)"},"content":{"rendered":"<p><strong>Der Satz enth\u00e4lt:<\/strong><br \/>\n&#8211; 50 Empf\u00e4nger<br \/>\n&#8211; 2 Sender<br \/>\n&#8211; 50 Stk. SH-Kopfh\u00f6rer<br \/>\n&#8211; 2 Stk. LM Mikrofone<br \/>\n&#8211; Schl\u00fcsselbandbefestigung<br \/>\n&#8211; 50 Hygiene-Lanyards<br \/>\n&#8211; TBX-2 Transporttasche- 2 Stk.<\/p>\n<p><strong>Das digitale Modell WT-300D (lila Empf\u00e4nger, t\u00fcrkise Sender) ist nicht kompatibel mit den alten analogen Generationen dieses Modells (rote Empf\u00e4nger, blaue Sender). Die Inkompatibilit\u00e4t ist kein Grund f\u00fcr eine Reklamation oder R\u00fcckgabe der Ware.<\/strong><\/p>\n<p><strong>Die Farbe der Tasche auf dem Bild ist ein Beispiel. Fragen Sie nach verf\u00fcgbaren Farben.<\/strong><\/p>\n<p>Das Okayo WT-300 kann nicht anders als ein Kultmodell beschrieben werden. Die roten Empf\u00e4nger haben Stadtf\u00fchrer und Touristen in ganz Europa bereits \u00fcber zehn Jahre begleitet. Durch hervorragende Betriebsparameter wie z. B. die Reichweite, die Betriebszeit, widerstandsf\u00e4higes Geh\u00e4use oder einfache Bedienung haben Sie f\u00fcr sich eine treue Gruppe von Anh\u00e4ngern entwickelt.<\/p>\n<p><strong>Alles hat einmal ein Ende&#8230; um Platz f\u00fcr etwas besseres zu schaffen!<\/strong><\/p>\n<p>Die neue digitale Generation \u2013 das Modell Okayo WT-300D (Digital).<\/p>\n<p>Dank Wahl der digitalen \u00dcbertragung k\u00f6nnen wir nicht nur einen besseren Preis als f\u00fcr \u00e4ltere, analoge Versionen anbieten (wobei teile f\u00fcr analoge Versionen nicht mehr produziert werden, ihre Preise steigen daher), wir k\u00f6nnen aber auch eine neue, bisher nicht verf\u00fcgbare Funktion vorstellen \u2013 <strong>ferngesteuerte Kanalwahl in den Empfangsger\u00e4ten<\/strong>. Dazu sind die Okayo WT-300D-Empf\u00e4nger <strong>mit H\u00f6rger\u00e4ten kompatibel (Engl. HAC)<\/strong>, sie k\u00f6nnen also durch Personen mit H\u00f6rger\u00e4ten verwendet werden.<\/p>\n<p><strong>Weniger hei\u00dft mehr.<\/strong><\/p>\n<p>Das Okayo WT-300D hat 25 Kan\u00e4le&#8230; es sind aber nur anscheinend weniger als die \u00e4ltere Generation.<br \/>\nDas neue digitale Modell Okayo WT-300 bedient gleichzeitig mehr Kan\u00e4le als das analoge Vorg\u00e4ngermodell. Es k\u00f6nnen gleichzeitig bis zu 25 Gruppen \u00fcber separate Kan\u00e4le im gleichen eingeschr\u00e4nkten Raum gef\u00fchrt werden (das analoge Modell erlaubte bis zu zehn Gruppen). Das bedeutet, dass die M\u00f6glichkeit der Beeintr\u00e4chtigung durch andere Gruppen mit dem gleichen Modell bei popul\u00e4ren Sehensw\u00fcrdigkeiten noch geringer ist.<\/p>\n<p><strong>Neues Modell \u2013 bekannte Vorteile.<\/strong><\/p>\n<p>Das Okayo WT-300D bietet \u2013 wie bereits bekannt \u2013 eine sehr gute Reichweite an, sowie eine noch bessere Betriebszeit als sein \u00e4lterer, analoger Bruder. Eine Ladung oder Batteriesatz macht es f\u00fcr den Empf\u00e4nger m\u00f6glich, \u00fcber 35 Stunden, also zehn mehr als fr\u00fcher, arbeiten.<\/p>\n<p>Das Geh\u00e4use des WT-300D hat sich nicht ge\u00e4ndert&#8230; bis auf die Farbe. Das Material ist immer noch das bew\u00e4hrte ABS, widerstandsf\u00e4hig gegen Br\u00fcche und sogar kleine Risse, es hat diesmal aber eine einmalige, originelle Farbe.<\/p>\n<p>Der Sender hat ein eingebautes Mikrophon, wenn Ihr Lieblings-Zusatzmikrophon, z. B. das LM-90 oder HM-65, abhanden kommen.<\/p>\n<p><strong>Alle aktuelle Ausstattungsteile, darunter die Okayo HDC-300-Ladeger\u00e4te, sind mit dem neuen Okayo WT-300D.<\/strong><\/p>\n<p><strong>Garantie \u2013 drei Jahre.<\/strong><\/p>\n","protected":false},"excerpt":{"rendered":"<p>Okayo WT-300D &#8211; ein neues digitales Tour-Guide-System von Okayo Electronics. Eine zeitgem\u00e4\u00dfe digitale Version der legend\u00e4ren Tour-Guide-L\u00f6sung mit neuen praktischen Funktionen.<\/p>\n<p><a href=\"https:\/\/mguide.eu\/wp-content\/uploads\/2024\/08\/DE-Baner.png\"><img loading=\"lazy\" decoding=\"async\" class=\"alignnone size-full wp-image-45229\" src=\"https:\/\/mguide.eu\/wp-content\/uploads\/2024\/08\/DE-Baner.png\" alt=\"\" width=\"630\" height=\"120\" \/><\/a><\/p>\n<p><span style=\"color: #ff0000;\"><strong>Achtung! Verl\u00e4ngerte Wartezeit. N\u00e4chste geplante Lieferung: 06.03.2026.<\/strong><\/span><\/p>\n<div id=\"gtx-trans\" style=\"position: absolute; left: -561px; top: -10px;\">\n<div class=\"gtx-trans-icon\">\u00a0<\/div>\n<\/div>\n","protected":false},"featured_media":65471,"template":"","meta":{"_acf_changed":false},"product_brand":[],"product_cat":[5201],"product_tag":[],"class_list":{"0":"post-61703","1":"product","2":"type-product","3":"status-publish","4":"has-post-thumbnail","6":"product_cat-tour-guide-sets-tour-guide-systeme","8":"first","9":"instock","10":"taxable","11":"shipping-taxable","12":"purchasable","13":"product-type-simple"},"acf":[],"_links":{"self":[{"href":"https:\/\/mexpo.eu\/de\/wp-json\/wp\/v2\/product\/61703","targetHints":{"allow":["GET"]}}],"collection":[{"href":"https:\/\/mexpo.eu\/de\/wp-json\/wp\/v2\/product"}],"about":[{"href":"https:\/\/mexpo.eu\/de\/wp-json\/wp\/v2\/types\/product"}],"wp:featuredmedia":[{"embeddable":true,"href":"https:\/\/mexpo.eu\/de\/wp-json\/wp\/v2\/media\/65471"}],"wp:attachment":[{"href":"https:\/\/mexpo.eu\/de\/wp-json\/wp\/v2\/media?parent=61703"}],"wp:term":[{"taxonomy":"product_brand","embeddable":true,"href":"https:\/\/mexpo.eu\/de\/wp-json\/wp\/v2\/product_brand?post=61703"},{"taxonomy":"product_cat","embeddable":true,"href":"https:\/\/mexpo.eu\/de\/wp-json\/wp\/v2\/product_cat?post=61703"},{"taxonomy":"product_tag","embeddable":true,"href":"https:\/\/mexpo.eu\/de\/wp-json\/wp\/v2\/product_tag?post=61703"}],"curies":[{"name":"wp","href":"https:\/\/api.w.org\/{rel}","templated":true}]}}