{"id":61668,"date":"2025-02-17T13:14:17","date_gmt":"2025-02-17T13:14:17","guid":{"rendered":"https:\/\/mexpo.pl?post_type=product&#038;p=61668"},"modified":"2025-02-17T14:51:14","modified_gmt":"2025-02-17T14:51:14","slug":"hdc-324-ladegerat","status":"publish","type":"product","link":"https:\/\/mexpo.eu\/de\/produkt\/hdc-324-ladegerat\/","title":{"rendered":"HDC-324 Ladeger\u00e4t"},"content":{"rendered":"<p>Spezielles tragbares Ladeger\u00e4t f\u00fcr 24 Ger\u00e4te Okayo WT-350 und WT-350D.<\/p>\n","protected":false},"excerpt":{"rendered":"<p>Spezielles, tragbares Kofferladeger\u00e4t f\u00fcr die Modelle Okayo WT-350 und WT-350D, ausgelegt f\u00fcr 24 Ger\u00e4te. Abnehmbarer Deckel des Koffers.<\/p>\n","protected":false},"featured_media":48899,"template":"","meta":{"_acf_changed":false},"product_brand":[],"product_cat":[6000],"product_tag":[],"class_list":{"0":"post-61668","1":"product","2":"type-product","3":"status-publish","4":"has-post-thumbnail","6":"product_cat-ladegeraete","8":"first","9":"instock","10":"taxable","11":"shipping-taxable","12":"purchasable","13":"product-type-simple"},"acf":[],"_links":{"self":[{"href":"https:\/\/mexpo.eu\/de\/wp-json\/wp\/v2\/product\/61668","targetHints":{"allow":["GET"]}}],"collection":[{"href":"https:\/\/mexpo.eu\/de\/wp-json\/wp\/v2\/product"}],"about":[{"href":"https:\/\/mexpo.eu\/de\/wp-json\/wp\/v2\/types\/product"}],"wp:featuredmedia":[{"embeddable":true,"href":"https:\/\/mexpo.eu\/de\/wp-json\/wp\/v2\/media\/48899"}],"wp:attachment":[{"href":"https:\/\/mexpo.eu\/de\/wp-json\/wp\/v2\/media?parent=61668"}],"wp:term":[{"taxonomy":"product_brand","embeddable":true,"href":"https:\/\/mexpo.eu\/de\/wp-json\/wp\/v2\/product_brand?post=61668"},{"taxonomy":"product_cat","embeddable":true,"href":"https:\/\/mexpo.eu\/de\/wp-json\/wp\/v2\/product_cat?post=61668"},{"taxonomy":"product_tag","embeddable":true,"href":"https:\/\/mexpo.eu\/de\/wp-json\/wp\/v2\/product_tag?post=61668"}],"curies":[{"name":"wp","href":"https:\/\/api.w.org\/{rel}","templated":true}]}}