{"id":61658,"date":"2025-02-17T13:14:16","date_gmt":"2025-02-17T13:14:16","guid":{"rendered":"https:\/\/mexpo.pl?post_type=product&#038;p=61658"},"modified":"2025-06-12T13:12:37","modified_gmt":"2025-06-12T13:12:37","slug":"hdc-300-ladegerat","status":"publish","type":"product","link":"https:\/\/mexpo.eu\/de\/produkt\/hdc-300-ladegerat\/","title":{"rendered":"HDC-300 Ladeger\u00e4t"},"content":{"rendered":"<p>Spezielles tragbares Ladeger\u00e4t f\u00fcr 24 Ger\u00e4te Okayo WT-300D.<\/p>\n","protected":false},"excerpt":{"rendered":"<p>Ladeger\u00e4t HDC-300 \u2013 Spezielles tragbares Ladeger\u00e4t f\u00fcr das Modell Okayo WT-300D, ausgelegt f\u00fcr 24 Ger\u00e4te. Abnehmbarer Deckel des Koffers.<br \/>\n<span style=\"color: #ff0000;\">Die Lieferzeit f\u00fcr dieses Produkt ist derzeit verl\u00e4ngert.<\/span><\/p>\n","protected":false},"featured_media":48896,"template":"","meta":{"_acf_changed":false},"product_brand":[],"product_cat":[6000],"product_tag":[],"class_list":{"0":"post-61658","1":"product","2":"type-product","3":"status-publish","4":"has-post-thumbnail","6":"product_cat-ladegeraete","8":"first","9":"instock","10":"taxable","11":"shipping-taxable","12":"purchasable","13":"product-type-simple"},"acf":[],"_links":{"self":[{"href":"https:\/\/mexpo.eu\/de\/wp-json\/wp\/v2\/product\/61658","targetHints":{"allow":["GET"]}}],"collection":[{"href":"https:\/\/mexpo.eu\/de\/wp-json\/wp\/v2\/product"}],"about":[{"href":"https:\/\/mexpo.eu\/de\/wp-json\/wp\/v2\/types\/product"}],"wp:featuredmedia":[{"embeddable":true,"href":"https:\/\/mexpo.eu\/de\/wp-json\/wp\/v2\/media\/48896"}],"wp:attachment":[{"href":"https:\/\/mexpo.eu\/de\/wp-json\/wp\/v2\/media?parent=61658"}],"wp:term":[{"taxonomy":"product_brand","embeddable":true,"href":"https:\/\/mexpo.eu\/de\/wp-json\/wp\/v2\/product_brand?post=61658"},{"taxonomy":"product_cat","embeddable":true,"href":"https:\/\/mexpo.eu\/de\/wp-json\/wp\/v2\/product_cat?post=61658"},{"taxonomy":"product_tag","embeddable":true,"href":"https:\/\/mexpo.eu\/de\/wp-json\/wp\/v2\/product_tag?post=61658"}],"curies":[{"name":"wp","href":"https:\/\/api.w.org\/{rel}","templated":true}]}}