{"id":61640,"date":"2025-02-17T13:13:57","date_gmt":"2025-02-17T13:13:57","guid":{"rendered":"https:\/\/mexpo.pl?post_type=product&#038;p=61640"},"modified":"2025-02-17T14:50:54","modified_gmt":"2025-02-17T14:50:54","slug":"tragetasche-cb-48","status":"publish","type":"product","link":"https:\/\/mexpo.eu\/de\/produkt\/tragetasche-cb-48\/","title":{"rendered":"Tragetasche CB-48"},"content":{"rendered":"<p>Sehr leichte Transporttasche f\u00fcr 48 mGuide DLR-01 Ger\u00e4te.<\/p>\n","protected":false},"excerpt":{"rendered":"<p>Sehr leichte Transporttasche f\u00fcr 48 St\u00fcck mGuide DLR-01-Ger\u00e4te. Reisef\u00fchrertasche, schwarz. Kompatibilit\u00e4t mGuide DLR-01.<\/p>\n","protected":false},"featured_media":48857,"template":"","meta":{"_acf_changed":false},"product_brand":[],"product_cat":[5999],"product_tag":[],"class_list":{"0":"post-61640","1":"product","2":"type-product","3":"status-publish","4":"has-post-thumbnail","6":"product_cat-taschen-und-transportkoffer-de","8":"first","9":"instock","10":"taxable","11":"shipping-taxable","12":"purchasable","13":"product-type-simple"},"acf":[],"_links":{"self":[{"href":"https:\/\/mexpo.eu\/de\/wp-json\/wp\/v2\/product\/61640","targetHints":{"allow":["GET"]}}],"collection":[{"href":"https:\/\/mexpo.eu\/de\/wp-json\/wp\/v2\/product"}],"about":[{"href":"https:\/\/mexpo.eu\/de\/wp-json\/wp\/v2\/types\/product"}],"wp:featuredmedia":[{"embeddable":true,"href":"https:\/\/mexpo.eu\/de\/wp-json\/wp\/v2\/media\/48857"}],"wp:attachment":[{"href":"https:\/\/mexpo.eu\/de\/wp-json\/wp\/v2\/media?parent=61640"}],"wp:term":[{"taxonomy":"product_brand","embeddable":true,"href":"https:\/\/mexpo.eu\/de\/wp-json\/wp\/v2\/product_brand?post=61640"},{"taxonomy":"product_cat","embeddable":true,"href":"https:\/\/mexpo.eu\/de\/wp-json\/wp\/v2\/product_cat?post=61640"},{"taxonomy":"product_tag","embeddable":true,"href":"https:\/\/mexpo.eu\/de\/wp-json\/wp\/v2\/product_tag?post=61640"}],"curies":[{"name":"wp","href":"https:\/\/api.w.org\/{rel}","templated":true}]}}