{"id":61596,"date":"2025-02-17T13:13:37","date_gmt":"2025-02-17T13:13:37","guid":{"rendered":"https:\/\/mexpo.pl?post_type=product&#038;p=61596"},"modified":"2025-06-26T13:15:23","modified_gmt":"2025-06-26T13:15:23","slug":"trageband-haken-smj-sdp-zk-50-stuck","status":"publish","type":"product","link":"https:\/\/mexpo.eu\/de\/produkt\/trageband-haken-smj-sdp-zk-50-stuck\/","title":{"rendered":"Tragebandhaken f\u00fcr Hygieneleinen (ZK) (50 St\u00fcck)"},"content":{"rendered":"<p>Praktisches Hakensystem f\u00fcr Hygieneleinen. Der Haken besteht aus dem sogenannten &#8220;Schnurrbart&#8221;, d.h. Schlaufen, die an dem Ger\u00e4t angebracht werden sollen und einem Karabiner zum Einhaken des SMJ- oder SDP-Tragebands.<\/p>\n","protected":false},"excerpt":{"rendered":"<p>Praktisches Hakensystem f\u00fcr Hygieneleinen.. Die Anh\u00e4ngerkupplung besteht aus dem sogenannten \u201eWhiskers\u201c, also eine Schlaufe zum Befestigen am Ger\u00e4t. Packungsgr\u00f6\u00dfe 50 St\u00fcck.<\/p>\n","protected":false},"featured_media":48848,"template":"","meta":{"_acf_changed":false},"product_brand":[],"product_cat":[5924,5992],"product_tag":[],"class_list":{"0":"post-61596","1":"product","2":"type-product","3":"status-publish","4":"has-post-thumbnail","6":"product_cat-hygiene-de","7":"product_cat-umhaengebaender","9":"first","10":"instock","11":"taxable","12":"shipping-taxable","13":"purchasable","14":"product-type-simple"},"acf":[],"_links":{"self":[{"href":"https:\/\/mexpo.eu\/de\/wp-json\/wp\/v2\/product\/61596","targetHints":{"allow":["GET"]}}],"collection":[{"href":"https:\/\/mexpo.eu\/de\/wp-json\/wp\/v2\/product"}],"about":[{"href":"https:\/\/mexpo.eu\/de\/wp-json\/wp\/v2\/types\/product"}],"wp:featuredmedia":[{"embeddable":true,"href":"https:\/\/mexpo.eu\/de\/wp-json\/wp\/v2\/media\/48848"}],"wp:attachment":[{"href":"https:\/\/mexpo.eu\/de\/wp-json\/wp\/v2\/media?parent=61596"}],"wp:term":[{"taxonomy":"product_brand","embeddable":true,"href":"https:\/\/mexpo.eu\/de\/wp-json\/wp\/v2\/product_brand?post=61596"},{"taxonomy":"product_cat","embeddable":true,"href":"https:\/\/mexpo.eu\/de\/wp-json\/wp\/v2\/product_cat?post=61596"},{"taxonomy":"product_tag","embeddable":true,"href":"https:\/\/mexpo.eu\/de\/wp-json\/wp\/v2\/product_tag?post=61596"}],"curies":[{"name":"wp","href":"https:\/\/api.w.org\/{rel}","templated":true}]}}