{"id":61578,"date":"2025-02-17T13:13:21","date_gmt":"2025-02-17T13:13:21","guid":{"rendered":"https:\/\/mexpo.pl?post_type=product&#038;p=61578"},"modified":"2026-04-24T13:20:55","modified_gmt":"2026-04-24T11:20:55","slug":"tragebander-zum-waschen-in-einer-waschmaschine-sdp","status":"publish","type":"product","link":"https:\/\/mexpo.eu\/de\/produkt\/tragebander-zum-waschen-in-einer-waschmaschine-sdp\/","title":{"rendered":"Hygienische Trageb\u00e4nder"},"content":{"rendered":"<p>Das Hygiene-Umh\u00e4ngeband ist Teil unseres\u00a0<b>eigenentwickelten Umh\u00e4ngeband-Systems<\/b>, bestehend aus einer\u00a0<b>Baumwollschlaufe<\/b>\u00a0und einem\u00a0<b>Karabinerhaken<\/b>. Das Hauptelement des Systems ist das Hygiene-Umh\u00e4ngeband in Form einer\u00a0<b>Baumwollschlaufe<\/b>. Dank der Verwendung von Baumwolle ist das Umh\u00e4ngeband\u00a0<b>bequem<\/b>\u00a0und angenehmer zu tragen. Das Hygiene-Umh\u00e4ngeband kann\u00a0<b>gewaschen<\/b>\u00a0werden, was die Reinigung erleichtert. Alternativ kann die Schlaufe einfach\u00a0<b>vom Haken gel\u00f6st und entsorgt<\/b>\u00a0werden, w\u00e4hrend der Karabinerhaken f\u00fcr die Wiederverwendung mit einer neuen Schlaufe behalten wird.<\/p>\n<p><strong>Warum sollten Sie sich f\u00fcr das Hygiene-Umh\u00e4ngeband entscheiden?<\/strong><\/p>\n<ul>\n<li><b>Komfort den ganzen Tag:<\/b>\u00a0Die Baumwollkonstruktion des Umh\u00e4ngebandes bietet einen deutlich h\u00f6heren Tragekomfort im Vergleich zu Polyester-Umh\u00e4ngeb\u00e4ndern. Baumwolle ist weicher und atmungsaktiver, was sich bei mehrst\u00fcndigen Ausfl\u00fcgen in einem h\u00f6heren Tragekomfort niederschl\u00e4gt.<\/li>\n<li><b>Hygiene und einfache Pflege:<\/b>\u00a0Die Waschbarkeit der Baumwollschlaufe ist ein gro\u00dfer Vorteil in der Tourismusbranche. Umh\u00e4ngeb\u00e4nder sind bei intensiver Nutzung unter verschiedenen Bedingungen Schwei\u00df, Staub und anderen Verschmutzungen ausgesetzt. Regelm\u00e4\u00dfiges Waschen gew\u00e4hrleistet ein hohes Ma\u00df an Hygiene, was sowohl f\u00fcr das Image des Reiseleiters als auch f\u00fcr den Komfort des Touristen wichtig ist.<\/li>\n<li><b>Schneller Austausch bei Bedarf:<\/b>\u00a0Das einzigartige System zum Abnehmen der Schlaufe erm\u00f6glicht einen schnellen Austausch des Umh\u00e4ngebandes. Bei starker Verschmutzung, Besch\u00e4digung oder einfach der Notwendigkeit, schnell zu einem frischen Umh\u00e4ngeband zu wechseln, kann die alte Schlaufe einfach abgenommen und durch eine neue ersetzt werden, ohne dass der gesamte Haken vom Tourguide-Ger\u00e4t demontiert werden muss. Das spart Zeit und ist praktisch in einem dynamischen Arbeitsumfeld.<\/li>\n<li><b>Wirtschaftlichkeit und nachhaltige Entwicklung:<\/b>\u00a0Dank der M\u00f6glichkeit, nur die Baumwollschlaufe auszutauschen, m\u00fcssen Reiseleiter nicht jedes Mal ein komplettes Umh\u00e4ngeband-Set kaufen, wenn die Schlaufe abgenutzt ist. Es reicht aus, nur die Schlaufen nachzukaufen, was wirtschaftlicher und \u00f6kologischer ist und die Menge des erzeugten Abfalls reduziert. Dies steht auch im Einklang mit dem Geist der nachhaltigen Entwicklung, was ein Vorteil f\u00fcr Tourismusunternehmen sein kann.<\/li>\n<li><b>Professionelles Erscheinungsbild:<\/b>\u00a0Ein sauberes und gepflegtes Umh\u00e4ngeband ist ein Element des professionellen Images eines Reiseleiters. Das System zum einfachen Waschen und Austauschen der Schlaufen erm\u00f6glicht es Ihnen, sich immer tadellos zu pr\u00e4sentieren, was die Wahrnehmung durch Touristen beeinflusst und Vertrauen schafft.<\/li>\n<\/ul>\n","protected":false},"excerpt":{"rendered":"<p>Das Umh\u00e4ngeband f\u00fcr Tourguide-Ger\u00e4te in Form einer Baumwollschlaufe, zur Verwendung mit dem \u201eZK\u201c-Haken (separat zu erwerben). Die Schlaufe ist in\u00a0 Gelb erh\u00e4ltlich und besteht aus nat\u00fcrlicher, weicher Baumwolle. Sie enth\u00e4lt keine Plastikelemente, so dass sie gewaschen werden kann, was die Reinigung erleichtert. Verf\u00fcgbare Verpackungen: 50 St\u00fcck und 1000 St\u00fcck.<\/p>\n","protected":false},"featured_media":48842,"template":"","meta":{"_acf_changed":false},"product_brand":[],"product_cat":[5924,5992],"product_tag":[],"class_list":{"0":"post-61578","1":"product","2":"type-product","3":"status-publish","4":"has-post-thumbnail","6":"product_cat-hygiene-de","7":"product_cat-umhaengebaender","9":"first","10":"instock","11":"taxable","12":"shipping-taxable","13":"purchasable","14":"product-type-variable"},"acf":[],"_links":{"self":[{"href":"https:\/\/mexpo.eu\/de\/wp-json\/wp\/v2\/product\/61578","targetHints":{"allow":["GET"]}}],"collection":[{"href":"https:\/\/mexpo.eu\/de\/wp-json\/wp\/v2\/product"}],"about":[{"href":"https:\/\/mexpo.eu\/de\/wp-json\/wp\/v2\/types\/product"}],"wp:featuredmedia":[{"embeddable":true,"href":"https:\/\/mexpo.eu\/de\/wp-json\/wp\/v2\/media\/48842"}],"wp:attachment":[{"href":"https:\/\/mexpo.eu\/de\/wp-json\/wp\/v2\/media?parent=61578"}],"wp:term":[{"taxonomy":"product_brand","embeddable":true,"href":"https:\/\/mexpo.eu\/de\/wp-json\/wp\/v2\/product_brand?post=61578"},{"taxonomy":"product_cat","embeddable":true,"href":"https:\/\/mexpo.eu\/de\/wp-json\/wp\/v2\/product_cat?post=61578"},{"taxonomy":"product_tag","embeddable":true,"href":"https:\/\/mexpo.eu\/de\/wp-json\/wp\/v2\/product_tag?post=61578"}],"curies":[{"name":"wp","href":"https:\/\/api.w.org\/{rel}","templated":true}]}}