{"id":61554,"date":"2025-02-17T13:13:01","date_gmt":"2025-02-17T13:13:01","guid":{"rendered":"https:\/\/mexpo.pl?post_type=product&#038;p=61554"},"modified":"2025-02-17T14:50:25","modified_gmt":"2025-02-17T14:50:25","slug":"maytel-grand-multicom-2-4g-drahtloses-vollduplex-interfon-fur-industrie-bau-und-spezialdienste","status":"publish","type":"product","link":"https:\/\/mexpo.eu\/de\/produkt\/maytel-grand-multicom-2-4g-drahtloses-vollduplex-interfon-fur-industrie-bau-und-spezialdienste\/","title":{"rendered":"Maytel Grand Multicom 2.4G &#8211; drahtloses Vollduplex-Interfon f\u00fcr Industrie, Bau und Spezialdienste"},"content":{"rendered":"<p><strong>Das Maytel Grand Multicom 2.4G<\/strong> ist ein digitales, kabelloses, bidirektionales Kommunikationssystem, das die IP67-Normen f\u00fcr Industrie, uniformierte Dienste, Schulungen und Sportveranstaltungen erf\u00fcllt. Es ist ein konkurrenzloses System in seiner Klasse. Es zeichnet sich durch seine geringe Gr\u00f6\u00dfe, sein robustes Geh\u00e4use, einfache Bedienung und gro\u00dfe Reichweite aus.<\/p>\n<p>Merkmale von Grand Multicom 2.4G:<br \/>\n&#8211; Bidirektionale Kommunikation f\u00fcr bis zu zehn Personen auf einem Kanal (9 + 1 PTT) und unbegrenzte Anzahl von Zuh\u00f6rern.<br \/>\n&#8211; 40 Kan\u00e4le auf einem weltweit unlizensierten 2,4 GHz-Frequenzband &#8211; M\u00f6glichkeit, Ger\u00e4te \u00fcberall zu betreiben.<br \/>\n&#8211; Bis zu 500 Meter \u00dcbertragungsreichweite in Sichtlinie und die M\u00f6glichkeit, die Reichweite mit effizienteren Dipolantennen zu erh\u00f6hen.<br \/>\n&#8211; Grand Multicom bietet eine zus\u00e4tzliche Erweiterung der \u00dcbertragungsreichweite durch spezielle Signalrelais.<br \/>\n&#8211; Einstellen des Kanalzugriffscodes mit einem speziellen PIN-Code.<br \/>\n&#8211; Zum Lieferumfang des GM 2.4G geh\u00f6ren ein HSB-01G-Headset, ein Micro-USB-Kabel und eine Tasche.<\/p>\n<p>Einsatzbereich:<br \/>\n&#8211; F\u00fchrung \/ Kommunikation in l\u00e4rmintensiver Umgebung (Industrie)<br \/>\n&#8211; Sicherung und Schutz von Veranstaltungen, Versammlungen, Pilgerfahrten, Konzerten<br \/>\n&#8211; Koordinierung uniformierter Dienste \/ Rettungsteams<br \/>\n&#8211; Service von Hotels, Restaurants, Schiffen, Museen, Touristenattraktionen<br \/>\n&#8211; Sport, Sporttraining, Schiedsrichter und vieles mehr<\/p>\n","protected":false},"excerpt":{"rendered":"<p>Das Maytel Grand Multicom 2.4G ist ein digitales, kabelloses,<br \/>\nbidirektionales Kommunikationssystem, das die IP67-Normen f\u00fcr Industrie, uniformierte Dienste, Schulungen und Sportveranstaltungen erf\u00fcllt. Es ist ein konkurrenzloses System in seiner Klasse. Es zeichnet sich durch seine geringe Gr\u00f6\u00dfe, sein robustes Geh\u00e4use, einfache Bedienung und gro\u00dfe Reichweite aus.<\/p>\n","protected":false},"featured_media":48782,"template":"","meta":{"_acf_changed":false},"product_brand":[],"product_cat":[5938,5931],"product_tag":[],"class_list":{"0":"post-61554","1":"product","2":"type-product","3":"status-publish","4":"has-post-thumbnail","6":"product_cat-drahtlose-sprechanlage-de","7":"product_cat-intercom-systeme-de-2","9":"first","10":"instock","11":"taxable","12":"shipping-taxable","13":"purchasable","14":"product-type-simple"},"acf":[],"_links":{"self":[{"href":"https:\/\/mexpo.eu\/de\/wp-json\/wp\/v2\/product\/61554","targetHints":{"allow":["GET"]}}],"collection":[{"href":"https:\/\/mexpo.eu\/de\/wp-json\/wp\/v2\/product"}],"about":[{"href":"https:\/\/mexpo.eu\/de\/wp-json\/wp\/v2\/types\/product"}],"wp:featuredmedia":[{"embeddable":true,"href":"https:\/\/mexpo.eu\/de\/wp-json\/wp\/v2\/media\/48782"}],"wp:attachment":[{"href":"https:\/\/mexpo.eu\/de\/wp-json\/wp\/v2\/media?parent=61554"}],"wp:term":[{"taxonomy":"product_brand","embeddable":true,"href":"https:\/\/mexpo.eu\/de\/wp-json\/wp\/v2\/product_brand?post=61554"},{"taxonomy":"product_cat","embeddable":true,"href":"https:\/\/mexpo.eu\/de\/wp-json\/wp\/v2\/product_cat?post=61554"},{"taxonomy":"product_tag","embeddable":true,"href":"https:\/\/mexpo.eu\/de\/wp-json\/wp\/v2\/product_tag?post=61554"}],"curies":[{"name":"wp","href":"https:\/\/api.w.org\/{rel}","templated":true}]}}