{"id":61504,"date":"2025-02-17T13:12:23","date_gmt":"2025-02-17T13:12:23","guid":{"rendered":"https:\/\/mexpo.pl?post_type=product&#038;p=61504"},"modified":"2025-02-17T14:49:55","modified_gmt":"2025-02-17T14:49:55","slug":"tbx2-2-x-dch-24u-rucksack-tasche-mit-zwei-ladegeraten-fur-pellegrino-2","status":"publish","type":"product","link":"https:\/\/mexpo.eu\/de\/produkt\/tbx2-2-x-dch-24u-rucksack-tasche-mit-zwei-ladegeraten-fur-pellegrino-2\/","title":{"rendered":"TBX2 + 2 x DCH-24U &#8211; Rucksack-Tasche mit zwei Ladeger\u00e4ten f\u00fcr Pellegrino 2"},"content":{"rendered":"<p>Die 2 Ladeger\u00e4te DCH-24U passen aufgrund ihrer geringen Abmessungen und ihres Gewichts perfekt in die TBX-Tasche.<\/p>\n<p>TBX2 ist eine hervorragende M\u00f6glichkeit, Kraft und Energie zu sparen, dank der M\u00f6glichkeit, das Gewicht von der Hand auf den R\u00fccken zu verlagern. Dar\u00fcber hinaus verf\u00fcgt sie \u00fcber einen Schultergurt und Taschen f\u00fcr Zubeh\u00f6r.<\/p>\n<p>Das Set beinhaltet:<br \/>\n&#8211; 2 Ladeger\u00e4te DCH-24U mit Netzteilen<br \/>\n&#8211; Industrieller 3M-Klettverschluss zur Montage von Ladeger\u00e4ten in TBX<br \/>\n&#8211; TBX2 Rucksacktasche (auch in anderen Farben erh\u00e4ltlich &#8211; Verf\u00fcgbarkeit erfragen)<\/p>\n","protected":false},"excerpt":{"rendered":"<p>Die 2 Ladeger\u00e4te DCH-24U passen aufgrund ihrer geringen Abmessungen und ihres Gewichts perfekt in die TBX-Tasche. TBX2 ist eine hervorragende M\u00f6glichkeit, Kraft und Energie zu sparen, dank der M\u00f6glichkeit, das Gewicht von der Hand auf den R\u00fccken zu verlagern. Dar\u00fcber hinaus verf\u00fcgt sie \u00fcber einen Schultergurt und Taschen f\u00fcr Zubeh\u00f6r.<\/p>\n<p>&nbsp;<\/p>\n<p><a href=\"https:\/\/mguide.eu\/wp-content\/uploads\/2024\/08\/DE-Baner.png\"><img loading=\"lazy\" decoding=\"async\" class=\"alignnone size-full wp-image-45229\" src=\"https:\/\/mguide.eu\/wp-content\/uploads\/2024\/08\/DE-Baner.png\" alt=\"\" width=\"630\" height=\"120\" \/><\/a><\/p>\n","protected":false},"featured_media":48622,"template":"","meta":{"_acf_changed":false},"product_brand":[],"product_cat":[6000,5999],"product_tag":[],"class_list":{"0":"post-61504","1":"product","2":"type-product","3":"status-publish","4":"has-post-thumbnail","6":"product_cat-ladegeraete","7":"product_cat-taschen-und-transportkoffer-de","9":"first","10":"instock","11":"taxable","12":"shipping-taxable","13":"purchasable","14":"product-type-simple"},"acf":[],"_links":{"self":[{"href":"https:\/\/mexpo.eu\/de\/wp-json\/wp\/v2\/product\/61504","targetHints":{"allow":["GET"]}}],"collection":[{"href":"https:\/\/mexpo.eu\/de\/wp-json\/wp\/v2\/product"}],"about":[{"href":"https:\/\/mexpo.eu\/de\/wp-json\/wp\/v2\/types\/product"}],"wp:featuredmedia":[{"embeddable":true,"href":"https:\/\/mexpo.eu\/de\/wp-json\/wp\/v2\/media\/48622"}],"wp:attachment":[{"href":"https:\/\/mexpo.eu\/de\/wp-json\/wp\/v2\/media?parent=61504"}],"wp:term":[{"taxonomy":"product_brand","embeddable":true,"href":"https:\/\/mexpo.eu\/de\/wp-json\/wp\/v2\/product_brand?post=61504"},{"taxonomy":"product_cat","embeddable":true,"href":"https:\/\/mexpo.eu\/de\/wp-json\/wp\/v2\/product_cat?post=61504"},{"taxonomy":"product_tag","embeddable":true,"href":"https:\/\/mexpo.eu\/de\/wp-json\/wp\/v2\/product_tag?post=61504"}],"curies":[{"name":"wp","href":"https:\/\/api.w.org\/{rel}","templated":true}]}}