{"id":61434,"date":"2025-02-17T13:09:17","date_gmt":"2025-02-17T13:09:17","guid":{"rendered":"https:\/\/mexpo.pl?post_type=product&#038;p=61434"},"modified":"2025-03-18T14:57:12","modified_gmt":"2025-03-18T14:57:12","slug":"tasche-rucksack-tbx-2","status":"publish","type":"product","link":"https:\/\/mexpo.eu\/de\/produkt\/tasche-rucksack-tbx-2\/","title":{"rendered":"Tasche\/Rucksack TBX-2"},"content":{"rendered":"<p>Verst\u00e4rkte Schaumstofftasche f\u00fcr 77\/50\/49\/48\/45* Ger\u00e4te zur Verwendung durch einen Stadt- oder Museumsf\u00fchrer. Die Tasche hat einen abnehmbaren Schultergurt, Gurte zum Tragen als Rucksack, die in einer speziellen zus\u00e4tzlichen Rei\u00dfverschlusstasche versteckt sind, zwei Tragegriffe, die es erm\u00f6glichen, die Tasche vertikal oder horizontal zu tragen, einschlie\u00dflich eines horizontalen Doppelgriffs. Der TBX2 hat drei Au\u00dfentaschen mit Rei\u00dfverschluss &#8211; zwei kleinere auf der Vorderseite f\u00fcr Zubeh\u00f6r und eine gro\u00dfe auf der R\u00fcckseite f\u00fcr Dokumente oder Zubeh\u00f6r. Im Hauptfach befindet sich eine zus\u00e4tzliche Rei\u00dfverschlusstasche. Nicht f\u00fcr den Versand per Kurier oder Luftgep\u00e4ck ohne Umverpackung empfohlen. Abmessungen (mm) 330 x 445 x 75<\/p>\n<p>* je nach Systemmodell:<\/p>\n<ul>\n<li>mGuide Pellegrino \u2013 50 St\u00fcck<\/li>\n<li>mGuide Pellegrino 2 \u2013 48 St\u00fcck<\/li>\n<li>Okayo WT-350 \u2013 50 St\u00fcck<\/li>\n<li>Okayo WT-300D &#8211; 45 St\u00fcck<\/li>\n<li>Okayo WT-300G2 \u2013 45 St\u00fcck<\/li>\n<li>Okayo WaveTalk &#8211; 77 St\u00fcck<\/li>\n<li>Okayo OTG-102 &#8211; 49 St\u00fcck<\/li>\n<li>Okayo OTG-200 &#8211; 49 St\u00fcck<\/li>\n<li>Okayo WT-350D &#8211; 50 St\u00fcck<\/li>\n<\/ul>\n","protected":false},"excerpt":{"rendered":"<p>Die Tasche hat einen abnehmbaren Schultergurt, Gurte zum Tragen als Rucksack, die in einer speziellen zus\u00e4tzlichen Rei\u00dfverschlusstasche versteckt sind, zwei Tragegriffe, die es erm\u00f6glichen, die Tasche vertikal oder horizontal zu tragen, einschlie\u00dflich eines horizontalen Doppelgriffs.<\/p>\n<p>&nbsp;<\/p>\n<p><a href=\"https:\/\/mguide.eu\/wp-content\/uploads\/2024\/08\/DE-Baner.png\"><img loading=\"lazy\" decoding=\"async\" class=\"alignnone size-full wp-image-45229\" src=\"https:\/\/mguide.eu\/wp-content\/uploads\/2024\/08\/DE-Baner.png\" alt=\"\" width=\"630\" height=\"120\" \/><\/a><\/p>\n","protected":false},"featured_media":64522,"template":"","meta":{"_acf_changed":false},"product_brand":[],"product_cat":[5999],"product_tag":[],"class_list":{"0":"post-61434","1":"product","2":"type-product","3":"status-publish","4":"has-post-thumbnail","6":"product_cat-taschen-und-transportkoffer-de","8":"first","9":"instock","10":"taxable","11":"shipping-taxable","12":"purchasable","13":"product-type-variable"},"acf":[],"_links":{"self":[{"href":"https:\/\/mexpo.eu\/de\/wp-json\/wp\/v2\/product\/61434","targetHints":{"allow":["GET"]}}],"collection":[{"href":"https:\/\/mexpo.eu\/de\/wp-json\/wp\/v2\/product"}],"about":[{"href":"https:\/\/mexpo.eu\/de\/wp-json\/wp\/v2\/types\/product"}],"wp:featuredmedia":[{"embeddable":true,"href":"https:\/\/mexpo.eu\/de\/wp-json\/wp\/v2\/media\/64522"}],"wp:attachment":[{"href":"https:\/\/mexpo.eu\/de\/wp-json\/wp\/v2\/media?parent=61434"}],"wp:term":[{"taxonomy":"product_brand","embeddable":true,"href":"https:\/\/mexpo.eu\/de\/wp-json\/wp\/v2\/product_brand?post=61434"},{"taxonomy":"product_cat","embeddable":true,"href":"https:\/\/mexpo.eu\/de\/wp-json\/wp\/v2\/product_cat?post=61434"},{"taxonomy":"product_tag","embeddable":true,"href":"https:\/\/mexpo.eu\/de\/wp-json\/wp\/v2\/product_tag?post=61434"}],"curies":[{"name":"wp","href":"https:\/\/api.w.org\/{rel}","templated":true}]}}