{"id":61429,"date":"2025-02-17T13:09:16","date_gmt":"2025-02-17T13:09:16","guid":{"rendered":"https:\/\/mexpo.pl?post_type=product&#038;p=61429"},"modified":"2025-02-17T14:49:49","modified_gmt":"2025-02-17T14:49:49","slug":"dch-24u-24-taschen-ladegerat-fur-mguide-pellegrino-2","status":"publish","type":"product","link":"https:\/\/mexpo.eu\/de\/produkt\/dch-24u-24-taschen-ladegerat-fur-mguide-pellegrino-2\/","title":{"rendered":"DCH-24U &#8211; 24-Taschen-Ladeger\u00e4t f\u00fcr mGuide Pellegrino 2"},"content":{"rendered":"<p>Handliches, leichtes Ladeger\u00e4t f\u00fcr 24 St\u00fcck mGuide Pellegrino 2 Tourguide-Ger\u00e4te. Ladezeit bis zu 4,5 Stunden (beim vollst\u00e4ndig entladen Akku). Verwenden Sie AA NiMH-Batterien mit einer Kapazit\u00e4t von 2100mA oder weniger.<br \/>\nDas Ladeger\u00e4t kann problemlos in einem Koffer mit Kleidung oder in Aktenkoffern mit Dokumenten verstaut werden. Die beiden Ladeger\u00e4te passen perfekt in die TBX1- und TBX2-Taschen.<\/p>\n<p>Seien Sie umweltfreundlich und sparen Sie:<br \/>\n&#8211; Schonen Sie die Umwelt &#8211; verwenden Sie ein Ladeger\u00e4t und wiederaufladbare Batterien anstelle von Einwegbatterien!<br \/>\n&#8211; Sparen Sie Geld &#8211; selbst beim sparsamsten Pellegrino 2 sind Einwegbatterien nach ca. 35 Stunden leer, wohingegen wiederaufladbare Batterien Jahre halten!<\/p>\n<p>Die Kosten f\u00fcr 100 AA-Einwegbatterien zur Versorgung von einem Pellegrino-2-Set (50 Empf\u00e4nger) betragen etwa 90 PLN.<br \/>\nDas Aufladen von 100 Akkus kostet weniger als 1 PLN.<\/p>\n<p>Abmessungen 27x20x4 cm.<br \/>\nInklusive Netzteil und selbstklebenden Gummif\u00fc\u00dfen.<\/p>\n","protected":false},"excerpt":{"rendered":"<p>Ein handliches, leichtes Ladeger\u00e4t f\u00fcr 24 mGuide Pellegrino 2 Reiseleiterger\u00e4te. Ladezeit bis zu 4,5 Stunden (von Null). Zur Verwendung mit AA-NiMH-Akkus mit einer Kapazit\u00e4t von nicht mehr als 2100 mA.<\/p>\n","protected":false},"featured_media":48610,"template":"","meta":{"_acf_changed":false},"product_brand":[],"product_cat":[6000],"product_tag":[],"class_list":{"0":"post-61429","1":"product","2":"type-product","3":"status-publish","4":"has-post-thumbnail","6":"product_cat-ladegeraete","8":"first","9":"instock","10":"taxable","11":"shipping-taxable","12":"purchasable","13":"product-type-simple"},"acf":[],"_links":{"self":[{"href":"https:\/\/mexpo.eu\/de\/wp-json\/wp\/v2\/product\/61429","targetHints":{"allow":["GET"]}}],"collection":[{"href":"https:\/\/mexpo.eu\/de\/wp-json\/wp\/v2\/product"}],"about":[{"href":"https:\/\/mexpo.eu\/de\/wp-json\/wp\/v2\/types\/product"}],"wp:featuredmedia":[{"embeddable":true,"href":"https:\/\/mexpo.eu\/de\/wp-json\/wp\/v2\/media\/48610"}],"wp:attachment":[{"href":"https:\/\/mexpo.eu\/de\/wp-json\/wp\/v2\/media?parent=61429"}],"wp:term":[{"taxonomy":"product_brand","embeddable":true,"href":"https:\/\/mexpo.eu\/de\/wp-json\/wp\/v2\/product_brand?post=61429"},{"taxonomy":"product_cat","embeddable":true,"href":"https:\/\/mexpo.eu\/de\/wp-json\/wp\/v2\/product_cat?post=61429"},{"taxonomy":"product_tag","embeddable":true,"href":"https:\/\/mexpo.eu\/de\/wp-json\/wp\/v2\/product_tag?post=61429"}],"curies":[{"name":"wp","href":"https:\/\/api.w.org\/{rel}","templated":true}]}}