{"id":61428,"date":"2025-02-17T13:09:16","date_gmt":"2025-02-17T13:09:16","guid":{"rendered":"https:\/\/mexpo.pl?post_type=product&#038;p=61428"},"modified":"2025-02-17T14:49:57","modified_gmt":"2025-02-17T14:49:57","slug":"dch-12u-12-taschen-ladegerat-fur-mguide-pellegrino-2","status":"publish","type":"product","link":"https:\/\/mexpo.eu\/de\/produkt\/dch-12u-12-taschen-ladegerat-fur-mguide-pellegrino-2\/","title":{"rendered":"DCH-12U &#8211; 12-Taschen-Ladeger\u00e4t f\u00fcr mGuide Pellegrino 2"},"content":{"rendered":"<p>Au\u00dfergew\u00f6hnlich komfortables, leichtes Ladeger\u00e4t f\u00fcr 12 St\u00fcck mGuide Pellegrino 2 Tourguide-Ger\u00e4te in einem schwarzen Etui.<br \/>\nDas Etui hat einen Rei\u00dfverschluss, einen Tragegriff und eine Netzinnentasche. Nach dem Verstauen der Empf\u00e4nger in die Taschen bleibt viel Platz f\u00fcr Zubeh\u00f6r im Etui.<\/p>\n<p>Ladezeit bis zu 4,5 Stunden (von Null auf). Verwenden Sie AA NiMH-Batterien mit einer Kapazit\u00e4t von 2100mA oder weniger. Abmessungen 32x12x14 cm.<\/p>\n<p>Seien Sie umweltfreundlich und sparen Sie:<br \/>\n&#8211; Schonen Sie die Umwelt &#8211; verwenden Sie ein Ladeger\u00e4t und wiederaufladbare Batterien anstelle von Einwegbatterien!<br \/>\n&#8211; Sparen Sie Geld &#8211; selbst beim sparsamsten Pellegrino 2 sind Einwegbatterien nach ca. 35 Stunden leer, wohingegen wiederaufladbare Batterien Jahre halten!<\/p>\n<p>Die Kosten f\u00fcr 100 AA-Einwegbatterien zur Versorgung von einem Pellegrino-2-Set (50 Empf\u00e4nger) betragen etwa 90 PLN.<br \/>\nDas Aufladen von 100 Akkus kostet weniger als 1 PLN.<\/p>\n","protected":false},"excerpt":{"rendered":"<p>\u00c4u\u00dferst komfortables, leichtes Ladeger\u00e4t f\u00fcr 12 mGuide Pellegrino 2 Personenf\u00fchrungsger\u00e4te im schwarzen Koffer. Ladezeit bis zu 4,5 Stunden (von Null). Kompatibilit\u00e4t mit mGuide Pellegrino 2.<\/p>\n","protected":false},"featured_media":48625,"template":"","meta":{"_acf_changed":false},"product_brand":[],"product_cat":[6000],"product_tag":[],"class_list":{"0":"post-61428","1":"product","2":"type-product","3":"status-publish","4":"has-post-thumbnail","6":"product_cat-ladegeraete","8":"first","9":"instock","10":"taxable","11":"shipping-taxable","12":"purchasable","13":"product-type-simple"},"acf":[],"_links":{"self":[{"href":"https:\/\/mexpo.eu\/de\/wp-json\/wp\/v2\/product\/61428","targetHints":{"allow":["GET"]}}],"collection":[{"href":"https:\/\/mexpo.eu\/de\/wp-json\/wp\/v2\/product"}],"about":[{"href":"https:\/\/mexpo.eu\/de\/wp-json\/wp\/v2\/types\/product"}],"wp:featuredmedia":[{"embeddable":true,"href":"https:\/\/mexpo.eu\/de\/wp-json\/wp\/v2\/media\/48625"}],"wp:attachment":[{"href":"https:\/\/mexpo.eu\/de\/wp-json\/wp\/v2\/media?parent=61428"}],"wp:term":[{"taxonomy":"product_brand","embeddable":true,"href":"https:\/\/mexpo.eu\/de\/wp-json\/wp\/v2\/product_brand?post=61428"},{"taxonomy":"product_cat","embeddable":true,"href":"https:\/\/mexpo.eu\/de\/wp-json\/wp\/v2\/product_cat?post=61428"},{"taxonomy":"product_tag","embeddable":true,"href":"https:\/\/mexpo.eu\/de\/wp-json\/wp\/v2\/product_tag?post=61428"}],"curies":[{"name":"wp","href":"https:\/\/api.w.org\/{rel}","templated":true}]}}