{"id":61426,"date":"2025-02-17T13:09:16","date_gmt":"2025-02-17T13:09:16","guid":{"rendered":"https:\/\/mexpo.pl?post_type=product&#038;p=61426"},"modified":"2025-03-19T12:14:28","modified_gmt":"2025-03-19T12:14:28","slug":"bac-stop-reinigungs-und-desinfektionsflussigkeit-fur-tourguide-kopfhorer-und-gerate","status":"publish","type":"product","link":"https:\/\/mexpo.eu\/de\/produkt\/bac-stop-reinigungs-und-desinfektionsflussigkeit-fur-tourguide-kopfhorer-und-gerate\/","title":{"rendered":"Bac-stop &#8211; Reinigungs- und Desinfektionsfl\u00fcssigkeit f\u00fcr Tourguide-Kopfh\u00f6rer und Ger\u00e4te"},"content":{"rendered":"<p>Bac-Stop \u2013 langfristige Desinfektion von Tourguide-Kopfh\u00f6rern und Empf\u00e4ngern \u2013 1% Einsatzl\u00f6sung.<\/p>\n<p>Oft eingesetzte Kopfh\u00f6rer oder Empf\u00e4nger k\u00f6nnen viele Bakterien, Pilze, sogar Viren oder Parasiten beherbergen. Sorgen Sie um die Hygiene Ihrer Tourguide-Ausstattung und die Sicherheit der Touristen, indem Sie ihnen eine Garantie des Einsatzes entsprechender Mittel geben!<\/p>\n<p>Die in dem Spray eingesetzte Bacoban-Formel wirkt effektiv gegen Bakterien, Pilzen, Viren (Hepatitis-B und -C, HIV, Arten von Grippe, darunter H5N1 und H1N1, Rotaviren und Adenoviren). Getestet gem. VAH-Regeln<\/p>\n<p>Zusammensetzung: 100 g der L\u00f6sung enth\u00e4lt: Benzalkoniumchlorid 0,26 g, Natriumpyrithion 0,025 g, Polykondensate, Aromastoffe, gereinigtes Wasser. Keine Formaldehyde, kein Phenol.<br \/>\nEinsatzweise: Kopfh\u00f6rer oder Empf\u00e4nger flach auf einem Tisch legen. Produkt \u00fcber die Ger\u00e4te von einer Entfernung von ca. 20 cm spr\u00fchen. Danach sanft mit einem Lappen abwischen. Der Stoff bildet eine unsichtbare Schutzschicht, die bis zu 10 Tagen wirkt.<\/p>\n","protected":false},"excerpt":{"rendered":"<p>Bac-Stop Reinigungsmittel, Desinfektionsmittel. Langzeitdesinfektion von Tourguide-Kopfh\u00f6rern und -Receivern. Wirksam gegen: Bakterien, Pilze, Viren.<\/p>\n","protected":false},"featured_media":64557,"template":"","meta":{"_acf_changed":false},"product_brand":[],"product_cat":[5924],"product_tag":[],"class_list":{"0":"post-61426","1":"product","2":"type-product","3":"status-publish","4":"has-post-thumbnail","6":"product_cat-hygiene-de","8":"first","9":"instock","10":"taxable","11":"shipping-taxable","12":"purchasable","13":"product-type-variable"},"acf":[],"_links":{"self":[{"href":"https:\/\/mexpo.eu\/de\/wp-json\/wp\/v2\/product\/61426","targetHints":{"allow":["GET"]}}],"collection":[{"href":"https:\/\/mexpo.eu\/de\/wp-json\/wp\/v2\/product"}],"about":[{"href":"https:\/\/mexpo.eu\/de\/wp-json\/wp\/v2\/types\/product"}],"wp:featuredmedia":[{"embeddable":true,"href":"https:\/\/mexpo.eu\/de\/wp-json\/wp\/v2\/media\/64557"}],"wp:attachment":[{"href":"https:\/\/mexpo.eu\/de\/wp-json\/wp\/v2\/media?parent=61426"}],"wp:term":[{"taxonomy":"product_brand","embeddable":true,"href":"https:\/\/mexpo.eu\/de\/wp-json\/wp\/v2\/product_brand?post=61426"},{"taxonomy":"product_cat","embeddable":true,"href":"https:\/\/mexpo.eu\/de\/wp-json\/wp\/v2\/product_cat?post=61426"},{"taxonomy":"product_tag","embeddable":true,"href":"https:\/\/mexpo.eu\/de\/wp-json\/wp\/v2\/product_tag?post=61426"}],"curies":[{"name":"wp","href":"https:\/\/api.w.org\/{rel}","templated":true}]}}