{"id":61333,"date":"2025-02-17T13:08:53","date_gmt":"2025-02-17T13:08:53","guid":{"rendered":"https:\/\/mexpo.pl?post_type=product&#038;p=61333"},"modified":"2025-02-17T14:47:59","modified_gmt":"2025-02-17T14:47:59","slug":"umhangebander-25-stuck","status":"publish","type":"product","link":"https:\/\/mexpo.eu\/de\/produkt\/umhangebander-25-stuck\/","title":{"rendered":"Umh\u00e4ngeb\u00e4nder (25 St\u00fcck)"},"content":{"rendered":"<p>Sicherheit<br \/>\nSie sch\u00fctzen die Ger\u00e4te zus\u00e4tzlich vor dem Herunterfallen.<br \/>\nKomfort<br \/>\nSie erh\u00f6hen den Bedienkomfort des Senders\/Empf\u00e4ngers.<br \/>\nWerbeplatz<br \/>\nAuf individuelle Bestellung k\u00f6nnen die Umh\u00e4ngebander mit dem Logo Ihres Unternehmens versehen werden.<\/p>\n","protected":false},"excerpt":{"rendered":"<p>Sicherheit. Sie bieten zus\u00e4tzlichen Schutz gegen herunterfallende Ausr\u00fcstung. Komfort. Sie erh\u00f6hen den Bedienkomfort des Senders\/Empf\u00e4ngers. Auf individuellen Wunsch k\u00f6nnen Lanyards mit Ihrem Firmenlogo versehen werden.<\/p>\n","protected":false},"featured_media":48350,"template":"","meta":{"_acf_changed":false},"product_brand":[],"product_cat":[5924,5992],"product_tag":[],"class_list":{"0":"post-61333","1":"product","2":"type-product","3":"status-publish","4":"has-post-thumbnail","6":"product_cat-hygiene-de","7":"product_cat-umhaengebaender","9":"first","10":"instock","11":"taxable","12":"shipping-taxable","13":"purchasable","14":"product-type-variable"},"acf":[],"_links":{"self":[{"href":"https:\/\/mexpo.eu\/de\/wp-json\/wp\/v2\/product\/61333","targetHints":{"allow":["GET"]}}],"collection":[{"href":"https:\/\/mexpo.eu\/de\/wp-json\/wp\/v2\/product"}],"about":[{"href":"https:\/\/mexpo.eu\/de\/wp-json\/wp\/v2\/types\/product"}],"wp:featuredmedia":[{"embeddable":true,"href":"https:\/\/mexpo.eu\/de\/wp-json\/wp\/v2\/media\/48350"}],"wp:attachment":[{"href":"https:\/\/mexpo.eu\/de\/wp-json\/wp\/v2\/media?parent=61333"}],"wp:term":[{"taxonomy":"product_brand","embeddable":true,"href":"https:\/\/mexpo.eu\/de\/wp-json\/wp\/v2\/product_brand?post=61333"},{"taxonomy":"product_cat","embeddable":true,"href":"https:\/\/mexpo.eu\/de\/wp-json\/wp\/v2\/product_cat?post=61333"},{"taxonomy":"product_tag","embeddable":true,"href":"https:\/\/mexpo.eu\/de\/wp-json\/wp\/v2\/product_tag?post=61333"}],"curies":[{"name":"wp","href":"https:\/\/api.w.org\/{rel}","templated":true}]}}