{"id":61332,"date":"2025-02-17T13:08:53","date_gmt":"2025-02-17T13:08:53","guid":{"rendered":"https:\/\/mexpo.pl?post_type=product&#038;p=61332"},"modified":"2025-02-17T14:48:13","modified_gmt":"2025-02-17T14:48:13","slug":"wiederaufladbare-everactive-aa-r6-ni-mh-2000-mah-batterie","status":"publish","type":"product","link":"https:\/\/mexpo.eu\/de\/produkt\/wiederaufladbare-everactive-aa-r6-ni-mh-2000-mah-batterie\/","title":{"rendered":"Wiederaufladbare everActive AA (R6) Ni-MH 2000 mAh Batterie"},"content":{"rendered":"<p>Spezifikation:<br \/>\nTyp: R6 AA, Ni-MH,<br \/>\nAbmessungen: Typ 14,0 x 50,2\u00a0mm,<br \/>\nBruttogewicht des Sets: 118\u00a0g,<br \/>\nZellgewicht: 27\u00a0g,<br \/>\nSpannung: 1,2\u00a0V,<br \/>\ngem\u00e4\u00df den geltenden Normen hergestellt &#8211; seri\u00f6ser Hersteller &#8211; Qualit\u00e4tsgarantie,<br \/>\nausgezeichnete, flache Entladungseigenschaft,<br \/>\nb) hohe Kapazit\u00e4t &#8211; max. 2000\u00a0mAh, min. 1900\u00a0mAh &#8211; gem\u00e4\u00df IEC\u00a061951-2 (7.3.2),<br \/>\ninterne Impedanz: &amp;lt; 35 mOhm (f\u00fcr eine aufgeladene Batterie), m\u00f6gliche Entladungen bei hohen Str\u00f6men &amp;gt;4A,<\/p>\n<p>Die tats\u00e4chliche Kapazit\u00e4t der everActive Batterien entspricht den Angaben auf der Batterie\/Blisterverpackung &#8211; erf\u00fcllt die internationale Norm IEC\u00a061951-2 (7.3.2).<br \/>\nEs handelt sich hierbei um extrem haltbare Batterien mit erh\u00f6hter Lebensdauer, die sich durch eine hohe Wiederholbarkeit der Parameter auszeichnen.<br \/>\nSie kennzeichnen sich durch den breitesten Temperaturbereich: -20..50\u00b0C.<\/p>\n<p>Vielseitig einsetzbar &#8211; die wiederaufladbaren allActive Batterien kommen u.a. in folgenden Bereichen zum Einsatz: Taschenlampen, Spielzeug, usw., und dank der &#8220;Ready-to-Use&#8221;-Technologie k\u00f6nnen sie als unmittelbarer Ersatz f\u00fcr alkalische Batterien verwendet werden.<\/p>\n<p>Die wiederaufladbaren Batterien von everActive sind von h\u00f6chster Qualit\u00e4t f\u00fcr einen guten Preis &#8211; wir empfehlen sie!<\/p>\n<p>Perfekt f\u00fcr anspruchsvolle Blitzlichter, Taschenlampen, Reflektoren, Digitalkameras oder CD-\/MP3-Player. Die Kapazit\u00e4t von everActive Batterien ist der von alkalischen Batterien \u00e4hnlich, sie k\u00f6nnen jedoch mehrmals aufgeladen werden (bis zu 1200 x). Au\u00dferdem entladen sich die Batterien bei hohen Str\u00f6men wesentlich besser.<\/p>\n<p>Mit dem Kauf von wiederaufladbaren everActive Batterien tragen Sie zum Schutz der Umwelt und zur Verringerung potenzieller Abfallmengen bei.<br \/>\nEine Batterie kann mehrere hundert herk\u00f6mmliche Batterien ersetzen.<br \/>\nEverActive Batterien bieten auch unter extremen Bedingungen eine hohe Leistung.<br \/>\nBreite zul\u00e4ssige Betriebstemperatur: -20..50\u00b0C.<br \/>\nNeue Technologie bedeutet auch l\u00e4ngere Lebensdauer der Batterie &#8211; erm\u00f6glicht noch mehr Lade-\/Entladezyklen bei gleichzeitig hohen Betriebsparametern.<\/p>\n","protected":false},"excerpt":{"rendered":"<p>EverActive-Batterien gew\u00e4hrleisten eine hohe Leistung auch unter extremen Bedingungen. Die neue Technologie bedeutet auch eine l\u00e4ngere Akkulaufzeit. Sehr hohe Kapazit\u00e4t, max. 2000 mAh. Eine Batterie kann mehrere hundert herk\u00f6mmliche Batterien ersetzen.<\/p>\n","protected":false},"featured_media":48389,"template":"","meta":{"_acf_changed":false},"product_brand":[],"product_cat":[5935,5985],"product_tag":[],"class_list":{"0":"post-61332","1":"product","2":"type-product","3":"status-publish","4":"has-post-thumbnail","6":"product_cat-batterien-und-akkus-de","7":"product_cat-batterien-und-akkus-de-2","9":"first","10":"instock","11":"taxable","12":"shipping-taxable","13":"purchasable","14":"product-type-simple"},"acf":[],"_links":{"self":[{"href":"https:\/\/mexpo.eu\/de\/wp-json\/wp\/v2\/product\/61332","targetHints":{"allow":["GET"]}}],"collection":[{"href":"https:\/\/mexpo.eu\/de\/wp-json\/wp\/v2\/product"}],"about":[{"href":"https:\/\/mexpo.eu\/de\/wp-json\/wp\/v2\/types\/product"}],"wp:featuredmedia":[{"embeddable":true,"href":"https:\/\/mexpo.eu\/de\/wp-json\/wp\/v2\/media\/48389"}],"wp:attachment":[{"href":"https:\/\/mexpo.eu\/de\/wp-json\/wp\/v2\/media?parent=61332"}],"wp:term":[{"taxonomy":"product_brand","embeddable":true,"href":"https:\/\/mexpo.eu\/de\/wp-json\/wp\/v2\/product_brand?post=61332"},{"taxonomy":"product_cat","embeddable":true,"href":"https:\/\/mexpo.eu\/de\/wp-json\/wp\/v2\/product_cat?post=61332"},{"taxonomy":"product_tag","embeddable":true,"href":"https:\/\/mexpo.eu\/de\/wp-json\/wp\/v2\/product_tag?post=61332"}],"curies":[{"name":"wp","href":"https:\/\/api.w.org\/{rel}","templated":true}]}}