{"id":61331,"date":"2025-02-17T13:08:54","date_gmt":"2025-02-17T13:08:54","guid":{"rendered":"https:\/\/mexpo.pl?post_type=product&#038;p=61331"},"modified":"2025-02-17T14:48:30","modified_gmt":"2025-02-17T14:48:30","slug":"aa-r6-panasonic-powerline-industrial-einwegbatterien-480-stuck","status":"publish","type":"product","link":"https:\/\/mexpo.eu\/de\/produkt\/aa-r6-panasonic-powerline-industrial-einwegbatterien-480-stuck\/","title":{"rendered":"AA (R6) Panasonic Powerline Industrial Einwegbatterien (480 St\u00fcck)"},"content":{"rendered":"<p>Das Mindesthaltbarkeitsdatum: 2022<br \/>\nTechnische Daten<\/p>\n<p>Nennspannung [V]: 1.5<\/p>\n<p>Verpackung: Karton 40 St.<\/p>\n<p>Modell: LR6\/AA<\/p>\n<p>Gr\u00f6\u00dfe: AA<\/p>\n<p>Nennspannung [V]: 1.5<\/p>\n<p>Durchmesser [mm]: 14.5<\/p>\n<p>H\u00f6he [mm]: 50.5<\/p>\n<p>Andere Kennzeichnung: LR6 \/ AA \/ R6 \/ MN 1500 \/ Mignon \/ AM3 \/ E91<\/p>\n<p>Die alkalische Industriebatterie (industrial) entspricht den hochwertigsten in Blisterverpackungen verf\u00fcgbaren Batterien und kann f\u00fcr Manometer, Taschenlampen und andere Haushaltsger\u00e4te verwendet werden. Der Batteriepreis beinhaltet keine hohen Kosten f\u00fcr Werbung und Marketing. Es ist die optimale Wahl f\u00fcr ein qualitativ hochwertiges Produkts zu einem guten Preis.<\/p>\n","protected":false},"excerpt":{"rendered":"<p>Industrielle Alkalibatterien. Die hochwertigsten Batterien sind in Blisterpackungen erh\u00e4ltlich. Es kann unter anderem verwendet werden: in Blutdruckmessger\u00e4ten, Taschenlampen. Sie sind eine optimale Wahl von hoher Qualit\u00e4t im Verh\u00e4ltnis zum Preis.<\/p>\n","protected":false},"featured_media":48425,"template":"","meta":{"_acf_changed":false},"product_brand":[],"product_cat":[5935,5985],"product_tag":[],"class_list":{"0":"post-61331","1":"product","2":"type-product","3":"status-publish","4":"has-post-thumbnail","6":"product_cat-batterien-und-akkus-de","7":"product_cat-batterien-und-akkus-de-2","8":"product_shipping_class-baterie-9","10":"first","11":"outofstock","12":"taxable","13":"shipping-taxable","14":"purchasable","15":"product-type-simple"},"acf":[],"_links":{"self":[{"href":"https:\/\/mexpo.eu\/de\/wp-json\/wp\/v2\/product\/61331","targetHints":{"allow":["GET"]}}],"collection":[{"href":"https:\/\/mexpo.eu\/de\/wp-json\/wp\/v2\/product"}],"about":[{"href":"https:\/\/mexpo.eu\/de\/wp-json\/wp\/v2\/types\/product"}],"wp:featuredmedia":[{"embeddable":true,"href":"https:\/\/mexpo.eu\/de\/wp-json\/wp\/v2\/media\/48425"}],"wp:attachment":[{"href":"https:\/\/mexpo.eu\/de\/wp-json\/wp\/v2\/media?parent=61331"}],"wp:term":[{"taxonomy":"product_brand","embeddable":true,"href":"https:\/\/mexpo.eu\/de\/wp-json\/wp\/v2\/product_brand?post=61331"},{"taxonomy":"product_cat","embeddable":true,"href":"https:\/\/mexpo.eu\/de\/wp-json\/wp\/v2\/product_cat?post=61331"},{"taxonomy":"product_tag","embeddable":true,"href":"https:\/\/mexpo.eu\/de\/wp-json\/wp\/v2\/product_tag?post=61331"}],"curies":[{"name":"wp","href":"https:\/\/api.w.org\/{rel}","templated":true}]}}