{"id":61330,"date":"2025-02-17T13:08:54","date_gmt":"2025-02-17T13:08:54","guid":{"rendered":"https:\/\/mexpo.pl?post_type=product&#038;p=61330"},"modified":"2025-02-17T14:48:33","modified_gmt":"2025-02-17T14:48:33","slug":"aa-r6-varta-industrial-einwegbatterien-480-stuck","status":"publish","type":"product","link":"https:\/\/mexpo.eu\/de\/produkt\/aa-r6-varta-industrial-einwegbatterien-480-stuck\/","title":{"rendered":"AA (R6) Varta Industrial Einwegbatterien (480 St\u00fcck)"},"content":{"rendered":"<p>Ein originelles Produkt einer der renommiertesten Batteriehersteller &#8211; des Unternehmens VARTA.<\/p>\n<p>Die Industrial Serie von Varta ist nichts weiter als eine verst\u00e4rkte High-Energy-Batterie f\u00fcr den industriellen\/professionellen Einsatz.<\/p>\n<p>Eine der st\u00e4rksten Alkali-Batterien auf dem Markt.<br \/>\nNiedrigpreisgarantie &#8211; vom Importeur.<\/p>\n<p>Die Batterien wurden in Deutschland hergestellt &#8211; MADE IN GERMANY.<\/p>\n<p>&#8220;Frische\u201c Batterien. Mit sehr langem Haltbarkeitsdatum (2026)<br \/>\nSpezifikation:<br \/>\nTyp: AA LR6;<br \/>\nsehr hohe Kapazit\u00e4t (ca. 2950\u00a0mAh);<br \/>\nausgezeichnete elektrische Parameter;<br \/>\nMade in Germany;<br \/>\nh\u00f6chste Qualit\u00e4t f\u00fcr Ger\u00e4te mit hohem Stromverbrauch;<br \/>\nbis zu 10\u00a0% besser als vergleichbare Batterien;<br \/>\nneues, optimiertes Design;<\/p>\n","protected":false},"excerpt":{"rendered":"<p>Verst\u00e4rkte Hochenergiebatterien f\u00fcr den industriellen\/professionellen Einsatz. Eine der leistungsst\u00e4rksten Alkalibatterien auf dem Markt. Sehr hohe Kapazit\u00e4t (ca. 2950 mAh);<\/p>\n","protected":false},"featured_media":48431,"template":"","meta":{"_acf_changed":false},"product_brand":[],"product_cat":[5935,5985],"product_tag":[],"class_list":{"0":"post-61330","1":"product","2":"type-product","3":"status-publish","4":"has-post-thumbnail","6":"product_cat-batterien-und-akkus-de","7":"product_cat-batterien-und-akkus-de-2","8":"product_shipping_class-baterie-9","10":"first","11":"instock","12":"taxable","13":"shipping-taxable","14":"purchasable","15":"product-type-simple"},"acf":[],"_links":{"self":[{"href":"https:\/\/mexpo.eu\/de\/wp-json\/wp\/v2\/product\/61330","targetHints":{"allow":["GET"]}}],"collection":[{"href":"https:\/\/mexpo.eu\/de\/wp-json\/wp\/v2\/product"}],"about":[{"href":"https:\/\/mexpo.eu\/de\/wp-json\/wp\/v2\/types\/product"}],"wp:featuredmedia":[{"embeddable":true,"href":"https:\/\/mexpo.eu\/de\/wp-json\/wp\/v2\/media\/48431"}],"wp:attachment":[{"href":"https:\/\/mexpo.eu\/de\/wp-json\/wp\/v2\/media?parent=61330"}],"wp:term":[{"taxonomy":"product_brand","embeddable":true,"href":"https:\/\/mexpo.eu\/de\/wp-json\/wp\/v2\/product_brand?post=61330"},{"taxonomy":"product_cat","embeddable":true,"href":"https:\/\/mexpo.eu\/de\/wp-json\/wp\/v2\/product_cat?post=61330"},{"taxonomy":"product_tag","embeddable":true,"href":"https:\/\/mexpo.eu\/de\/wp-json\/wp\/v2\/product_tag?post=61330"}],"curies":[{"name":"wp","href":"https:\/\/api.w.org\/{rel}","templated":true}]}}