{"id":61329,"date":"2025-02-17T13:08:54","date_gmt":"2025-02-17T13:08:54","guid":{"rendered":"https:\/\/mexpo.pl?post_type=product&#038;p=61329"},"modified":"2025-02-17T14:48:35","modified_gmt":"2025-02-17T14:48:35","slug":"aa-r6-everactive-pro-alkaline-einwegbatterien-500-stuck","status":"publish","type":"product","link":"https:\/\/mexpo.eu\/de\/produkt\/aa-r6-everactive-pro-alkaline-einwegbatterien-500-stuck\/","title":{"rendered":"AA (R6) everActive Pro Alkaline Einwegbatterien (500 St\u00fcck)"},"content":{"rendered":"<p>Die neuen, weiterentwickelten Batterien bieten einen um 60\u00a0% l\u00e4ngeren Betrieb im Vergleich zur ersten Generation von Industrial Alkaline bei Ger\u00e4ten mit sehr hohem Energiebedarf.<br \/>\nBatterien aus laufender Produktion &#8211; direkt vom angesehenen Hersteller everActive mit einem sehr langen Haltbarkeitsdatum (bis zu 10 Jahre ab Produktionsdatum).<\/p>\n<p>Bew\u00e4hrte Zuverl\u00e4ssigkeit.<br \/>\nDie leistungsst\u00e4rkste Pro Alkaline Serie &#8211; garantiert h\u00f6chste Leistung &#8211; jetzt auch bei den anspruchsvollsten Ger\u00e4ten.<\/p>\n<p>Eigenschaften der everActive Batterie:<br \/>\n&#8211; verst\u00e4rkte, abgedichtete Konstruktion &#8211; hohe Gie\u00dfbest\u00e4ndigkeit, lange Haltbarkeit bei gleichzeitig hoher Gebrauchstauglichkeit,<br \/>\n&#8211; hohe Effizienz bei Ger\u00e4ten mit geringem (Fernbedienungen, Uhren) und hohem Stromverbrauch (medizinische Ger\u00e4te, Digitalkameras),<br \/>\n&#8211; besonders empfohlen f\u00fcr industrielle und professionelle Anwendungen,<br \/>\n&#8211; hohe Zuverl\u00e4ssigkeit und Wiederholbarkeit der Parameter.<\/p>\n","protected":false},"excerpt":{"rendered":"<p>Die leistungsst\u00e4rkste Serie der Pro Alkaline-Batterien \u2013 garantiert h\u00f6chste Leistung. Verst\u00e4rkte, versiegelte Struktur \u2013 hohe Sch\u00fcttfestigkeit, lange Haltbarkeit bei gleichzeitig hohem Gebrauchswert.<\/p>\n","protected":false},"featured_media":48437,"template":"","meta":{"_acf_changed":false},"product_brand":[],"product_cat":[5935,5985],"product_tag":[],"class_list":{"0":"post-61329","1":"product","2":"type-product","3":"status-publish","4":"has-post-thumbnail","6":"product_cat-batterien-und-akkus-de","7":"product_cat-batterien-und-akkus-de-2","8":"product_shipping_class-baterie-9","10":"first","11":"instock","12":"taxable","13":"shipping-taxable","14":"purchasable","15":"product-type-simple"},"acf":[],"_links":{"self":[{"href":"https:\/\/mexpo.eu\/de\/wp-json\/wp\/v2\/product\/61329","targetHints":{"allow":["GET"]}}],"collection":[{"href":"https:\/\/mexpo.eu\/de\/wp-json\/wp\/v2\/product"}],"about":[{"href":"https:\/\/mexpo.eu\/de\/wp-json\/wp\/v2\/types\/product"}],"wp:featuredmedia":[{"embeddable":true,"href":"https:\/\/mexpo.eu\/de\/wp-json\/wp\/v2\/media\/48437"}],"wp:attachment":[{"href":"https:\/\/mexpo.eu\/de\/wp-json\/wp\/v2\/media?parent=61329"}],"wp:term":[{"taxonomy":"product_brand","embeddable":true,"href":"https:\/\/mexpo.eu\/de\/wp-json\/wp\/v2\/product_brand?post=61329"},{"taxonomy":"product_cat","embeddable":true,"href":"https:\/\/mexpo.eu\/de\/wp-json\/wp\/v2\/product_cat?post=61329"},{"taxonomy":"product_tag","embeddable":true,"href":"https:\/\/mexpo.eu\/de\/wp-json\/wp\/v2\/product_tag?post=61329"}],"curies":[{"name":"wp","href":"https:\/\/api.w.org\/{rel}","templated":true}]}}