{"id":61328,"date":"2025-02-17T13:08:52","date_gmt":"2025-02-17T13:08:52","guid":{"rendered":"https:\/\/mexpo.pl?post_type=product&#038;p=61328"},"modified":"2025-09-02T11:32:41","modified_gmt":"2025-09-02T11:32:41","slug":"tragetasche-tb-300-350","status":"publish","type":"product","link":"https:\/\/mexpo.eu\/de\/produkt\/tragetasche-tb-300-350\/","title":{"rendered":"Tragetasche TB-301"},"content":{"rendered":"<p>Eine Stofftragetasche. F\u00fcr 30 (mit Schaumstoff) oder bis zu 55 (ohne Schaumstoff). Unglaublich leicht und bequem. Ausgestattet mit einem verstellbaren Schultergurt und zwei zus\u00e4tzlichen Rei\u00dfverschlusstaschen \u2013 eine innen und eine au\u00dfen \u2013 aus Netzgewebe. Das Hauptfach verf\u00fcgt \u00fcber eine verstellbare Trennwand mit Klettverschluss.<\/p>\n<p>Taschenma\u00dfe: 40 x 28 x 11 cm<\/p>\n<p>Zus\u00e4tzlich l\u00e4sst sich das Volumen der Tasche durch \u00d6ffnen des Rei\u00dfverschlusses oben um ca. 5 cm vergr\u00f6\u00dfern.<\/p>\n","protected":false},"excerpt":{"rendered":"<p>Eine Transporttasche aus Stoff. Unglaublich leicht und bequem. Sie verf\u00fcgt \u00fcber einen verstellbaren Schultergurt und zwei zus\u00e4tzliche Rei\u00dfverschlusstaschen \u2013 eine Netztasche innen und eine au\u00dfen. Das Hauptfach ist mit einem verstellbaren Klettverschluss unterteilt. Das Volumen der Tasche l\u00e4sst sich durch \u00d6ffnen des Rei\u00dfverschlusses oben erweitern.<\/p>\n","protected":false},"featured_media":48128,"template":"","meta":{"_acf_changed":false},"product_brand":[],"product_cat":[5999],"product_tag":[],"class_list":{"0":"post-61328","1":"product","2":"type-product","3":"status-publish","4":"has-post-thumbnail","6":"product_cat-taschen-und-transportkoffer-de","8":"first","9":"outofstock","10":"taxable","11":"shipping-taxable","12":"purchasable","13":"product-type-variable"},"acf":[],"_links":{"self":[{"href":"https:\/\/mexpo.eu\/de\/wp-json\/wp\/v2\/product\/61328","targetHints":{"allow":["GET"]}}],"collection":[{"href":"https:\/\/mexpo.eu\/de\/wp-json\/wp\/v2\/product"}],"about":[{"href":"https:\/\/mexpo.eu\/de\/wp-json\/wp\/v2\/types\/product"}],"wp:featuredmedia":[{"embeddable":true,"href":"https:\/\/mexpo.eu\/de\/wp-json\/wp\/v2\/media\/48128"}],"wp:attachment":[{"href":"https:\/\/mexpo.eu\/de\/wp-json\/wp\/v2\/media?parent=61328"}],"wp:term":[{"taxonomy":"product_brand","embeddable":true,"href":"https:\/\/mexpo.eu\/de\/wp-json\/wp\/v2\/product_brand?post=61328"},{"taxonomy":"product_cat","embeddable":true,"href":"https:\/\/mexpo.eu\/de\/wp-json\/wp\/v2\/product_cat?post=61328"},{"taxonomy":"product_tag","embeddable":true,"href":"https:\/\/mexpo.eu\/de\/wp-json\/wp\/v2\/product_tag?post=61328"}],"curies":[{"name":"wp","href":"https:\/\/api.w.org\/{rel}","templated":true}]}}