{"id":61327,"date":"2025-02-17T13:08:52","date_gmt":"2025-02-17T13:08:52","guid":{"rendered":"https:\/\/mexpo.pl?post_type=product&#038;p=61327"},"modified":"2025-02-17T14:47:35","modified_gmt":"2025-02-17T14:47:35","slug":"transportkoffer-ac-360","status":"publish","type":"product","link":"https:\/\/mexpo.eu\/de\/produkt\/transportkoffer-ac-360\/","title":{"rendered":"Transportkoffer AC-360"},"content":{"rendered":"<p>Transportkoffer AC-360<br \/>\nStandard-Transportkoffer aus Sperrholz und Aluminium, des Typs Case. Entworfen f\u00fcr bis zu 60 Ger\u00e4te (ohne Schaumstoff).<br \/>\nAbmessungen 155 x 315 x 460\u00a0mm. Festes, verstellbares Fach im Inneren.<br \/>\nSehr stabiler Kunststoffgriff.<br \/>\nAn allen Ecken verst\u00e4rkt.<br \/>\n2 Schnappschl\u00f6sser mit &#8220;\u00d6se&#8221; erm\u00f6glichen das Anbringen eines Schlosses.<br \/>\nDie abnehmbaren Scharniere sch\u00fctzen vor dem Abbrechen des Deckels und erm\u00f6glichen, ihn vollst\u00e4ndig zu entfernen, um z.B. bequemer auf den Inhalt zugreifen zu k\u00f6nnen.<br \/>\nH\u00e4ndlerlogo auf dem Deckel.<\/p>\n","protected":false},"excerpt":{"rendered":"<p>Standard-Transportkoffer aus Sperrholz und Aluminium, Koffertyp. Ausgelegt f\u00fcr bis zu 60 Ger\u00e4te (ohne Schaumstoff). Au\u00dfenma\u00dfe 155x315x460 mm. Internes, starres, verstellbares Fach. Sehr robuster Kunststoffgriff. Verst\u00e4rkungen an allen Ecken. 2 Riegel mit \u00d6se, die ein Vorh\u00e4ngeschloss erm\u00f6glichen.<\/p>\n","protected":false},"featured_media":48140,"template":"","meta":{"_acf_changed":false},"product_brand":[],"product_cat":[5999],"product_tag":[],"class_list":{"0":"post-61327","1":"product","2":"type-product","3":"status-publish","4":"has-post-thumbnail","6":"product_cat-taschen-und-transportkoffer-de","8":"first","9":"instock","10":"taxable","11":"shipping-taxable","12":"purchasable","13":"product-type-simple"},"acf":[],"_links":{"self":[{"href":"https:\/\/mexpo.eu\/de\/wp-json\/wp\/v2\/product\/61327","targetHints":{"allow":["GET"]}}],"collection":[{"href":"https:\/\/mexpo.eu\/de\/wp-json\/wp\/v2\/product"}],"about":[{"href":"https:\/\/mexpo.eu\/de\/wp-json\/wp\/v2\/types\/product"}],"wp:featuredmedia":[{"embeddable":true,"href":"https:\/\/mexpo.eu\/de\/wp-json\/wp\/v2\/media\/48140"}],"wp:attachment":[{"href":"https:\/\/mexpo.eu\/de\/wp-json\/wp\/v2\/media?parent=61327"}],"wp:term":[{"taxonomy":"product_brand","embeddable":true,"href":"https:\/\/mexpo.eu\/de\/wp-json\/wp\/v2\/product_brand?post=61327"},{"taxonomy":"product_cat","embeddable":true,"href":"https:\/\/mexpo.eu\/de\/wp-json\/wp\/v2\/product_cat?post=61327"},{"taxonomy":"product_tag","embeddable":true,"href":"https:\/\/mexpo.eu\/de\/wp-json\/wp\/v2\/product_tag?post=61327"}],"curies":[{"name":"wp","href":"https:\/\/api.w.org\/{rel}","templated":true}]}}