{"id":61326,"date":"2025-02-17T13:08:52","date_gmt":"2025-02-17T13:08:52","guid":{"rendered":"https:\/\/mexpo.pl?post_type=product&#038;p=61326"},"modified":"2025-02-17T14:47:38","modified_gmt":"2025-02-17T14:47:38","slug":"transportkoffer-ac-658","status":"publish","type":"product","link":"https:\/\/mexpo.eu\/de\/produkt\/transportkoffer-ac-658\/","title":{"rendered":"Transportkoffer AC-658"},"content":{"rendered":"<p>Transportkoffer mit verst\u00e4rkter Struktur auf R\u00e4dern mit Teleskopgriff.<br \/>\nDie Innenma\u00dfe der Box betragen 600 x 300 x 115 mm.<br \/>\nIn den Koffer passt ein komplettes Tourguide-System f\u00fcr den Guide und ein komplettes Paket an Zubeh\u00f6r wie Mikrofone, Kopfh\u00f6rer, Umh\u00e4ngeb\u00e4nder.<br \/>\nDie H\u00fclle wird mit einem speziellen Schaumstoff * f\u00fcr eine bestimmte Menge eines drahtlosen Kopfh\u00f6rersystems f\u00fcr eine Anleitung geliefert.<\/p>\n<p>* Je nach Modell des Tourguide-Systems passt der Schaumstoff: Pellegrino &#8211; 50 St\u00fcck, Pellegrino 2 &#8211; 48 St\u00fcck, WT-350 &#8211; 50 St\u00fcck, WT-300 \/ WT-300G2 &#8211; 45 St\u00fcck \/ WaveTalk &#8211; 77 St\u00fcck \/ OTG -102 &#8211; 49 Artikel<\/p>\n<p>Merkmale des AC-658 Transportkoffers:<br \/>\n&#8211; wasserdichtes Sperrholz 6,5 mm wei\u00dfes Phenol<br \/>\n&#8211; 22 mm Aluminiumprofile<br \/>\n&#8211; Kugelecken<br \/>\n&#8211; 2 x Schnallenverschluss<br \/>\n&#8211; 1 x Koffergriff<br \/>\n&#8211; Wave-on-Lid-Schaum<br \/>\n&#8211; 10 mm technischer Schaum mit beweglichen Trennw\u00e4nden (2 Trennw\u00e4nde)<br \/>\n&#8211; 48-mm-R\u00e4der<br \/>\n&#8211; Teleskopgriff<br \/>\n&#8211; Gummif\u00fc\u00dfe<\/p>\n","protected":false},"excerpt":{"rendered":"<p>Transportkoffer &#8211; Koffer auf R\u00e4dern mit Teleskopgriff. Bewegliche Trennw\u00e4nde erm\u00f6glichen eine einfache Aufbewahrung von Empf\u00e4ngern und Zubeh\u00f6r. Langlebige R\u00e4der. Griff aus strapazierf\u00e4higem Kunststoff. Das Set enth\u00e4lt einen speziellen Schaumstoff.<\/p>\n","protected":false},"featured_media":48155,"template":"","meta":{"_acf_changed":false},"product_brand":[],"product_cat":[5999],"product_tag":[],"class_list":{"0":"post-61326","1":"product","2":"type-product","3":"status-publish","4":"has-post-thumbnail","6":"product_cat-taschen-und-transportkoffer-de","8":"first","9":"instock","10":"taxable","11":"shipping-taxable","12":"purchasable","13":"product-type-simple"},"acf":[],"_links":{"self":[{"href":"https:\/\/mexpo.eu\/de\/wp-json\/wp\/v2\/product\/61326","targetHints":{"allow":["GET"]}}],"collection":[{"href":"https:\/\/mexpo.eu\/de\/wp-json\/wp\/v2\/product"}],"about":[{"href":"https:\/\/mexpo.eu\/de\/wp-json\/wp\/v2\/types\/product"}],"wp:featuredmedia":[{"embeddable":true,"href":"https:\/\/mexpo.eu\/de\/wp-json\/wp\/v2\/media\/48155"}],"wp:attachment":[{"href":"https:\/\/mexpo.eu\/de\/wp-json\/wp\/v2\/media?parent=61326"}],"wp:term":[{"taxonomy":"product_brand","embeddable":true,"href":"https:\/\/mexpo.eu\/de\/wp-json\/wp\/v2\/product_brand?post=61326"},{"taxonomy":"product_cat","embeddable":true,"href":"https:\/\/mexpo.eu\/de\/wp-json\/wp\/v2\/product_cat?post=61326"},{"taxonomy":"product_tag","embeddable":true,"href":"https:\/\/mexpo.eu\/de\/wp-json\/wp\/v2\/product_tag?post=61326"}],"curies":[{"name":"wp","href":"https:\/\/api.w.org\/{rel}","templated":true}]}}