{"id":61324,"date":"2025-02-17T13:09:15","date_gmt":"2025-02-17T13:09:15","guid":{"rendered":"https:\/\/mexpo.pl?post_type=product&#038;p=61324"},"modified":"2025-02-17T14:48:47","modified_gmt":"2025-02-17T14:48:47","slug":"transportkoffer-cb-40x","status":"publish","type":"product","link":"https:\/\/mexpo.eu\/de\/produkt\/transportkoffer-cb-40x\/","title":{"rendered":"Transportkoffer CB-40x"},"content":{"rendered":"<p>Spezieller Koffer mit Ladefunktion f\u00fcr 40 mGuide DLR-01\/02 Ger\u00e4te.<br \/>\nInklusive Netzteil und Kabel.<\/p>\n<p>Empf\u00e4nger und Sender befinden sich in den Taschen im Koffer. Sobald das Ger\u00e4t an eine Steckdose angeschlossen wird, wird die Batterie automatisch geladen. Die Ladezeit bei einer vollst\u00e4ndigen Entladung bis zur vollst\u00e4ndigen Aufladung betr\u00e4gt ca. 5,5 Stunden.<\/p>\n<p>Der CB-40x kann auch zum Transport und zur Lagerung von DLR Ger\u00e4ten verwendet werden.<\/p>\n","protected":false},"excerpt":{"rendered":"<p>Spezielles Kofferladeger\u00e4t f\u00fcr 40 Ger\u00e4te der mGuide DLR-01\/02. Das Set enth\u00e4lt ein Netzteil und ein Kabel. Empf\u00e4nger und Sender werden in Taschen im Inneren des Koffers platziert. Die Ladezeit von vollst\u00e4ndiger Entladung bis zur vollen Ladung betr\u00e4gt etwa 5,5 Stunden.<\/p>\n","protected":false},"featured_media":48449,"template":"","meta":{"_acf_changed":false},"product_brand":[],"product_cat":[6000],"product_tag":[],"class_list":{"0":"post-61324","1":"product","2":"type-product","3":"status-publish","4":"has-post-thumbnail","6":"product_cat-ladegeraete","8":"first","9":"instock","10":"taxable","11":"shipping-taxable","12":"purchasable","13":"product-type-simple"},"acf":[],"_links":{"self":[{"href":"https:\/\/mexpo.eu\/de\/wp-json\/wp\/v2\/product\/61324","targetHints":{"allow":["GET"]}}],"collection":[{"href":"https:\/\/mexpo.eu\/de\/wp-json\/wp\/v2\/product"}],"about":[{"href":"https:\/\/mexpo.eu\/de\/wp-json\/wp\/v2\/types\/product"}],"wp:featuredmedia":[{"embeddable":true,"href":"https:\/\/mexpo.eu\/de\/wp-json\/wp\/v2\/media\/48449"}],"wp:attachment":[{"href":"https:\/\/mexpo.eu\/de\/wp-json\/wp\/v2\/media?parent=61324"}],"wp:term":[{"taxonomy":"product_brand","embeddable":true,"href":"https:\/\/mexpo.eu\/de\/wp-json\/wp\/v2\/product_brand?post=61324"},{"taxonomy":"product_cat","embeddable":true,"href":"https:\/\/mexpo.eu\/de\/wp-json\/wp\/v2\/product_cat?post=61324"},{"taxonomy":"product_tag","embeddable":true,"href":"https:\/\/mexpo.eu\/de\/wp-json\/wp\/v2\/product_tag?post=61324"}],"curies":[{"name":"wp","href":"https:\/\/api.w.org\/{rel}","templated":true}]}}