{"id":61316,"date":"2025-02-17T13:09:15","date_gmt":"2025-02-17T13:09:15","guid":{"rendered":"https:\/\/mexpo.pl?post_type=product&#038;p=61316"},"modified":"2025-02-17T14:48:56","modified_gmt":"2025-02-17T14:48:56","slug":"personenfuhrungssystem-set-mguide-dlr-01-l-582","status":"publish","type":"product","link":"https:\/\/mexpo.eu\/de\/produkt\/personenfuhrungssystem-set-mguide-dlr-01-l-582\/","title":{"rendered":"Personenf\u00fchrungssystem Set &#8211; mGuide DLR-01 | L (58+2)"},"content":{"rendered":"<p>Das Set beinhaltet:<br \/>\n58 x DLR-01R + Umh\u00e4ngeb\u00e4nder<br \/>\n2 x DLR-01T + Umh\u00e4ngeb\u00e4nder<br \/>\n2 x EHR-01 (oder EHR-03S)<br \/>\n1 x CB-40x<br \/>\n1 x CB-20x<\/p>\n<p>Set OHNE KOPFH\u00d6RER &#8211; w\u00e4hlen Sie beliebige Kopfh\u00f6rer aus unserem Angebot!<\/p>\n<p>Wir pr\u00e4sentieren das neueste (2018) digitale Tourguidesystem &#8211; mGuide DLR.<\/p>\n<p>Als Fortsetzung der Tradition der Zusammenarbeit zwischen mGuide\u2122 (Eigenmarke MEXPO) und Ingenieuren aus den technologisch gesehen fortschrittlichsten asiatischen L\u00e4ndern (Japan, Taiwan, Korea) wurde das erste im ISM 2,4-GHz-Band betriebene Tourguidesystem geschaffen, dessen Frequenz weltweit lizenzfrei ist und dessen Reichweite mehr als 150\u00a0m betr\u00e4gt &#8211; also mehr als das Dreifache der maximalen Reichweite bisher verf\u00fcgbarer Modelle anderer Hersteller.<\/p>\n<p>Dank digitaler Modulation, die auf dem Zeitmultiplexverfahren (Abk.TDMA f\u00fcr Time Division Multiple Access) basiert, \u00fcberschreitet die maximale Sendeleistung die zul\u00e4ssigen 10\u00a0MW nicht.<\/p>\n<p>Eigenschaften des mGuide DLR<\/p>\n<p>das Senden von 2 Sendern gleichzeitig auf demselben Kanal ist m\u00f6glich<br \/>\nReichweite bis zu 170\u00a0m in der Sichtlinie<br \/>\n80 Kan\u00e4le<br \/>\nZwei-Wege-Kommunikation zwischen Sendern (z.B. Gespr\u00e4ch zwischen Reiseleiter und Reisef\u00fchrer \u00fcber eine Entfernung von 150 Metern)<br \/>\nAnschlussm\u00f6glichkeit der Audioquelle an den Sender (z.B. MP3-Player) und gleichzeitige \u00dcbertragung von Sprache und Hintergrundmusik oder aufgezeichneten Nachrichten (erleichtert die Arbeit des Reisef\u00fchrers)<br \/>\nLadem\u00f6glichkeit mit einem normalen Ladeger\u00e4t f\u00fcr Mobiltelefone (Micro-USB-Eingang)<br \/>\nLadem\u00f6glichkeit mit einem Transportkoffer mit Ladefunktion (Kontakte)<br \/>\nAnpassung der Mikrofonempfindlichkeit des Senders<br \/>\nMikrofon-Stummschaltung (mute)<\/p>\n<p>Anwendung<\/p>\n<p>Das System wird Unternehmen der Touristikbranche empfohlen, die ihre Kunden auf alle Kontinente schicken.<br \/>\nWeitere Parameter des digitalen mGuide DLR-01 Tourguidesystems:<\/p>\n<p>Frequenzbereich 2403-2480\u00a0MHz<br \/>\n\u00dcbertragungsart &#8211; GFSK-Modulation mit Frequenzsprung<br \/>\nBetriebszeit des Empf\u00e4ngers &#8211; 15\u00a0h (normalerweise)<br \/>\nBetriebszeit des Senders &#8211; 10\u00a0h (normalerweise)<br \/>\n3,7\u00a0V 800\u00a0mAh Lithium-Ionen-Batterie<br \/>\nAbmessungen 50 x 88 x 15\u00a0mm<br \/>\nGewicht 60\u00a0g<\/p>\n","protected":false},"excerpt":{"rendered":"<p>Gro\u00dfes Personenf\u00fchrungssystem Set &#8211; Modell mGuide DLR-01. Dieses Personenf\u00fchrungssystem Set kann problemlos auf allen Kontinenten eingesetzt werden, da es die weltweite 2,4GHz ISM-Frequenz nutzt. Das Personenf\u00fchrungssystem Set mGuide DLR ist ein digitales Ger\u00e4t mit der M\u00f6glichkeit des gleichzeitigen Betriebs von 2 Tourguide-Sendern auf einem Kanal. 3 Jahre Garantie.<\/p>\n","protected":false},"featured_media":48470,"template":"","meta":{"_acf_changed":false},"product_brand":[],"product_cat":[5201],"product_tag":[],"class_list":{"0":"post-61316","1":"product","2":"type-product","3":"status-publish","4":"has-post-thumbnail","6":"product_cat-tour-guide-sets-tour-guide-systeme","8":"first","9":"instock","10":"taxable","11":"shipping-taxable","12":"purchasable","13":"product-type-simple"},"acf":[],"_links":{"self":[{"href":"https:\/\/mexpo.eu\/de\/wp-json\/wp\/v2\/product\/61316","targetHints":{"allow":["GET"]}}],"collection":[{"href":"https:\/\/mexpo.eu\/de\/wp-json\/wp\/v2\/product"}],"about":[{"href":"https:\/\/mexpo.eu\/de\/wp-json\/wp\/v2\/types\/product"}],"wp:featuredmedia":[{"embeddable":true,"href":"https:\/\/mexpo.eu\/de\/wp-json\/wp\/v2\/media\/48470"}],"wp:attachment":[{"href":"https:\/\/mexpo.eu\/de\/wp-json\/wp\/v2\/media?parent=61316"}],"wp:term":[{"taxonomy":"product_brand","embeddable":true,"href":"https:\/\/mexpo.eu\/de\/wp-json\/wp\/v2\/product_brand?post=61316"},{"taxonomy":"product_cat","embeddable":true,"href":"https:\/\/mexpo.eu\/de\/wp-json\/wp\/v2\/product_cat?post=61316"},{"taxonomy":"product_tag","embeddable":true,"href":"https:\/\/mexpo.eu\/de\/wp-json\/wp\/v2\/product_tag?post=61316"}],"curies":[{"name":"wp","href":"https:\/\/api.w.org\/{rel}","templated":true}]}}