{"id":61312,"date":"2025-02-17T13:08:54","date_gmt":"2025-02-17T13:08:54","guid":{"rendered":"https:\/\/mexpo.pl?post_type=product&#038;p=61312"},"modified":"2025-02-17T14:48:41","modified_gmt":"2025-02-17T14:48:41","slug":"personenfuhrungssystem-mguide-dlr-01-sender","status":"publish","type":"product","link":"https:\/\/mexpo.eu\/de\/produkt\/personenfuhrungssystem-mguide-dlr-01-sender\/","title":{"rendered":"Personenf\u00fchrungssystem &#8211; mGuide DLR-01 Sender"},"content":{"rendered":"<p>Als Fortsetzung der Tradition der Zusammenarbeit zwischen mGuide\u2122 (Eigenmarke MEXPO) und Ingenieuren aus den technologisch gesehen fortschrittlichsten asiatischen L\u00e4ndern (Japan, Taiwan, Korea) wurde das erste im ISM 2,4-GHz-Band betriebene Tourguidesystem geschaffen, dessen Frequenz weltweit lizenzfrei ist und dessen Reichweite mehr als 150\u00a0m betr\u00e4gt &#8211; also mehr als das Dreifache der maximalen Reichweite bisher verf\u00fcgbarer Modelle anderer Hersteller.<\/p>\n<p>Dank digitaler Modulation, die auf dem Zeitmultiplexverfahren (Abk.TDMA f\u00fcr Time Division Multiple Access) basiert, \u00fcberschreitet die maximale Sendeleistung die zul\u00e4ssigen 10\u00a0MW nicht.<\/p>\n<p>Eigenschaften des mGuide DLR<\/p>\n<p>das Senden von 2 Sendern gleichzeitig auf demselben Kanal ist m\u00f6glich<br \/>\nReichweite bis zu 170\u00a0m in der Sichtlinie<br \/>\n80 Kan\u00e4le<br \/>\nZwei-Wege-Kommunikation zwischen Sendern (z.B. Gespr\u00e4ch zwischen Reiseleiter und Reisef\u00fchrer \u00fcber eine Entfernung von 150 Metern)<br \/>\nAnschlussm\u00f6glichkeit der Audioquelle an den Sender (z.B. MP3-Player) und gleichzeitige \u00dcbertragung von Sprache und Hintergrundmusik oder aufgezeichneten Nachrichten (erleichtert die Arbeit des Reisef\u00fchrers)<br \/>\nLadem\u00f6glichkeit mit einem normalen Ladeger\u00e4t f\u00fcr Mobiltelefone (Micro-USB-Eingang)<br \/>\nLadem\u00f6glichkeit mit einem Transportkoffer mit Ladefunktion (Kontakte)<br \/>\nAnpassung der Mikrofonempfindlichkeit des Senders<br \/>\nMikrofon-Stummschaltung (mute)<\/p>\n<p>Anwendung<\/p>\n<p>Das System wird Unternehmen der Touristikbranche empfohlen, die ihre Kunden auf alle Kontinente schicken.<br \/>\nWeitere Parameter des digitalen mGuide DLR-01 Tourguidesystems:<\/p>\n<p>Frequenzbereich 2403-2480\u00a0MHz<br \/>\n\u00dcbertragungsart &#8211; GFSK-Modulation mit Frequenzsprung<br \/>\nBetriebszeit des Empf\u00e4ngers &#8211; 15\u00a0h (normalerweise)<br \/>\nBetriebszeit des Senders &#8211; 10\u00a0h (normalerweise)<br \/>\n3,7\u00a0V 800\u00a0mAh Lithium-Ionen-Batterie<br \/>\nAbmessungen 50 x 88 x 15\u00a0mm<br \/>\nGewicht 60\u00a0g<\/p>\n","protected":false},"excerpt":{"rendered":"<p>Sender f\u00fcr ein digitales Personenf\u00fchrungssystem f\u00fcr Gruppenf\u00fchrungen. Das Personenf\u00fchrungssystem mGuide DLR-01 wird in den Bereichen Tourismus, Wirtschaft, Industrie und \u00dcbersetzung eingesetzt. Das Personenf\u00fchrungssystem mGuide DLR arbeitet im weltweit lizenzfreien 2,4GHz-Band und kann somit auf allen Kontinenten eingesetzt werden. Erw\u00e4hnenswert sind die geringe Gr\u00f6\u00dfe und das geringe Gewicht des Senders. Die Garantie f\u00fcr dieses Personenf\u00fchrungssystem betr\u00e4gt 3 Jahre.<\/p>\n","protected":false},"featured_media":58110,"template":"","meta":{"_acf_changed":false},"product_brand":[],"product_cat":[5990],"product_tag":[],"class_list":{"0":"post-61312","1":"product","2":"type-product","3":"status-publish","4":"has-post-thumbnail","6":"product_cat-sender-und-empfaenger","8":"first","9":"instock","10":"taxable","11":"shipping-taxable","12":"purchasable","13":"product-type-simple"},"acf":[],"_links":{"self":[{"href":"https:\/\/mexpo.eu\/de\/wp-json\/wp\/v2\/product\/61312","targetHints":{"allow":["GET"]}}],"collection":[{"href":"https:\/\/mexpo.eu\/de\/wp-json\/wp\/v2\/product"}],"about":[{"href":"https:\/\/mexpo.eu\/de\/wp-json\/wp\/v2\/types\/product"}],"wp:featuredmedia":[{"embeddable":true,"href":"https:\/\/mexpo.eu\/de\/wp-json\/wp\/v2\/media\/58110"}],"wp:attachment":[{"href":"https:\/\/mexpo.eu\/de\/wp-json\/wp\/v2\/media?parent=61312"}],"wp:term":[{"taxonomy":"product_brand","embeddable":true,"href":"https:\/\/mexpo.eu\/de\/wp-json\/wp\/v2\/product_brand?post=61312"},{"taxonomy":"product_cat","embeddable":true,"href":"https:\/\/mexpo.eu\/de\/wp-json\/wp\/v2\/product_cat?post=61312"},{"taxonomy":"product_tag","embeddable":true,"href":"https:\/\/mexpo.eu\/de\/wp-json\/wp\/v2\/product_tag?post=61312"}],"curies":[{"name":"wp","href":"https:\/\/api.w.org\/{rel}","templated":true}]}}