{"id":61311,"date":"2025-02-17T13:08:52","date_gmt":"2025-02-17T13:08:52","guid":{"rendered":"https:\/\/mexpo.pl?post_type=product&#038;p=61311"},"modified":"2025-02-17T14:47:41","modified_gmt":"2025-02-17T14:47:41","slug":"mikrofon-cm-100a-cm-22","status":"publish","type":"product","link":"https:\/\/mexpo.eu\/de\/produkt\/mikrofon-cm-100a-cm-22\/","title":{"rendered":"Mikrofon CM-100A \/ CM-22"},"content":{"rendered":"<p>Der Mikrofonkorb wurde auf einen flexiblen Korpus platziert, der in jede Richtung gebogen werden kann. So kann das Mikrofon an den Hals und die Position des Mikrofonkorbs an den Mund angepasst werden.<\/p>\n","protected":false},"excerpt":{"rendered":"<p>Die Mikrofonspitze sitzt auf einem flexiblen Kopfb\u00fcgel, der eine Biegung in jede Richtung erm\u00f6glicht. Dadurch k\u00f6nnen wir das Mikrofon an den Hals anpassen und die Position der Spitze im Verh\u00e4ltnis zum Mund anpassen.<\/p>\n","protected":false},"featured_media":48212,"template":"","meta":{"_acf_changed":false},"product_brand":[],"product_cat":[5988],"product_tag":[],"class_list":{"0":"post-61311","1":"product","2":"type-product","3":"status-publish","4":"has-post-thumbnail","6":"product_cat-mikrofone-de","8":"first","9":"instock","10":"taxable","11":"shipping-taxable","12":"purchasable","13":"product-type-simple"},"acf":[],"_links":{"self":[{"href":"https:\/\/mexpo.eu\/de\/wp-json\/wp\/v2\/product\/61311","targetHints":{"allow":["GET"]}}],"collection":[{"href":"https:\/\/mexpo.eu\/de\/wp-json\/wp\/v2\/product"}],"about":[{"href":"https:\/\/mexpo.eu\/de\/wp-json\/wp\/v2\/types\/product"}],"wp:featuredmedia":[{"embeddable":true,"href":"https:\/\/mexpo.eu\/de\/wp-json\/wp\/v2\/media\/48212"}],"wp:attachment":[{"href":"https:\/\/mexpo.eu\/de\/wp-json\/wp\/v2\/media?parent=61311"}],"wp:term":[{"taxonomy":"product_brand","embeddable":true,"href":"https:\/\/mexpo.eu\/de\/wp-json\/wp\/v2\/product_brand?post=61311"},{"taxonomy":"product_cat","embeddable":true,"href":"https:\/\/mexpo.eu\/de\/wp-json\/wp\/v2\/product_cat?post=61311"},{"taxonomy":"product_tag","embeddable":true,"href":"https:\/\/mexpo.eu\/de\/wp-json\/wp\/v2\/product_tag?post=61311"}],"curies":[{"name":"wp","href":"https:\/\/api.w.org\/{rel}","templated":true}]}}