{"id":61297,"date":"2025-02-17T13:09:16","date_gmt":"2025-02-17T13:09:16","guid":{"rendered":"https:\/\/mexpo.pl?post_type=product&#038;p=61297"},"modified":"2026-04-02T14:19:58","modified_gmt":"2026-04-02T12:19:58","slug":"einweg-kopfhorer-sj-3","status":"publish","type":"product","link":"https:\/\/mexpo.eu\/de\/produkt\/einweg-kopfhorer-sj-3\/","title":{"rendered":"Einweg-Kopfh\u00f6rer SJ-3"},"content":{"rendered":"<p><img loading=\"lazy\" decoding=\"async\" class=\"alignnone size-full wp-image-68522\" src=\"https:\/\/mexpo.eu\/wp-content\/uploads\/2025\/02\/ikona-rohs.png\" alt=\"\" width=\"32\" height=\"32\" \/>RoHS-konform \u2013 hergestellt ohne sch\u00e4dliche Substanzen. Ihre Gesundheit und der Schutz unseres Planeten liegen uns am Herzen!<\/p>\n<p>Kopfh\u00f6rer(In-Ear-Kopfh\u00f6rer), Einweg. F\u00fcr 1 Ohr &#8211; rechts oder links.<\/p>\n<p>Die SJ-3 Kopfh\u00f6rer k\u00f6nnen mit dem mGuide Pellegrino Modell und mit den meisten anderen verf\u00fcgbaren Modellen wie Okayo, Linkx, mGuide etc. verwendet werden.<\/p>\n","protected":false},"excerpt":{"rendered":"<p>Kopfh\u00f6rer, Einwegartikel. F\u00fcr 1 Ohr &#8211; rechts oder links. SJ-3-Kopfh\u00f6rer funktionieren mit dem mGuide Pellegrino-Modell und den meisten anderen verf\u00fcgbaren Modellen von Okayo, Linkx, mGuide und anderen.<\/p>\n","protected":false},"featured_media":48526,"template":"","meta":{"_acf_changed":false},"product_brand":[],"product_cat":[5996,5994],"product_tag":[],"class_list":{"0":"post-61297","1":"product","2":"type-product","3":"status-publish","4":"has-post-thumbnail","6":"product_cat-hygiene-kopfhoerer-einwegkopfhoerer-de","7":"product_cat-hygiene-kopfhoerer-einwegkopfhoerer","9":"first","10":"instock","11":"taxable","12":"shipping-taxable","13":"purchasable","14":"product-type-variable"},"acf":[],"_links":{"self":[{"href":"https:\/\/mexpo.eu\/de\/wp-json\/wp\/v2\/product\/61297","targetHints":{"allow":["GET"]}}],"collection":[{"href":"https:\/\/mexpo.eu\/de\/wp-json\/wp\/v2\/product"}],"about":[{"href":"https:\/\/mexpo.eu\/de\/wp-json\/wp\/v2\/types\/product"}],"wp:featuredmedia":[{"embeddable":true,"href":"https:\/\/mexpo.eu\/de\/wp-json\/wp\/v2\/media\/48526"}],"wp:attachment":[{"href":"https:\/\/mexpo.eu\/de\/wp-json\/wp\/v2\/media?parent=61297"}],"wp:term":[{"taxonomy":"product_brand","embeddable":true,"href":"https:\/\/mexpo.eu\/de\/wp-json\/wp\/v2\/product_brand?post=61297"},{"taxonomy":"product_cat","embeddable":true,"href":"https:\/\/mexpo.eu\/de\/wp-json\/wp\/v2\/product_cat?post=61297"},{"taxonomy":"product_tag","embeddable":true,"href":"https:\/\/mexpo.eu\/de\/wp-json\/wp\/v2\/product_tag?post=61297"}],"curies":[{"name":"wp","href":"https:\/\/api.w.org\/{rel}","templated":true}]}}